{"id":1674,"date":"2021-11-23T10:16:31","date_gmt":"2021-11-23T09:16:31","guid":{"rendered":"http:\/\/michelbonnargent.fr\/?post_type=product&#038;p=1674"},"modified":"2023-12-22T18:17:21","modified_gmt":"2023-12-22T17:17:21","slug":"la-lettre","status":"publish","type":"product","link":"https:\/\/www.michelbonnargent.fr\/accueil\/produit\/la-lettre\/","title":{"rendered":"La lettre"},"content":{"rendered":"<p>Vous pouvez acqu\u00e9rir cette chanson qui sera t\u00e9l\u00e9chargeable apr\u00e8s votre paiement.<\/p>\n<p>Merci et bonne \u00e9coute!<\/p>\n","protected":false},"excerpt":{"rendered":"<p>La lettre &#8211; mp3 320K qualit\u00e9 CD<\/p>\n","protected":false},"featured_media":1678,"comment_status":"open","ping_status":"closed","template":"","meta":[],"product_cat":[40],"product_tag":[45],"a3_pvc":{"activated":false,"total_views":0,"today_views":0},"_links":{"self":[{"href":"https:\/\/www.michelbonnargent.fr\/accueil\/wp-json\/wp\/v2\/product\/1674"}],"collection":[{"href":"https:\/\/www.michelbonnargent.fr\/accueil\/wp-json\/wp\/v2\/product"}],"about":[{"href":"https:\/\/www.michelbonnargent.fr\/accueil\/wp-json\/wp\/v2\/types\/product"}],"replies":[{"embeddable":true,"href":"https:\/\/www.michelbonnargent.fr\/accueil\/wp-json\/wp\/v2\/comments?post=1674"}],"wp:featuredmedia":[{"embeddable":true,"href":"https:\/\/www.michelbonnargent.fr\/accueil\/wp-json\/wp\/v2\/media\/1678"}],"wp:attachment":[{"href":"https:\/\/www.michelbonnargent.fr\/accueil\/wp-json\/wp\/v2\/media?parent=1674"}],"wp:term":[{"taxonomy":"product_cat","embeddable":true,"href":"https:\/\/www.michelbonnargent.fr\/accueil\/wp-json\/wp\/v2\/product_cat?post=1674"},{"taxonomy":"product_tag","embeddable":true,"href":"https:\/\/www.michelbonnargent.fr\/accueil\/wp-json\/wp\/v2\/product_tag?post=1674"}],"curies":[{"name":"wp","href":"https:\/\/api.w.org\/{rel}","templated":true}]}}