{"id":1606,"date":"2019-04-18T09:16:49","date_gmt":"2019-04-18T08:16:49","guid":{"rendered":"http:\/\/michelbonnargent.fr\/?post_type=product&#038;p=1606"},"modified":"2023-12-22T18:19:07","modified_gmt":"2023-12-22T17:19:07","slug":"jai-le-blues","status":"publish","type":"product","link":"https:\/\/www.michelbonnargent.fr\/accueil\/produit\/jai-le-blues\/","title":{"rendered":"J&rsquo;ai le blues"},"content":{"rendered":"<p>Vous pouvez acqu\u00e9rir cette chanson qui sera t\u00e9l\u00e9chargeable apr\u00e8s votre paiement.<\/p>\n<p>Merci et bonne \u00e9coute!<\/p>\n","protected":false},"excerpt":{"rendered":"<p>J&rsquo;ai le blues &#8211; mp3 320K qualit\u00e9 CD<\/p>\n","protected":false},"featured_media":1610,"comment_status":"open","ping_status":"closed","template":"","meta":[],"product_cat":[40],"product_tag":[41],"_links":{"self":[{"href":"https:\/\/www.michelbonnargent.fr\/accueil\/wp-json\/wp\/v2\/product\/1606"}],"collection":[{"href":"https:\/\/www.michelbonnargent.fr\/accueil\/wp-json\/wp\/v2\/product"}],"about":[{"href":"https:\/\/www.michelbonnargent.fr\/accueil\/wp-json\/wp\/v2\/types\/product"}],"replies":[{"embeddable":true,"href":"https:\/\/www.michelbonnargent.fr\/accueil\/wp-json\/wp\/v2\/comments?post=1606"}],"wp:featuredmedia":[{"embeddable":true,"href":"https:\/\/www.michelbonnargent.fr\/accueil\/wp-json\/wp\/v2\/media\/1610"}],"wp:attachment":[{"href":"https:\/\/www.michelbonnargent.fr\/accueil\/wp-json\/wp\/v2\/media?parent=1606"}],"wp:term":[{"taxonomy":"product_cat","embeddable":true,"href":"https:\/\/www.michelbonnargent.fr\/accueil\/wp-json\/wp\/v2\/product_cat?post=1606"},{"taxonomy":"product_tag","embeddable":true,"href":"https:\/\/www.michelbonnargent.fr\/accueil\/wp-json\/wp\/v2\/product_tag?post=1606"}],"curies":[{"name":"wp","href":"https:\/\/api.w.org\/{rel}","templated":true}]}}