{"id":795,"date":"2014-07-30T23:15:22","date_gmt":"2014-07-30T22:15:22","guid":{"rendered":"http:\/\/michelbonnargent.fr\/?page_id=795"},"modified":"2014-07-31T17:08:53","modified_gmt":"2014-07-31T16:08:53","slug":"mon-livre-dor","status":"publish","type":"page","link":"https:\/\/www.michelbonnargent.fr\/accueil\/mon-livre-dor\/","title":{"rendered":"Mon livre d&rsquo;or"},"content":{"rendered":"<p><strong>Le livre d\u2019or de mes chansons<\/strong><\/p>\n<p>Balade pour un bienheureux<br \/>\n21.07.2013 23:51 Nevine Ismail<br \/>\nCOOOOOL..Superbe !..<\/p>\n<p>Je reviendrai chez moi<br \/>\n21.07.2013 23:46 Nevine Ismail<br \/>\nC\u2019est merveilleux.Quelle magie de mots !..Quel chant chatouillant !..merci Beaucoup<\/p>\n<p>L\u2019exil\u00e9<br \/>\n29.09.2013 19:41 Olivia<br \/>\ncoucou Michel,\u2026 comment tu vas, comment vous allez ? .. whaou, super ta derni\u00e8re oeuvre.. bisous bisous<br \/>\n24.09.2013 10:34 Roy<br \/>\nJ\u2019aime beaucoup cet hommage et rechercherai des infos sur ce d\u00e9fenseur de son \u00eele qui depuis trop longtemps pourrit la vie et fait la une des journaux avec ses revendications et ses bombes\u2026Pourquoi ne pas leur rendre cette autonomie qu\u2019ils appellent \u00e0 grands cris ? On pourrait redistribuer les subventions autrement !<\/p>\n<p>Quand<br \/>\n26.09.2012 22:07 marie<br \/>\ntr\u00e8s tr\u00e8s beau , aussi bien pour les paroles que pour la musique<br \/>\n28.08.2012 10:33 G\u00e8<br \/>\nBelle m\u00e9lodie, belles paroles ! 3<\/p>\n<p>Souris-moi ce soir<br \/>\n16.10.2013 16:27 peterken<br \/>\nTr\u00e8s beau texte joliment interpr\u00e9t\u00e9. Bravo.<br \/>\n28.09.2012 16:40 Lemonnier<br \/>\nTr\u00e8s beau \u2026.La position va j\u2019en suis certaine remonter <img decoding=\"async\" class=\"wp-smiley\" src=\"http:\/\/michelbonnargent.fr\/wp-includes\/images\/smilies\/icon_smile.gif\" alt=\":-)\" \/> Bravo pour le texte \u2026merci po\u00e8te Solen<br \/>\n26.09.2012 22:24 marie<br \/>\ntr\u00e8s beau !<br \/>\n12.09.2012 21:48 Elizabeth Spradbery<br \/>\nFormidable ! Merci.<\/p>\n<p>Souviens-toi<br \/>\n28.03.2013 06:25 Courbon Andr\u00e9<br \/>\nQue du bonheur. Salut Michel. Gaston<br \/>\nInspir\u2019passion<br \/>\n12.09.2013 12:22 G\u00e8<br \/>\nMoi aussi j\u2019adore ! A bient\u00f4t en vrai\u2026<br \/>\n01.10.2012 17:56 soleneve<br \/>\nJ\u2019adore ce morceau , paroles et musique \u2026.Bonne chance Michel .. Solen<\/p>\n<p>La virgule<br \/>\n23.04.2014 14:12 Plamont Yves<br \/>\nUn grand merci Michel pour cette belle chanson.<\/p>\n<\/div>\n<p><strong>Le livre d\u2019or des vid\u00e9os<\/strong><\/p>\n<p>Une vie<br \/>\n21.07.2013 23:56 Nevine Ismail<br \/>\nSuperbe..<\/p>\n<p>Mes chansons lors du Ryth\u2019m and co 2013<br \/>\n26.04.2013 02:05 Lilian<br \/>\nFinndig this post. It\u2019s just a big piece of luck for me.<\/p>\n<p>12.02.2013 16:40 M.Roy<br \/>\nAh, \u00e7a fait plaisir de te re-voir et entendre, m\u00eame si la qualit\u00e9 de l\u2019enregistrement laisse \u00e0 d\u00e9sirer. Dans un mois, \u00e0 notre tour nous serons dans le Limousin gr\u00e2ce \u00e0 une cousine de JPB. Le samedi soir ns donnerons un concert. Bises et \u00e0 +<\/p>\n<\/div>\n<div class=\"pvc_clear\"><\/div>\n<p id=\"pvc_stats_795\" class=\"pvc_stats all  \" data-element-id=\"795\" style=\"\"><i class=\"pvc-stats-icon medium\" aria-hidden=\"true\"><svg aria-hidden=\"true\" focusable=\"false\" data-prefix=\"far\" data-icon=\"chart-bar\" role=\"img\" xmlns=\"http:\/\/www.w3.org\/2000\/svg\" viewBox=\"0 0 512 512\" class=\"svg-inline--fa fa-chart-bar fa-w-16 fa-2x\"><path fill=\"currentColor\" d=\"M396.8 352h22.4c6.4 0 12.8-6.4 12.8-12.8V108.8c0-6.4-6.4-12.8-12.8-12.8h-22.4c-6.4 0-12.8 6.4-12.8 12.8v230.4c0 6.4 6.4 12.8 12.8 12.8zm-192 0h22.4c6.4 0 12.8-6.4 12.8-12.8V140.8c0-6.4-6.4-12.8-12.8-12.8h-22.4c-6.4 0-12.8 6.4-12.8 12.8v198.4c0 6.4 6.4 12.8 12.8 12.8zm96 0h22.4c6.4 0 12.8-6.4 12.8-12.8V204.8c0-6.4-6.4-12.8-12.8-12.8h-22.4c-6.4 0-12.8 6.4-12.8 12.8v134.4c0 6.4 6.4 12.8 12.8 12.8zM496 400H48V80c0-8.84-7.16-16-16-16H16C7.16 64 0 71.16 0 80v336c0 17.67 14.33 32 32 32h464c8.84 0 16-7.16 16-16v-16c0-8.84-7.16-16-16-16zm-387.2-48h22.4c6.4 0 12.8-6.4 12.8-12.8v-70.4c0-6.4-6.4-12.8-12.8-12.8h-22.4c-6.4 0-12.8 6.4-12.8 12.8v70.4c0 6.4 6.4 12.8 12.8 12.8z\" class=\"\"><\/path><\/svg><\/i> <img decoding=\"async\" loading=\"lazy\" width=\"16\" height=\"16\" alt=\"Loading\" src=\"https:\/\/www.michelbonnargent.fr\/wp-content\/plugins\/page-views-count\/ajax-loader-2x.gif\" border=0 \/><\/p>\n<div class=\"pvc_clear\"><\/div>\n","protected":false},"excerpt":{"rendered":"<p>Le livre d\u2019or de mes chansons Balade pour un bienheureux 21.07.2013 23:51 Nevine Ismail COOOOOL..Superbe !.. Je reviendrai chez moi 21.07.2013 23:46 Nevine Ismail C\u2019est merveilleux.Quelle magie de mots !..Quel chant chatouillant !..merci Beaucoup L\u2019exil\u00e9 29.09.2013 19:41 Olivia coucou Michel,\u2026 comment tu vas, comment vous allez ? .. whaou, super ta derni\u00e8re oeuvre.. bisous bisous [&hellip;]<\/p>\n<div class=\"pvc_clear\"><\/div>\n<p id=\"pvc_stats_795\" class=\"pvc_stats all  \" data-element-id=\"795\" style=\"\"><i class=\"pvc-stats-icon medium\" aria-hidden=\"true\"><svg aria-hidden=\"true\" focusable=\"false\" data-prefix=\"far\" data-icon=\"chart-bar\" role=\"img\" xmlns=\"http:\/\/www.w3.org\/2000\/svg\" viewBox=\"0 0 512 512\" class=\"svg-inline--fa fa-chart-bar fa-w-16 fa-2x\"><path fill=\"currentColor\" d=\"M396.8 352h22.4c6.4 0 12.8-6.4 12.8-12.8V108.8c0-6.4-6.4-12.8-12.8-12.8h-22.4c-6.4 0-12.8 6.4-12.8 12.8v230.4c0 6.4 6.4 12.8 12.8 12.8zm-192 0h22.4c6.4 0 12.8-6.4 12.8-12.8V140.8c0-6.4-6.4-12.8-12.8-12.8h-22.4c-6.4 0-12.8 6.4-12.8 12.8v198.4c0 6.4 6.4 12.8 12.8 12.8zm96 0h22.4c6.4 0 12.8-6.4 12.8-12.8V204.8c0-6.4-6.4-12.8-12.8-12.8h-22.4c-6.4 0-12.8 6.4-12.8 12.8v134.4c0 6.4 6.4 12.8 12.8 12.8zM496 400H48V80c0-8.84-7.16-16-16-16H16C7.16 64 0 71.16 0 80v336c0 17.67 14.33 32 32 32h464c8.84 0 16-7.16 16-16v-16c0-8.84-7.16-16-16-16zm-387.2-48h22.4c6.4 0 12.8-6.4 12.8-12.8v-70.4c0-6.4-6.4-12.8-12.8-12.8h-22.4c-6.4 0-12.8 6.4-12.8 12.8v70.4c0 6.4 6.4 12.8 12.8 12.8z\" class=\"\"><\/path><\/svg><\/i> <img decoding=\"async\" loading=\"lazy\" width=\"16\" height=\"16\" alt=\"Loading\" src=\"https:\/\/www.michelbonnargent.fr\/wp-content\/plugins\/page-views-count\/ajax-loader-2x.gif\" border=0 \/><\/p>\n<div class=\"pvc_clear\"><\/div>\n","protected":false},"author":1,"featured_media":0,"parent":0,"menu_order":0,"comment_status":"open","ping_status":"open","template":"","meta":{"footnotes":""},"a3_pvc":{"activated":true,"total_views":358,"today_views":0},"_links":{"self":[{"href":"https:\/\/www.michelbonnargent.fr\/accueil\/wp-json\/wp\/v2\/pages\/795"}],"collection":[{"href":"https:\/\/www.michelbonnargent.fr\/accueil\/wp-json\/wp\/v2\/pages"}],"about":[{"href":"https:\/\/www.michelbonnargent.fr\/accueil\/wp-json\/wp\/v2\/types\/page"}],"author":[{"embeddable":true,"href":"https:\/\/www.michelbonnargent.fr\/accueil\/wp-json\/wp\/v2\/users\/1"}],"replies":[{"embeddable":true,"href":"https:\/\/www.michelbonnargent.fr\/accueil\/wp-json\/wp\/v2\/comments?post=795"}],"version-history":[{"count":8,"href":"https:\/\/www.michelbonnargent.fr\/accueil\/wp-json\/wp\/v2\/pages\/795\/revisions"}],"predecessor-version":[{"id":807,"href":"https:\/\/www.michelbonnargent.fr\/accueil\/wp-json\/wp\/v2\/pages\/795\/revisions\/807"}],"wp:attachment":[{"href":"https:\/\/www.michelbonnargent.fr\/accueil\/wp-json\/wp\/v2\/media?parent=795"}],"curies":[{"name":"wp","href":"https:\/\/api.w.org\/{rel}","templated":true}]}}