{"id":62,"date":"2014-07-05T16:25:53","date_gmt":"2014-07-05T15:25:53","guid":{"rendered":"http:\/\/michelbonnargent.fr\/?page_id=62"},"modified":"2017-01-22T18:47:29","modified_gmt":"2017-01-22T17:47:29","slug":"paroles-en-compose","status":"publish","type":"page","link":"https:\/\/www.michelbonnargent.fr\/accueil\/paroles-en-compose\/","title":{"rendered":"paroles en compos\u00e9"},"content":{"rendered":"<p><span style=\"color: #999999;\">Habitu\u00e9 \u00e0 composer et \u00e9crire ses chansons lui-m\u00eame, Michel a, par la suite, compos\u00e9 et interpr\u00e9t\u00e9 pour des auteurs et po\u00e8tes (\u00e0 d\u00e9couvrir dans la page <a title=\"chansons\" href=\"http:\/\/michelbonnargent.fr\/?page_id=27\"><span style=\"color: #999999;\">chansons<\/span><\/a> ).<\/span><br \/>\n<span style=\"color: #999999;\"> Le troisi\u00e8me volet du tryptique, non explor\u00e9 jusqu&rsquo;en 2014, consistait \u00e0 \u00e9crire pour des compositeurs interpr\u00e8tes.<\/span><br \/>\n<span style=\"color: #999999;\"> Voil\u00e0, c&rsquo;est chose faite gr\u00e2ce \u00e0 S\u00e9bastien CARTIER, auteur compositeur et interpr\u00e8te, qui lui a demand\u00e9 de mettre en paroles sa musique.<\/span><br \/>\n<span style=\"color: #999999;\"> Cela a donn\u00e9 naissance \u00e0 \u00ab\u00a0rien ne sera plus comme avant\u00a0\u00bb.<\/span><\/p>\n<p>Depuis, il \u00e9crit pour d&rsquo;autres artistes, souvent en collaboration avec Michel Miot pour la musique.<span style=\"color: #999999;\"><br \/>\n<\/span><\/p>\n<p><span style=\"color: #999999;\">Rien ne sera plus comme avant &#8211; musique et interpr\u00e9tation de S\u00e9bastien CARTIER<\/span><\/p>\n<!--[if lt IE 9]><script>document.createElement('audio');<\/script><![endif]-->\n<audio class=\"wp-audio-shortcode\" id=\"audio-62-1\" autoplay=\"1\" preload=\"none\" style=\"width: 100%;\" controls=\"controls\"><source type=\"audio\/mpeg\" src=\"http:\/\/michelbonnargent.fr\/wp-content\/uploads\/2014\/07\/rien-ne-sera-comme-avant.mp3?_=1\" \/><a href=\"http:\/\/michelbonnargent.fr\/wp-content\/uploads\/2014\/07\/rien-ne-sera-comme-avant.mp3\">http:\/\/michelbonnargent.fr\/wp-content\/uploads\/2014\/07\/rien-ne-sera-comme-avant.mp3<\/a><\/audio>\n<div class=\"pvc_clear\"><\/div>\n<p id=\"pvc_stats_62\" class=\"pvc_stats all  \" data-element-id=\"62\" style=\"\"><i class=\"pvc-stats-icon medium\" aria-hidden=\"true\"><svg aria-hidden=\"true\" focusable=\"false\" data-prefix=\"far\" data-icon=\"chart-bar\" role=\"img\" xmlns=\"http:\/\/www.w3.org\/2000\/svg\" viewBox=\"0 0 512 512\" class=\"svg-inline--fa fa-chart-bar fa-w-16 fa-2x\"><path fill=\"currentColor\" d=\"M396.8 352h22.4c6.4 0 12.8-6.4 12.8-12.8V108.8c0-6.4-6.4-12.8-12.8-12.8h-22.4c-6.4 0-12.8 6.4-12.8 12.8v230.4c0 6.4 6.4 12.8 12.8 12.8zm-192 0h22.4c6.4 0 12.8-6.4 12.8-12.8V140.8c0-6.4-6.4-12.8-12.8-12.8h-22.4c-6.4 0-12.8 6.4-12.8 12.8v198.4c0 6.4 6.4 12.8 12.8 12.8zm96 0h22.4c6.4 0 12.8-6.4 12.8-12.8V204.8c0-6.4-6.4-12.8-12.8-12.8h-22.4c-6.4 0-12.8 6.4-12.8 12.8v134.4c0 6.4 6.4 12.8 12.8 12.8zM496 400H48V80c0-8.84-7.16-16-16-16H16C7.16 64 0 71.16 0 80v336c0 17.67 14.33 32 32 32h464c8.84 0 16-7.16 16-16v-16c0-8.84-7.16-16-16-16zm-387.2-48h22.4c6.4 0 12.8-6.4 12.8-12.8v-70.4c0-6.4-6.4-12.8-12.8-12.8h-22.4c-6.4 0-12.8 6.4-12.8 12.8v70.4c0 6.4 6.4 12.8 12.8 12.8z\" class=\"\"><\/path><\/svg><\/i> <img decoding=\"async\" loading=\"lazy\" width=\"16\" height=\"16\" alt=\"Loading\" src=\"https:\/\/www.michelbonnargent.fr\/wp-content\/plugins\/page-views-count\/ajax-loader-2x.gif\" border=0 \/><\/p>\n<div class=\"pvc_clear\"><\/div>\n","protected":false},"excerpt":{"rendered":"<p>Habitu\u00e9 \u00e0 composer et \u00e9crire ses chansons lui-m\u00eame, Michel a, par la suite, compos\u00e9 et interpr\u00e9t\u00e9 pour des auteurs et po\u00e8tes (\u00e0 d\u00e9couvrir dans la page chansons ). Le troisi\u00e8me volet du tryptique, non explor\u00e9 jusqu&rsquo;en 2014, consistait \u00e0 \u00e9crire pour des compositeurs interpr\u00e8tes. Voil\u00e0, c&rsquo;est chose faite gr\u00e2ce \u00e0 S\u00e9bastien CARTIER, auteur compositeur et [&hellip;]<\/p>\n<div class=\"pvc_clear\"><\/div>\n<p id=\"pvc_stats_62\" class=\"pvc_stats all  \" data-element-id=\"62\" style=\"\"><i class=\"pvc-stats-icon medium\" aria-hidden=\"true\"><svg aria-hidden=\"true\" focusable=\"false\" data-prefix=\"far\" data-icon=\"chart-bar\" role=\"img\" xmlns=\"http:\/\/www.w3.org\/2000\/svg\" viewBox=\"0 0 512 512\" class=\"svg-inline--fa fa-chart-bar fa-w-16 fa-2x\"><path fill=\"currentColor\" d=\"M396.8 352h22.4c6.4 0 12.8-6.4 12.8-12.8V108.8c0-6.4-6.4-12.8-12.8-12.8h-22.4c-6.4 0-12.8 6.4-12.8 12.8v230.4c0 6.4 6.4 12.8 12.8 12.8zm-192 0h22.4c6.4 0 12.8-6.4 12.8-12.8V140.8c0-6.4-6.4-12.8-12.8-12.8h-22.4c-6.4 0-12.8 6.4-12.8 12.8v198.4c0 6.4 6.4 12.8 12.8 12.8zm96 0h22.4c6.4 0 12.8-6.4 12.8-12.8V204.8c0-6.4-6.4-12.8-12.8-12.8h-22.4c-6.4 0-12.8 6.4-12.8 12.8v134.4c0 6.4 6.4 12.8 12.8 12.8zM496 400H48V80c0-8.84-7.16-16-16-16H16C7.16 64 0 71.16 0 80v336c0 17.67 14.33 32 32 32h464c8.84 0 16-7.16 16-16v-16c0-8.84-7.16-16-16-16zm-387.2-48h22.4c6.4 0 12.8-6.4 12.8-12.8v-70.4c0-6.4-6.4-12.8-12.8-12.8h-22.4c-6.4 0-12.8 6.4-12.8 12.8v70.4c0 6.4 6.4 12.8 12.8 12.8z\" class=\"\"><\/path><\/svg><\/i> <img decoding=\"async\" loading=\"lazy\" width=\"16\" height=\"16\" alt=\"Loading\" src=\"https:\/\/www.michelbonnargent.fr\/wp-content\/plugins\/page-views-count\/ajax-loader-2x.gif\" border=0 \/><\/p>\n<div class=\"pvc_clear\"><\/div>\n","protected":false},"author":1,"featured_media":0,"parent":0,"menu_order":0,"comment_status":"open","ping_status":"open","template":"","meta":{"footnotes":""},"a3_pvc":{"activated":true,"total_views":570,"today_views":1},"_links":{"self":[{"href":"https:\/\/www.michelbonnargent.fr\/accueil\/wp-json\/wp\/v2\/pages\/62"}],"collection":[{"href":"https:\/\/www.michelbonnargent.fr\/accueil\/wp-json\/wp\/v2\/pages"}],"about":[{"href":"https:\/\/www.michelbonnargent.fr\/accueil\/wp-json\/wp\/v2\/types\/page"}],"author":[{"embeddable":true,"href":"https:\/\/www.michelbonnargent.fr\/accueil\/wp-json\/wp\/v2\/users\/1"}],"replies":[{"embeddable":true,"href":"https:\/\/www.michelbonnargent.fr\/accueil\/wp-json\/wp\/v2\/comments?post=62"}],"version-history":[{"count":9,"href":"https:\/\/www.michelbonnargent.fr\/accueil\/wp-json\/wp\/v2\/pages\/62\/revisions"}],"predecessor-version":[{"id":1241,"href":"https:\/\/www.michelbonnargent.fr\/accueil\/wp-json\/wp\/v2\/pages\/62\/revisions\/1241"}],"wp:attachment":[{"href":"https:\/\/www.michelbonnargent.fr\/accueil\/wp-json\/wp\/v2\/media?parent=62"}],"curies":[{"name":"wp","href":"https:\/\/api.w.org\/{rel}","templated":true}]}}