{"id":59,"date":"2014-07-05T16:18:02","date_gmt":"2014-07-05T15:18:02","guid":{"rendered":"http:\/\/michelbonnargent.fr\/?page_id=59"},"modified":"2023-04-26T16:30:21","modified_gmt":"2023-04-26T15:30:21","slug":"quelques-liens","status":"publish","type":"page","link":"https:\/\/www.michelbonnargent.fr\/accueil\/quelques-liens\/","title":{"rendered":"quelques liens"},"content":{"rendered":"<h2><span style=\"color: #999999;\">\u00e9coutez \u00e9galement Michel Bonnargent<\/span><\/h2>\n<h2><span style=\"color: #999999;\"><span style=\"font-size: 16px;\">sur Easyzic<\/span><\/span><\/h2>\n<div class=\"sidepicture\">\n<div class=\"pictureframe\"><img decoding=\"async\" loading=\"lazy\" class=\"alignnone size-full wp-image-1789\" src=\"http:\/\/michelbonnargent.fr\/wp-content\/uploads\/2023\/04\/easyzic_156.gif\" alt=\"\" width=\"156\" height=\"44\" \/><\/div>\n<\/div>\n<p><span style=\"color: #999999;\"><a title=\"\" href=\"http:\/\/www.easyzic.com\/annuaire\/groupes\/michel-bonnargent,301.html\" target=\"_blank\" rel=\"noopener\"><span style=\"color: #999999;\">http:\/\/www.easyzic.com\/annuaire\/groupes\/michel-bonnargent,301.html<\/span><\/a><\/span><\/p>\n<p><span style=\"color: #999999;\">\u00a0<\/span><\/p>\n<h2><span style=\"color: #999999;\">autres liens musicaux<\/span><\/h2>\n<p><span style=\"color: #999999;\"><a title=\"\" href=\"http:\/\/www.plamont.net\/\" target=\"_blank\" rel=\"noopener\"><span style=\"color: #999999;\">Yves PLAMONT &#8211; parolier professionnel<\/span><\/a><\/span><\/p>\n<p><span style=\"color: #999999;\"><a title=\"\" href=\"http:\/\/www.jeanpaulorcel.com\/\" target=\"_blank\" rel=\"noopener\"><span style=\"color: #999999;\">Jean-Paul ORCEL &#8211; auteur compositeur interpr\u00e8te<\/span><\/a><\/span><\/p>\n<p><span style=\"color: #999999;\"><a href=\"http:\/\/www.bordeaux-gospel-academy.com\/\"><span style=\"color: #999999;\">Bordeaux Gospel Academy<\/span><\/a><\/span><\/p>\n<p><span style=\"color: #999999;\"><a title=\"\" href=\"http:\/\/michel.bonnargent.free.fr\/site%20de%20cantoria\" target=\"_blank\" rel=\"noopener\"><span style=\"color: #999999;\">La chorale Cantoria de Villaines-les-Rochers<\/span><\/a><\/span><\/p>\n<p><span style=\"color: #999999;\"><a title=\"\" href=\"http:\/\/oullie.e-monsite.com\/\" target=\"_blank\" rel=\"noopener\"><span style=\"color: #999999;\">Richard Ouill\u00e9 &#8211; chanteur, sculpteur et po\u00e8te<\/span><\/a><\/span><\/p>\n<h2><\/h2>\n<h2><span style=\"color: #999999;\">autres liens divers<\/span><\/h2>\n<p><span style=\"color: #999999;\"><a title=\"\" href=\"http:\/\/www.evedelaudec.fr\" target=\"_blank\" rel=\"noopener\"><span style=\"color: #999999;\">le site \u00ab\u00a0l&#8217;emplume et l&rsquo;\u00e9cri\u00e9\u00a0\u00bb d&rsquo;Eve de Laudec\u00a0\u00bb<\/span><\/a><\/span><\/p>\n<p><span style=\"color: #999999;\"><a href=\"https:\/\/krystin-vesteralen-auteur.jimdo.com\/\" target=\"_blank\" rel=\"noopener\"><span style=\"color: #999999;\">Krystin Vester\u00e4len &#8211; conteuse et auteur<\/span><\/a><\/span><\/p>\n<p><span style=\"color: #999999;\"><a title=\"\" href=\"http:\/\/michel.bonnargent.free.fr\/site_moto\/index.htm\" target=\"_blank\" rel=\"noopener\"><span style=\"color: #999999;\">la\u00a0 passion de Michel pour les rallyes moto<\/span><\/a><\/span><\/p>\n<div class=\"pvc_clear\"><\/div>\n<p id=\"pvc_stats_59\" class=\"pvc_stats all  \" data-element-id=\"59\" style=\"\"><i class=\"pvc-stats-icon medium\" aria-hidden=\"true\"><svg aria-hidden=\"true\" focusable=\"false\" data-prefix=\"far\" data-icon=\"chart-bar\" role=\"img\" xmlns=\"http:\/\/www.w3.org\/2000\/svg\" viewBox=\"0 0 512 512\" class=\"svg-inline--fa fa-chart-bar fa-w-16 fa-2x\"><path fill=\"currentColor\" d=\"M396.8 352h22.4c6.4 0 12.8-6.4 12.8-12.8V108.8c0-6.4-6.4-12.8-12.8-12.8h-22.4c-6.4 0-12.8 6.4-12.8 12.8v230.4c0 6.4 6.4 12.8 12.8 12.8zm-192 0h22.4c6.4 0 12.8-6.4 12.8-12.8V140.8c0-6.4-6.4-12.8-12.8-12.8h-22.4c-6.4 0-12.8 6.4-12.8 12.8v198.4c0 6.4 6.4 12.8 12.8 12.8zm96 0h22.4c6.4 0 12.8-6.4 12.8-12.8V204.8c0-6.4-6.4-12.8-12.8-12.8h-22.4c-6.4 0-12.8 6.4-12.8 12.8v134.4c0 6.4 6.4 12.8 12.8 12.8zM496 400H48V80c0-8.84-7.16-16-16-16H16C7.16 64 0 71.16 0 80v336c0 17.67 14.33 32 32 32h464c8.84 0 16-7.16 16-16v-16c0-8.84-7.16-16-16-16zm-387.2-48h22.4c6.4 0 12.8-6.4 12.8-12.8v-70.4c0-6.4-6.4-12.8-12.8-12.8h-22.4c-6.4 0-12.8 6.4-12.8 12.8v70.4c0 6.4 6.4 12.8 12.8 12.8z\" class=\"\"><\/path><\/svg><\/i> <img decoding=\"async\" loading=\"lazy\" width=\"16\" height=\"16\" alt=\"Loading\" src=\"https:\/\/www.michelbonnargent.fr\/wp-content\/plugins\/page-views-count\/ajax-loader-2x.gif\" border=0 \/><\/p>\n<div class=\"pvc_clear\"><\/div>\n","protected":false},"excerpt":{"rendered":"<p>\u00e9coutez \u00e9galement Michel Bonnargent sur Easyzic http:\/\/www.easyzic.com\/annuaire\/groupes\/michel-bonnargent,301.html \u00a0 autres liens musicaux Yves PLAMONT &#8211; parolier professionnel Jean-Paul ORCEL &#8211; auteur compositeur interpr\u00e8te Bordeaux Gospel Academy La chorale Cantoria de Villaines-les-Rochers Richard Ouill\u00e9 &#8211; chanteur, sculpteur et po\u00e8te autres liens divers le site \u00ab\u00a0l&#8217;emplume et l&rsquo;\u00e9cri\u00e9\u00a0\u00bb d&rsquo;Eve de Laudec\u00a0\u00bb Krystin Vester\u00e4len &#8211; conteuse et auteur la\u00a0 [&hellip;]<\/p>\n<div class=\"pvc_clear\"><\/div>\n<p id=\"pvc_stats_59\" class=\"pvc_stats all  \" data-element-id=\"59\" style=\"\"><i class=\"pvc-stats-icon medium\" aria-hidden=\"true\"><svg aria-hidden=\"true\" focusable=\"false\" data-prefix=\"far\" data-icon=\"chart-bar\" role=\"img\" xmlns=\"http:\/\/www.w3.org\/2000\/svg\" viewBox=\"0 0 512 512\" class=\"svg-inline--fa fa-chart-bar fa-w-16 fa-2x\"><path fill=\"currentColor\" d=\"M396.8 352h22.4c6.4 0 12.8-6.4 12.8-12.8V108.8c0-6.4-6.4-12.8-12.8-12.8h-22.4c-6.4 0-12.8 6.4-12.8 12.8v230.4c0 6.4 6.4 12.8 12.8 12.8zm-192 0h22.4c6.4 0 12.8-6.4 12.8-12.8V140.8c0-6.4-6.4-12.8-12.8-12.8h-22.4c-6.4 0-12.8 6.4-12.8 12.8v198.4c0 6.4 6.4 12.8 12.8 12.8zm96 0h22.4c6.4 0 12.8-6.4 12.8-12.8V204.8c0-6.4-6.4-12.8-12.8-12.8h-22.4c-6.4 0-12.8 6.4-12.8 12.8v134.4c0 6.4 6.4 12.8 12.8 12.8zM496 400H48V80c0-8.84-7.16-16-16-16H16C7.16 64 0 71.16 0 80v336c0 17.67 14.33 32 32 32h464c8.84 0 16-7.16 16-16v-16c0-8.84-7.16-16-16-16zm-387.2-48h22.4c6.4 0 12.8-6.4 12.8-12.8v-70.4c0-6.4-6.4-12.8-12.8-12.8h-22.4c-6.4 0-12.8 6.4-12.8 12.8v70.4c0 6.4 6.4 12.8 12.8 12.8z\" class=\"\"><\/path><\/svg><\/i> <img decoding=\"async\" loading=\"lazy\" width=\"16\" height=\"16\" alt=\"Loading\" src=\"https:\/\/www.michelbonnargent.fr\/wp-content\/plugins\/page-views-count\/ajax-loader-2x.gif\" border=0 \/><\/p>\n<div class=\"pvc_clear\"><\/div>\n","protected":false},"author":1,"featured_media":0,"parent":0,"menu_order":0,"comment_status":"open","ping_status":"open","template":"","meta":{"footnotes":""},"a3_pvc":{"activated":true,"total_views":366,"today_views":0},"_links":{"self":[{"href":"https:\/\/www.michelbonnargent.fr\/accueil\/wp-json\/wp\/v2\/pages\/59"}],"collection":[{"href":"https:\/\/www.michelbonnargent.fr\/accueil\/wp-json\/wp\/v2\/pages"}],"about":[{"href":"https:\/\/www.michelbonnargent.fr\/accueil\/wp-json\/wp\/v2\/types\/page"}],"author":[{"embeddable":true,"href":"https:\/\/www.michelbonnargent.fr\/accueil\/wp-json\/wp\/v2\/users\/1"}],"replies":[{"embeddable":true,"href":"https:\/\/www.michelbonnargent.fr\/accueil\/wp-json\/wp\/v2\/comments?post=59"}],"version-history":[{"count":12,"href":"https:\/\/www.michelbonnargent.fr\/accueil\/wp-json\/wp\/v2\/pages\/59\/revisions"}],"predecessor-version":[{"id":1790,"href":"https:\/\/www.michelbonnargent.fr\/accueil\/wp-json\/wp\/v2\/pages\/59\/revisions\/1790"}],"wp:attachment":[{"href":"https:\/\/www.michelbonnargent.fr\/accueil\/wp-json\/wp\/v2\/media?parent=59"}],"curies":[{"name":"wp","href":"https:\/\/api.w.org\/{rel}","templated":true}]}}