{"id":56,"date":"2014-07-05T16:16:49","date_gmt":"2014-07-05T15:16:49","guid":{"rendered":"http:\/\/michelbonnargent.fr\/?page_id=56"},"modified":"2023-04-26T10:37:39","modified_gmt":"2023-04-26T09:37:39","slug":"presse","status":"publish","type":"page","link":"https:\/\/www.michelbonnargent.fr\/accueil\/presse\/","title":{"rendered":"presse"},"content":{"rendered":"<h2><span style=\"color: #999999;\">Librairie des Halles \u00e0 Niort<\/span><\/h2>\n<table class=\"cells\" width=\"100%\">\n<tbody>\n<tr>\n<td class=\"cell\" align=\"left\" valign=\"top\" width=\"33%\"><a href=\"http:\/\/michelbonnargent.fr\/wp-content\/uploads\/2023\/04\/initiales.jpg\" target=\"_blank\" rel=\"noopener\"><img decoding=\"async\" loading=\"lazy\" class=\"alignnone wp-image-1733 size-medium\" src=\"http:\/\/michelbonnargent.fr\/wp-content\/uploads\/2023\/04\/initiales-300x199.jpg\" alt=\"\" width=\"300\" height=\"199\" srcset=\"https:\/\/www.michelbonnargent.fr\/wp-content\/uploads\/2023\/04\/initiales-300x199.jpg 300w, https:\/\/www.michelbonnargent.fr\/wp-content\/uploads\/2023\/04\/initiales-400x265.jpg 400w, https:\/\/www.michelbonnargent.fr\/wp-content\/uploads\/2023\/04\/initiales.jpg 669w\" sizes=\"(max-width: 300px) 100vw, 300px\" \/><\/a><\/td>\n<td class=\"cell\" align=\"left\" valign=\"top\" width=\"33%\"><span style=\"color: #999999;\">Belle r\u00e9ussite \u00e0 Niort pour la 2\u00e8me \u00e9dition de \u00ab\u00a0la po\u00e9sie se joue des mots\u00a0\u00bb \u00e0 la librairie des Halles. Salle pleine et tr\u00e8s \u00e0 l&rsquo;\u00e9coute de la po\u00e9sie et de la chanson, un grand plaisir partag\u00e9 entre Eve de Laudec, le public et Michel Bonnargent. Merci \u00e0 Anne-Marie pour son accueil chaleureux!<\/span><\/td>\n<td class=\"cell\" align=\"left\" valign=\"top\" width=\"34%\"><a href=\"http:\/\/michelbonnargent.fr\/wp-content\/uploads\/2023\/04\/vivreaniort.jpg\" target=\"_blank\" rel=\"noopener\"><img decoding=\"async\" loading=\"lazy\" class=\"alignnone wp-image-1735 size-full\" src=\"http:\/\/michelbonnargent.fr\/wp-content\/uploads\/2023\/04\/vivreaniort.jpg\" alt=\"\" width=\"1002\" height=\"734\" srcset=\"https:\/\/www.michelbonnargent.fr\/wp-content\/uploads\/2023\/04\/vivreaniort.jpg 1002w, https:\/\/www.michelbonnargent.fr\/wp-content\/uploads\/2023\/04\/vivreaniort-400x293.jpg 400w, https:\/\/www.michelbonnargent.fr\/wp-content\/uploads\/2023\/04\/vivreaniort-300x220.jpg 300w, https:\/\/www.michelbonnargent.fr\/wp-content\/uploads\/2023\/04\/vivreaniort-768x563.jpg 768w\" sizes=\"(max-width: 1002px) 100vw, 1002px\" \/><\/a><\/td>\n<\/tr>\n<tr>\n<td class=\"cell\" align=\"left\" valign=\"top\" width=\"33%\"><a href=\"http:\/\/michelbonnargent.fr\/wp-content\/uploads\/2023\/04\/centrelivre-lecturepoitoucharentes.jpg\" target=\"_blank\" rel=\"noopener\"><img decoding=\"async\" loading=\"lazy\" class=\"alignnone wp-image-1736 size-medium\" src=\"http:\/\/michelbonnargent.fr\/wp-content\/uploads\/2023\/04\/centrelivre-lecturepoitoucharentes-248x300.jpg\" alt=\"\" width=\"248\" height=\"300\" srcset=\"https:\/\/www.michelbonnargent.fr\/wp-content\/uploads\/2023\/04\/centrelivre-lecturepoitoucharentes-248x300.jpg 248w, https:\/\/www.michelbonnargent.fr\/wp-content\/uploads\/2023\/04\/centrelivre-lecturepoitoucharentes-400x483.jpg 400w, https:\/\/www.michelbonnargent.fr\/wp-content\/uploads\/2023\/04\/centrelivre-lecturepoitoucharentes.jpg 689w\" sizes=\"(max-width: 248px) 100vw, 248px\" \/><\/a><\/td>\n<td class=\"cell\" align=\"left\" valign=\"top\" width=\"33%\"><a href=\"http:\/\/michelbonnargent.fr\/wp-content\/uploads\/2023\/04\/img_4298.jpg\" target=\"_blank\" rel=\"noopener\"><img decoding=\"async\" loading=\"lazy\" class=\"alignnone wp-image-1737 size-medium\" src=\"http:\/\/michelbonnargent.fr\/wp-content\/uploads\/2023\/04\/img_4298-225x300.jpg\" alt=\"\" width=\"225\" height=\"300\" srcset=\"https:\/\/www.michelbonnargent.fr\/wp-content\/uploads\/2023\/04\/img_4298-225x300.jpg 225w, https:\/\/www.michelbonnargent.fr\/wp-content\/uploads\/2023\/04\/img_4298-400x533.jpg 400w, https:\/\/www.michelbonnargent.fr\/wp-content\/uploads\/2023\/04\/img_4298.jpg 480w\" sizes=\"(max-width: 225px) 100vw, 225px\" \/><\/a><\/td>\n<td class=\"cell\" align=\"left\" valign=\"top\" width=\"34%\"><a href=\"http:\/\/michelbonnargent.fr\/wp-content\/uploads\/2023\/04\/nr30032013.jpg\" target=\"_blank\" rel=\"noopener\"><img decoding=\"async\" loading=\"lazy\" class=\"alignnone wp-image-1738 size-medium\" src=\"http:\/\/michelbonnargent.fr\/wp-content\/uploads\/2023\/04\/nr30032013-300x187.jpg\" alt=\"\" width=\"300\" height=\"187\" srcset=\"https:\/\/www.michelbonnargent.fr\/wp-content\/uploads\/2023\/04\/nr30032013-300x187.jpg 300w, https:\/\/www.michelbonnargent.fr\/wp-content\/uploads\/2023\/04\/nr30032013-400x250.jpg 400w, https:\/\/www.michelbonnargent.fr\/wp-content\/uploads\/2023\/04\/nr30032013.jpg 535w\" sizes=\"(max-width: 300px) 100vw, 300px\" \/><\/a><\/td>\n<\/tr>\n<\/tbody>\n<\/table>\n<h2><span style=\"color: #999999;\"><a name=\"580426a086141d704\"><\/a>Ipaginablog<\/span><\/h2>\n<p><span style=\"color: #999999;\">Juin 2012 &#8211; cr\u00e9ations crois\u00e9es sur ipaginationblog.com, \u00e0 lire sur <a title=\"\" href=\"http:\/\/www.ipaginablog.com\/archives\/category\/creations-croisees\" target=\"_blank\" rel=\"noopener\"><span style=\"color: #999999;\">http:\/\/www.ipaginablog.com\/archives\/category\/creations-croisees<\/span><\/a><\/span><\/p>\n<p><span style=\"color: #999999;\"><b>A nos accords en c\u0153ur : Eve de Laudec et Mitch<\/b><\/span><\/p>\n<p><span style=\"color: #999999;\">For\u00eat des Livres ao\u00fbt 2011. Une blonde auteur distribue un faire-part bleu pour la naissance d\u2019Ipagination. C\u2019est Eve de Laudec.<\/span><br \/>\n<span style=\"color: #999999;\"> La croise un homme cheveux argent (et pour cause, il se nomme Michel Bonnargent\u00a0) qui prend le tract.<\/span><\/p>\n<p><span style=\"color: #999999;\">Le contact est n\u00e9, preuve que les mots \u00e9crits tissent d\u00e9j\u00e0 des liens ipaginaires. Mitch s\u2019inscrit aussit\u00f4t \u00e0 Ipagination et rejoint la famille litt\u00e9raire qui commence \u00e0 s\u2019agrandir. De fil \u00e0 limbes \u00e0 cordes de guitare ils vont se lire, \u00a0\u00e9changer, s\u2019\u00e9couter, se reconna\u00eetre dans leur folie commune et s\u2019inspirer mutuellement.<\/span><\/p>\n<p><span style=\"color: #999999;\">Ainsi, dans une tendre complicit\u00e9, Eve va pr\u00eater sa voix sur\u00a0\u00ab\u00a0A nos accords en c\u0153ur\u00a0\u00bb\u00a0,\u00a0chanson que Mitch a \u00e9crit pour elle et sur\u00a0\u00ab\u00a0Je ne te rendrai pas tes mots d\u2019amour\u00a0\u00bb.<\/span><\/p>\n<p><span style=\"color: #999999;\">Puis va na\u00eetre d\u00e9but 2012 la musique de Mitch\u00a0sur Inspir\u2019 passion,\u00a0\u00a0po\u00e8me \u00e9crit par Eve en 2010.<\/span><\/p>\n<p><span style=\"color: #999999;\">Deux auteurs de talent d\u2019ipagination, Mary et Anne Giddey vont \u00e9galement confier leur\u00a0 \u00ab\u00a0Nostalgie Caballero\u00a0\u00bb et\u00a0 \u00ab\u00a0Une vie de lune noire\u00a0\u00bb \u00e0 Mitch qui en sortira deux chansons.\u00a0R\u00e9cemment, quelques notes jou\u00e9es par Mitch inspirent \u00e0 Eve un po\u00e8me et tandis qu\u2019elle \u00e9crit Il compose l\u2019int\u00e9gralit\u00e9 de la musique, dans un v\u00e9ritable travail collectif\u00a0: cela donne le tr\u00e8s inspir\u00e9<a class=\"link\" title=\"\" href=\"http:\/\/michelbonnargent.fr\/mes-chansons_suite\/a-tempo\/index.php\"><span style=\"color: #999999;\">\u00a0<\/span><\/a>A Tempo\u00a0.<\/span><\/p>\n<p><span style=\"color: #999999;\">Face \u00e0 de fortes personnalit\u00e9s leur collaboration artistique donne souvent lieu \u00e0 de longues discussions, essais d\u2019enregistrement, avis contraires, jusqu\u2019\u00e0 tomber d\u2019accord pour finaliser\u00a0 leur \u0153uvre dans la joie.<\/span><\/p>\n<p><span style=\"color: #999999;\">Qui sont-ils, en plus de leur statut d\u2019ipaginauteurs\u00a0?<\/span><\/p>\n<p><span style=\"color: #999999;\">Des r\u00eaveurs qui oublient bien souvent l\u2019heure et la po\u00eale sur le feu quand ils sont plong\u00e9s en musique ou en \u00e9criture\u00a0! Des passionn\u00e9s hyper sensibles pour qui mots et notes sont imp\u00e9ratifs et indispensables\u00a0!<\/span><\/p>\n<p><span style=\"color: #999999;\">Mitch, ancien informaticien, auteur, compositeur, guitariste, chanteur, un arc \u00e0 cordes tendues et nombreuses, a la g\u00e9n\u00e9rosit\u00e9 du c\u0153ur en s\u2019impliquant dans l\u2019associatif (t\u00e9l\u00e9thon, G\u00e9n\u00e9tique Actions). Son cot\u00e9 Cabrel\/Ferr\u00e9\/Ferrat a la sonorit\u00e9 po\u00e9tique du terroir et une voix chaude de basse.\u00a0Il \u00a0sort aujourd\u2019hui son 8\u00e8me album\u00a0dont le titre est\u2026je vous laisse deviner\u2026\u00a0\u00bb Inspir\u2019passion :<\/span><\/p>\n<p><span style=\"color: #999999;\">Eve, ancienne co-fondatrice d\u2019ipagination, auteur, po\u00e8te, nouvelliste, \u00e9corch\u00e9e vive, inventeuse de mots a \u00e9t\u00e9 finaliste du prix Herv\u00e9 Bazin 2011 avec sa nouvelle \u00ab\u00a0<a title=\"\" href=\"http:\/\/evedelaudec.fr\/nouvelles\/ouanesepeunetame\/index.php\" target=\"_blank\" rel=\"noopener\"><span style=\"color: #999999;\">Ouaneseupeuneta\u00efme<\/span><\/a>\u00a0\u00bb, \u00e9dit\u00e9e par la revue Harfang \u00a0Son recueil de po\u00e9sie \u00ab\u00a0Crilence\u00a0\u00bb, pr\u00e9fac\u00e9 par Jean-Joseph Julaud, aux \u00e9ditions Claire Lorrain sort le 26 ao\u00fbt 2012\u2026\u00e0 la For\u00eat des Livres, \u00e0 Chanceaux-Pr\u00e8s-Loches, o\u00f9 elle sera\u00a0 en signature!<\/span><\/p>\n<p><span style=\"color: #999999;\">La boucle sera ainsi boucl\u00e9e, mais nos deux complices travaillent d\u00e9j\u00e0 sur d\u2019autres projets, et restent attentifs \u00e0 toutes propositions.<\/span><\/p>\n<h2><span style=\"color: #999999;\"><a name=\"580426a0731022002\"><\/a>radios<\/span><\/h2>\n<table class=\"cells\" width=\"100%\">\n<tbody>\n<tr>\n<td class=\"cell\" align=\"left\" valign=\"top\" width=\"33%\"><img decoding=\"async\" loading=\"lazy\" class=\"alignnone size-full wp-image-1739\" src=\"http:\/\/michelbonnargent.fr\/wp-content\/uploads\/2023\/04\/logo.jpg\" alt=\"\" width=\"300\" height=\"62\" \/><\/td>\n<td class=\"cell\" align=\"left\" valign=\"top\" width=\"33%\"><span style=\"color: #999999;\">\u00ab\u00a0tranche de vie\u00a0\u00bb sur Radioopenfm.fr (radio monts d&rsquo;Ambazac) le 14 juin 2012<\/span><\/td>\n<td class=\"cell\" align=\"left\" valign=\"top\" width=\"34%\"><a href=\"http:\/\/michelbonnargent.fr\/wp-content\/uploads\/2023\/04\/amb7.jpg\" target=\"_blank\" rel=\"noopener\"><img decoding=\"async\" loading=\"lazy\" class=\"alignnone wp-image-1740 size-medium\" src=\"http:\/\/michelbonnargent.fr\/wp-content\/uploads\/2023\/04\/amb7-300x225.jpg\" alt=\"\" width=\"300\" height=\"225\" srcset=\"https:\/\/www.michelbonnargent.fr\/wp-content\/uploads\/2023\/04\/amb7-300x225.jpg 300w, https:\/\/www.michelbonnargent.fr\/wp-content\/uploads\/2023\/04\/amb7-400x300.jpg 400w, https:\/\/www.michelbonnargent.fr\/wp-content\/uploads\/2023\/04\/amb7-768x576.jpg 768w, https:\/\/www.michelbonnargent.fr\/wp-content\/uploads\/2023\/04\/amb7.jpg 1024w\" sizes=\"(max-width: 300px) 100vw, 300px\" \/><\/a><\/td>\n<\/tr>\n<tr>\n<td class=\"cell\" align=\"left\" valign=\"top\" width=\"33%\"><a href=\"http:\/\/michelbonnargent.fr\/wp-content\/uploads\/2023\/04\/amb2-1.jpg\" target=\"_blank\" rel=\"noopener\"><img decoding=\"async\" loading=\"lazy\" class=\"alignnone wp-image-1741 size-medium\" src=\"http:\/\/michelbonnargent.fr\/wp-content\/uploads\/2023\/04\/amb2-1-300x225.jpg\" alt=\"\" width=\"300\" height=\"225\" srcset=\"https:\/\/www.michelbonnargent.fr\/wp-content\/uploads\/2023\/04\/amb2-1-300x225.jpg 300w, https:\/\/www.michelbonnargent.fr\/wp-content\/uploads\/2023\/04\/amb2-1-400x300.jpg 400w, https:\/\/www.michelbonnargent.fr\/wp-content\/uploads\/2023\/04\/amb2-1-768x576.jpg 768w, https:\/\/www.michelbonnargent.fr\/wp-content\/uploads\/2023\/04\/amb2-1.jpg 1024w\" sizes=\"(max-width: 300px) 100vw, 300px\" \/><\/a><\/td>\n<td class=\"cell\" align=\"left\" valign=\"top\" width=\"33%\"><a href=\"http:\/\/michelbonnargent.fr\/wp-content\/uploads\/2023\/04\/amb3.jpg\" target=\"_blank\" rel=\"noopener\"><img decoding=\"async\" loading=\"lazy\" class=\"alignnone wp-image-1742 size-medium\" src=\"http:\/\/michelbonnargent.fr\/wp-content\/uploads\/2023\/04\/amb3-300x225.jpg\" alt=\"\" width=\"300\" height=\"225\" srcset=\"https:\/\/www.michelbonnargent.fr\/wp-content\/uploads\/2023\/04\/amb3-300x225.jpg 300w, https:\/\/www.michelbonnargent.fr\/wp-content\/uploads\/2023\/04\/amb3-400x300.jpg 400w, https:\/\/www.michelbonnargent.fr\/wp-content\/uploads\/2023\/04\/amb3-768x576.jpg 768w, https:\/\/www.michelbonnargent.fr\/wp-content\/uploads\/2023\/04\/amb3.jpg 1024w\" sizes=\"(max-width: 300px) 100vw, 300px\" \/><\/a><\/td>\n<td class=\"cell\" align=\"left\" valign=\"top\" width=\"34%\"><a href=\"http:\/\/michelbonnargent.fr\/wp-content\/uploads\/2023\/04\/amb9.jpg\" target=\"_blank\" rel=\"noopener\"><img decoding=\"async\" loading=\"lazy\" class=\"alignnone wp-image-1743 size-medium\" src=\"http:\/\/michelbonnargent.fr\/wp-content\/uploads\/2023\/04\/amb9-300x225.jpg\" alt=\"\" width=\"300\" height=\"225\" srcset=\"https:\/\/www.michelbonnargent.fr\/wp-content\/uploads\/2023\/04\/amb9-300x225.jpg 300w, https:\/\/www.michelbonnargent.fr\/wp-content\/uploads\/2023\/04\/amb9-400x300.jpg 400w, https:\/\/www.michelbonnargent.fr\/wp-content\/uploads\/2023\/04\/amb9.jpg 500w\" sizes=\"(max-width: 300px) 100vw, 300px\" \/><\/a><\/td>\n<\/tr>\n<tr>\n<td class=\"cell\" align=\"left\" valign=\"top\" width=\"33%\"><a href=\"http:\/\/michelbonnargent.fr\/wp-content\/uploads\/2023\/04\/amb5.jpg\" target=\"_blank\" rel=\"noopener\"><img decoding=\"async\" loading=\"lazy\" class=\"alignnone wp-image-1744 size-medium\" src=\"http:\/\/michelbonnargent.fr\/wp-content\/uploads\/2023\/04\/amb5-300x225.jpg\" alt=\"\" width=\"300\" height=\"225\" srcset=\"https:\/\/www.michelbonnargent.fr\/wp-content\/uploads\/2023\/04\/amb5-300x225.jpg 300w, https:\/\/www.michelbonnargent.fr\/wp-content\/uploads\/2023\/04\/amb5-400x300.jpg 400w, https:\/\/www.michelbonnargent.fr\/wp-content\/uploads\/2023\/04\/amb5-768x576.jpg 768w, https:\/\/www.michelbonnargent.fr\/wp-content\/uploads\/2023\/04\/amb5.jpg 1024w\" sizes=\"(max-width: 300px) 100vw, 300px\" \/><\/a><\/td>\n<td class=\"cell\" align=\"left\" valign=\"top\" width=\"33%\"><span style=\"color: #999999;\">\u00a0<\/span><\/td>\n<td class=\"cell\" align=\"left\" valign=\"top\" width=\"34%\"><span style=\"color: #999999;\">\u00a0<\/span><\/td>\n<\/tr>\n<\/tbody>\n<\/table>\n<h2><span style=\"color: #999999;\">RadioOpenFM<\/span><\/h2>\n<h2><span style=\"color: #999999;\">interview<\/span><\/h2>\n<p><span style=\"color: #999999;\"><a title=\"\" href=\"http:\/\/radiomusicos.musicblog.fr\/2352577\/Michel-Bonnargent-en-interview-Radio-Musicos\/\" target=\"_blank\" rel=\"noopener\"><span style=\"color: #999999;\">interview sur radio musicos (2011)<\/span><\/a><\/span><\/p>\n<h2><span style=\"color: #999999;\">articles de presse<\/span><\/h2>\n<p><span style=\"color: #999999;\"><a title=\"\" href=\"http:\/\/www.lanouvellerepublique.fr\/Indre-et-Loire\/communes\/Pont-de-Ruan\/n\/Contenus\/Articles\/2012\/03\/15\/Vaugarni-encore-de-belles-decouvertes\" target=\"_blank\" rel=\"noopener\"><span style=\"color: #999999;\">Sc\u00e8ne ouverte grange th\u00e9\u00e2tre de Vaugarni du 10 mars 2012<\/span><\/a><\/span><br \/>\n<span style=\"color: #999999;\"> <a title=\"\" href=\"http:\/\/michel.bonnargent.free.fr\/presse\/NR_37.pdf\" target=\"_blank\" rel=\"noopener\"><span style=\"color: #999999;\">Concert du 18 novembre 2011 \u00e0 Manthelan.<\/span><\/a><\/span><br \/>\n<span style=\"color: #999999;\"> <a title=\"\" href=\"http:\/\/michel.bonnargent.free.fr\/presse\/GA15102011.pdf\" target=\"_blank\" rel=\"noopener\"><span style=\"color: #999999;\">Concert du 15 octobre 2011.<\/span><\/a><\/span><\/p>\n<h2><span style=\"color: #999999;\">concert G\u00e9n\u00e9tique Actions 2009<\/span><\/h2>\n<div class=\"sidepicture\">\n<p><span style=\"color: #999999;\">\u00a0<\/span><\/p>\n<div class=\"pictureframe\"><span style=\"color: #999999;\"><a href=\"http:\/\/michelbonnargent.fr\/images\/nr20091116.jpg\" target=\"_blank\" rel=\"noopener\"><span style=\"color: #999999;\"><img decoding=\"async\" loading=\"lazy\" src=\"http:\/\/michelbonnargent.fr\/images\/nr20091116_156.jpg\" alt=\"\" width=\"156\" height=\"97\" border=\"0\" \/><\/span><\/a><\/span><\/div>\n<\/div>\n<p><span style=\"color: #999999;\">\u00a0<\/span><\/p>\n<h2><span style=\"color: #999999;\">concert G\u00e9n\u00e9tique Actions 2008<\/span><\/h2>\n<div class=\"sidepicture\">\n<p><span style=\"color: #999999;\">\u00a0<\/span><\/p>\n<div class=\"pictureframe\"><span style=\"color: #999999;\"><a href=\"http:\/\/michelbonnargent.fr\/images\/leszicos09112998.jpg\" target=\"_blank\" rel=\"noopener\"><span style=\"color: #999999;\"><img decoding=\"async\" loading=\"lazy\" src=\"http:\/\/michelbonnargent.fr\/images\/leszicos09112998_156.jpg\" alt=\"\" width=\"156\" height=\"89\" border=\"0\" \/><\/span><\/a><\/span><\/div>\n<\/div>\n<h2><\/h2>\n<div class=\"pvc_clear\"><\/div>\n<p id=\"pvc_stats_56\" class=\"pvc_stats all  \" data-element-id=\"56\" style=\"\"><i class=\"pvc-stats-icon medium\" aria-hidden=\"true\"><svg aria-hidden=\"true\" focusable=\"false\" data-prefix=\"far\" data-icon=\"chart-bar\" role=\"img\" xmlns=\"http:\/\/www.w3.org\/2000\/svg\" viewBox=\"0 0 512 512\" class=\"svg-inline--fa fa-chart-bar fa-w-16 fa-2x\"><path fill=\"currentColor\" d=\"M396.8 352h22.4c6.4 0 12.8-6.4 12.8-12.8V108.8c0-6.4-6.4-12.8-12.8-12.8h-22.4c-6.4 0-12.8 6.4-12.8 12.8v230.4c0 6.4 6.4 12.8 12.8 12.8zm-192 0h22.4c6.4 0 12.8-6.4 12.8-12.8V140.8c0-6.4-6.4-12.8-12.8-12.8h-22.4c-6.4 0-12.8 6.4-12.8 12.8v198.4c0 6.4 6.4 12.8 12.8 12.8zm96 0h22.4c6.4 0 12.8-6.4 12.8-12.8V204.8c0-6.4-6.4-12.8-12.8-12.8h-22.4c-6.4 0-12.8 6.4-12.8 12.8v134.4c0 6.4 6.4 12.8 12.8 12.8zM496 400H48V80c0-8.84-7.16-16-16-16H16C7.16 64 0 71.16 0 80v336c0 17.67 14.33 32 32 32h464c8.84 0 16-7.16 16-16v-16c0-8.84-7.16-16-16-16zm-387.2-48h22.4c6.4 0 12.8-6.4 12.8-12.8v-70.4c0-6.4-6.4-12.8-12.8-12.8h-22.4c-6.4 0-12.8 6.4-12.8 12.8v70.4c0 6.4 6.4 12.8 12.8 12.8z\" class=\"\"><\/path><\/svg><\/i> <img decoding=\"async\" loading=\"lazy\" width=\"16\" height=\"16\" alt=\"Loading\" src=\"https:\/\/www.michelbonnargent.fr\/wp-content\/plugins\/page-views-count\/ajax-loader-2x.gif\" border=0 \/><\/p>\n<div class=\"pvc_clear\"><\/div>\n","protected":false},"excerpt":{"rendered":"<p>Librairie des Halles \u00e0 Niort Belle r\u00e9ussite \u00e0 Niort pour la 2\u00e8me \u00e9dition de \u00ab\u00a0la po\u00e9sie se joue des mots\u00a0\u00bb \u00e0 la librairie des Halles. Salle pleine et tr\u00e8s \u00e0 l&rsquo;\u00e9coute de la po\u00e9sie et de la chanson, un grand plaisir partag\u00e9 entre Eve de Laudec, le public et Michel Bonnargent. Merci \u00e0 Anne-Marie pour [&hellip;]<\/p>\n<div class=\"pvc_clear\"><\/div>\n<p id=\"pvc_stats_56\" class=\"pvc_stats all  \" data-element-id=\"56\" style=\"\"><i class=\"pvc-stats-icon medium\" aria-hidden=\"true\"><svg aria-hidden=\"true\" focusable=\"false\" data-prefix=\"far\" data-icon=\"chart-bar\" role=\"img\" xmlns=\"http:\/\/www.w3.org\/2000\/svg\" viewBox=\"0 0 512 512\" class=\"svg-inline--fa fa-chart-bar fa-w-16 fa-2x\"><path fill=\"currentColor\" d=\"M396.8 352h22.4c6.4 0 12.8-6.4 12.8-12.8V108.8c0-6.4-6.4-12.8-12.8-12.8h-22.4c-6.4 0-12.8 6.4-12.8 12.8v230.4c0 6.4 6.4 12.8 12.8 12.8zm-192 0h22.4c6.4 0 12.8-6.4 12.8-12.8V140.8c0-6.4-6.4-12.8-12.8-12.8h-22.4c-6.4 0-12.8 6.4-12.8 12.8v198.4c0 6.4 6.4 12.8 12.8 12.8zm96 0h22.4c6.4 0 12.8-6.4 12.8-12.8V204.8c0-6.4-6.4-12.8-12.8-12.8h-22.4c-6.4 0-12.8 6.4-12.8 12.8v134.4c0 6.4 6.4 12.8 12.8 12.8zM496 400H48V80c0-8.84-7.16-16-16-16H16C7.16 64 0 71.16 0 80v336c0 17.67 14.33 32 32 32h464c8.84 0 16-7.16 16-16v-16c0-8.84-7.16-16-16-16zm-387.2-48h22.4c6.4 0 12.8-6.4 12.8-12.8v-70.4c0-6.4-6.4-12.8-12.8-12.8h-22.4c-6.4 0-12.8 6.4-12.8 12.8v70.4c0 6.4 6.4 12.8 12.8 12.8z\" class=\"\"><\/path><\/svg><\/i> <img decoding=\"async\" loading=\"lazy\" width=\"16\" height=\"16\" alt=\"Loading\" src=\"https:\/\/www.michelbonnargent.fr\/wp-content\/plugins\/page-views-count\/ajax-loader-2x.gif\" border=0 \/><\/p>\n<div class=\"pvc_clear\"><\/div>\n","protected":false},"author":1,"featured_media":0,"parent":0,"menu_order":0,"comment_status":"open","ping_status":"open","template":"","meta":{"footnotes":""},"_links":{"self":[{"href":"https:\/\/www.michelbonnargent.fr\/accueil\/wp-json\/wp\/v2\/pages\/56"}],"collection":[{"href":"https:\/\/www.michelbonnargent.fr\/accueil\/wp-json\/wp\/v2\/pages"}],"about":[{"href":"https:\/\/www.michelbonnargent.fr\/accueil\/wp-json\/wp\/v2\/types\/page"}],"author":[{"embeddable":true,"href":"https:\/\/www.michelbonnargent.fr\/accueil\/wp-json\/wp\/v2\/users\/1"}],"replies":[{"embeddable":true,"href":"https:\/\/www.michelbonnargent.fr\/accueil\/wp-json\/wp\/v2\/comments?post=56"}],"version-history":[{"count":17,"href":"https:\/\/www.michelbonnargent.fr\/accueil\/wp-json\/wp\/v2\/pages\/56\/revisions"}],"predecessor-version":[{"id":1761,"href":"https:\/\/www.michelbonnargent.fr\/accueil\/wp-json\/wp\/v2\/pages\/56\/revisions\/1761"}],"wp:attachment":[{"href":"https:\/\/www.michelbonnargent.fr\/accueil\/wp-json\/wp\/v2\/media?parent=56"}],"curies":[{"name":"wp","href":"https:\/\/api.w.org\/{rel}","templated":true}]}}