{"id":475,"date":"2014-07-14T11:48:30","date_gmt":"2014-07-14T10:48:30","guid":{"rendered":"http:\/\/michelbonnargent.fr\/?page_id=475"},"modified":"2023-04-26T16:03:30","modified_gmt":"2023-04-26T15:03:30","slug":"humeurs-de-vie","status":"publish","type":"page","link":"https:\/\/www.michelbonnargent.fr\/accueil\/mes-cd\/humeurs-de-vie\/","title":{"rendered":"Humeurs de vie"},"content":{"rendered":"<p><span style=\"font-size: 16px; color: #999999;\"><strong>Humeurs de vie <span style=\"font-size: 16px;\"><strong>(*)<\/strong><\/span><\/strong><\/span><\/p>\n<p><img decoding=\"async\" loading=\"lazy\" class=\"alignnone size-full wp-image-1787\" src=\"http:\/\/michelbonnargent.fr\/wp-content\/uploads\/2023\/04\/jaquetteexterieur_480.jpg\" alt=\"\" width=\"480\" height=\"240\" srcset=\"https:\/\/www.michelbonnargent.fr\/wp-content\/uploads\/2023\/04\/jaquetteexterieur_480.jpg 480w, https:\/\/www.michelbonnargent.fr\/wp-content\/uploads\/2023\/04\/jaquetteexterieur_480-400x200.jpg 400w, https:\/\/www.michelbonnargent.fr\/wp-content\/uploads\/2023\/04\/jaquetteexterieur_480-300x150.jpg 300w\" sizes=\"(max-width: 480px) 100vw, 480px\" \/><\/p>\n<p><span style=\"font-family: Arial,Helvetica,sans-serif; font-size: 12px; color: #999999;\">Le premier CD \u00ab\u00a0humeurs de vie\u00a0\u00bb contient seize chansons enregistr\u00e9s sans autre accompagnement que la guitare.<\/span><br \/>\n<span style=\"font-family: Arial,Helvetica,sans-serif; font-size: 12px; color: #999999;\"> Elles ont \u00e9t\u00e9 enregistr\u00e9es au studio New Dream \u00e0 Descartes en d\u00e9cembre 2004.<\/span><\/p>\n<p><span style=\"color: #999999;\">T<span style=\"font-size: 16px; font-family: Arial,Helvetica,sans-serif;\">itres du CD \u00ab\u00a0Humeurs de vie<\/span><span style=\"font-size: 16px; font-family: Arial,Helvetica,sans-serif;\">\u00ab\u00a0<\/span><\/span><\/p>\n<!--[if lt IE 9]><script>document.createElement('audio');<\/script><![endif]-->\n\t<div class=\"wp-playlist wp-audio-playlist wp-playlist-light\">\n\t\t\t<div class=\"wp-playlist-current-item\"><\/div>\n\t\t<audio controls=\"controls\" preload=\"none\" width=\"608\"\n\t\t\t><\/audio>\n\t<div class=\"wp-playlist-next\"><\/div>\n\t<div class=\"wp-playlist-prev\"><\/div>\n\t<noscript>\n\t<ol>\n\t\t<li><a href='https:\/\/www.michelbonnargent.fr\/wp-content\/uploads\/2014\/07\/01-1_ainsi-va-la-vie.mp3'>Ainsi va la vie<\/a><\/li><li><a href='https:\/\/www.michelbonnargent.fr\/wp-content\/uploads\/2014\/07\/01-2_Cindy.mp3'>Cindy - \u00e0 ma petite fille<\/a><\/li><li><a href='https:\/\/www.michelbonnargent.fr\/wp-content\/uploads\/2014\/07\/01-3_El\u00e9gie.mp3'>El\u00e9gie - \u00e0 ma r\u00e9gion natale<\/a><\/li><li><a href='https:\/\/www.michelbonnargent.fr\/wp-content\/uploads\/2014\/07\/01-4_Errance.mp3'>Errance<\/a><\/li><li><a href='https:\/\/www.michelbonnargent.fr\/wp-content\/uploads\/2014\/07\/01-5_et-partir.mp3'>Et partir<\/a><\/li><li><a href='https:\/\/www.michelbonnargent.fr\/wp-content\/uploads\/2014\/07\/01-6_Kevin-et-Jennifer.mp3'>Kevin et Jennifer - \u00e0 mes petits enfants<\/a><\/li><li><a href='https:\/\/www.michelbonnargent.fr\/wp-content\/uploads\/2014\/07\/01-7_La-vie-est-faite-comme-\u00e7a.mp3'>La vie est faite comme \u00e7a<\/a><\/li><li><a href='https:\/\/www.michelbonnargent.fr\/wp-content\/uploads\/2014\/07\/01-8_Ne-pas-oublier.mp3'>Ne pas oublier<\/a><\/li><li><a href='https:\/\/www.michelbonnargent.fr\/wp-content\/uploads\/2014\/07\/01-9_Mamie-Deudeuche.mp3'>Mamie Deudeuche - chanson \u00e9crite pour Lisa<\/a><\/li><li><a href='https:\/\/www.michelbonnargent.fr\/wp-content\/uploads\/2014\/07\/01-10_Vis-ta-vie.mp3'>Vis ta vie<\/a><\/li><li><a href='https:\/\/www.michelbonnargent.fr\/wp-content\/uploads\/2014\/07\/01-11_Gloire-au-Dieu-des-boulons.mp3'>Gloire au Dieu des boulons<\/a><\/li><li><a href='https:\/\/www.michelbonnargent.fr\/wp-content\/uploads\/2014\/07\/01-12_Monts\u00e9gur.mp3'>Monts\u00e9gur<\/a><\/li><li><a href='https:\/\/www.michelbonnargent.fr\/wp-content\/uploads\/2014\/07\/01-13_Je-croquerai-la-vie.mp3'>Je croquerai la vie<\/a><\/li><li><a href='https:\/\/www.michelbonnargent.fr\/wp-content\/uploads\/2014\/07\/01-14_Jai-50ans.mp3'>J'ai 50ans<\/a><\/li><li><a href='https:\/\/www.michelbonnargent.fr\/wp-content\/uploads\/2014\/07\/01-15_Parfum-de-femme.mp3'>Parfum de femme<\/a><\/li><li><a href='https:\/\/www.michelbonnargent.fr\/wp-content\/uploads\/2014\/07\/01-16_Vivre-\u00e0-chaque-instant.mp3'>Vivre \u00e0 chaque instant<\/a><\/li>\t<\/ol>\n\t<\/noscript>\n\t<script type=\"application\/json\" class=\"wp-playlist-script\">{\"type\":\"audio\",\"tracklist\":true,\"tracknumbers\":true,\"images\":true,\"artists\":true,\"tracks\":[{\"src\":\"https:\\\/\\\/www.michelbonnargent.fr\\\/wp-content\\\/uploads\\\/2014\\\/07\\\/01-1_ainsi-va-la-vie.mp3\",\"type\":\"audio\\\/mpeg\",\"title\":\"Ainsi va la vie\",\"caption\":\"\",\"description\":\"<i>01-1_ainsi va la vie<\\\/i>.\",\"meta\":{\"length_formatted\":\"1:52\"},\"image\":{\"src\":\"https:\\\/\\\/www.michelbonnargent.fr\\\/wp-includes\\\/images\\\/media\\\/audio.png\",\"width\":48,\"height\":64},\"thumb\":{\"src\":\"https:\\\/\\\/www.michelbonnargent.fr\\\/wp-includes\\\/images\\\/media\\\/audio.png\",\"width\":48,\"height\":64}},{\"src\":\"https:\\\/\\\/www.michelbonnargent.fr\\\/wp-content\\\/uploads\\\/2014\\\/07\\\/01-2_Cindy.mp3\",\"type\":\"audio\\\/mpeg\",\"title\":\"Cindy - \\u00e0 ma petite fille\",\"caption\":\"\",\"description\":\"<i>01-2_Cindy<\\\/i>.\",\"meta\":{\"length_formatted\":\"2:10\"},\"image\":{\"src\":\"https:\\\/\\\/www.michelbonnargent.fr\\\/wp-includes\\\/images\\\/media\\\/audio.png\",\"width\":48,\"height\":64},\"thumb\":{\"src\":\"https:\\\/\\\/www.michelbonnargent.fr\\\/wp-includes\\\/images\\\/media\\\/audio.png\",\"width\":48,\"height\":64}},{\"src\":\"https:\\\/\\\/www.michelbonnargent.fr\\\/wp-content\\\/uploads\\\/2014\\\/07\\\/01-3_El\\u00e9gie.mp3\",\"type\":\"audio\\\/mpeg\",\"title\":\"El\\u00e9gie - \\u00e0 ma r\\u00e9gion natale\",\"caption\":\"\",\"description\":\"<i>01-3_El\\u00e9gie<\\\/i>.\",\"meta\":{\"length_formatted\":\"2:22\"},\"image\":{\"src\":\"https:\\\/\\\/www.michelbonnargent.fr\\\/wp-includes\\\/images\\\/media\\\/audio.png\",\"width\":48,\"height\":64},\"thumb\":{\"src\":\"https:\\\/\\\/www.michelbonnargent.fr\\\/wp-includes\\\/images\\\/media\\\/audio.png\",\"width\":48,\"height\":64}},{\"src\":\"https:\\\/\\\/www.michelbonnargent.fr\\\/wp-content\\\/uploads\\\/2014\\\/07\\\/01-4_Errance.mp3\",\"type\":\"audio\\\/mpeg\",\"title\":\"Errance\",\"caption\":\"\",\"description\":\"<i>01-4_Errance<\\\/i>.\",\"meta\":{\"length_formatted\":\"2:44\"},\"image\":{\"src\":\"https:\\\/\\\/www.michelbonnargent.fr\\\/wp-includes\\\/images\\\/media\\\/audio.png\",\"width\":48,\"height\":64},\"thumb\":{\"src\":\"https:\\\/\\\/www.michelbonnargent.fr\\\/wp-includes\\\/images\\\/media\\\/audio.png\",\"width\":48,\"height\":64}},{\"src\":\"https:\\\/\\\/www.michelbonnargent.fr\\\/wp-content\\\/uploads\\\/2014\\\/07\\\/01-5_et-partir.mp3\",\"type\":\"audio\\\/mpeg\",\"title\":\"Et partir\",\"caption\":\"\",\"description\":\"<i>01-5_et partir<\\\/i>.\",\"meta\":{\"length_formatted\":\"3:48\"},\"image\":{\"src\":\"https:\\\/\\\/www.michelbonnargent.fr\\\/wp-includes\\\/images\\\/media\\\/audio.png\",\"width\":48,\"height\":64},\"thumb\":{\"src\":\"https:\\\/\\\/www.michelbonnargent.fr\\\/wp-includes\\\/images\\\/media\\\/audio.png\",\"width\":48,\"height\":64}},{\"src\":\"https:\\\/\\\/www.michelbonnargent.fr\\\/wp-content\\\/uploads\\\/2014\\\/07\\\/01-6_Kevin-et-Jennifer.mp3\",\"type\":\"audio\\\/mpeg\",\"title\":\"Kevin et Jennifer - \\u00e0 mes petits enfants\",\"caption\":\"\",\"description\":\"<i>01-6_Kevin et Jennifer<\\\/i>.\",\"meta\":{\"length_formatted\":\"1:54\"},\"image\":{\"src\":\"https:\\\/\\\/www.michelbonnargent.fr\\\/wp-includes\\\/images\\\/media\\\/audio.png\",\"width\":48,\"height\":64},\"thumb\":{\"src\":\"https:\\\/\\\/www.michelbonnargent.fr\\\/wp-includes\\\/images\\\/media\\\/audio.png\",\"width\":48,\"height\":64}},{\"src\":\"https:\\\/\\\/www.michelbonnargent.fr\\\/wp-content\\\/uploads\\\/2014\\\/07\\\/01-7_La-vie-est-faite-comme-\\u00e7a.mp3\",\"type\":\"audio\\\/mpeg\",\"title\":\"La vie est faite comme \\u00e7a\",\"caption\":\"\",\"description\":\"<i>01-7_La vie est faite comme \\u00e7a<\\\/i>.\",\"meta\":{\"length_formatted\":\"2:14\"},\"image\":{\"src\":\"https:\\\/\\\/www.michelbonnargent.fr\\\/wp-includes\\\/images\\\/media\\\/audio.png\",\"width\":48,\"height\":64},\"thumb\":{\"src\":\"https:\\\/\\\/www.michelbonnargent.fr\\\/wp-includes\\\/images\\\/media\\\/audio.png\",\"width\":48,\"height\":64}},{\"src\":\"https:\\\/\\\/www.michelbonnargent.fr\\\/wp-content\\\/uploads\\\/2014\\\/07\\\/01-8_Ne-pas-oublier.mp3\",\"type\":\"audio\\\/mpeg\",\"title\":\"Ne pas oublier\",\"caption\":\"\",\"description\":\"<i>01-8_Ne pas oublier<\\\/i>.\",\"meta\":{\"length_formatted\":\"2:24\"},\"image\":{\"src\":\"https:\\\/\\\/www.michelbonnargent.fr\\\/wp-includes\\\/images\\\/media\\\/audio.png\",\"width\":48,\"height\":64},\"thumb\":{\"src\":\"https:\\\/\\\/www.michelbonnargent.fr\\\/wp-includes\\\/images\\\/media\\\/audio.png\",\"width\":48,\"height\":64}},{\"src\":\"https:\\\/\\\/www.michelbonnargent.fr\\\/wp-content\\\/uploads\\\/2014\\\/07\\\/01-9_Mamie-Deudeuche.mp3\",\"type\":\"audio\\\/mpeg\",\"title\":\"Mamie Deudeuche - chanson \\u00e9crite pour Lisa\",\"caption\":\"\",\"description\":\"<i>01-9_Mamie Deudeuche<\\\/i>.\",\"meta\":{\"length_formatted\":\"1:40\"},\"image\":{\"src\":\"https:\\\/\\\/www.michelbonnargent.fr\\\/wp-includes\\\/images\\\/media\\\/audio.png\",\"width\":48,\"height\":64},\"thumb\":{\"src\":\"https:\\\/\\\/www.michelbonnargent.fr\\\/wp-includes\\\/images\\\/media\\\/audio.png\",\"width\":48,\"height\":64}},{\"src\":\"https:\\\/\\\/www.michelbonnargent.fr\\\/wp-content\\\/uploads\\\/2014\\\/07\\\/01-10_Vis-ta-vie.mp3\",\"type\":\"audio\\\/mpeg\",\"title\":\"Vis ta vie\",\"caption\":\"\",\"description\":\"<i>01-10_Vis ta vie<\\\/i>.\",\"meta\":{\"length_formatted\":\"1:54\"},\"image\":{\"src\":\"https:\\\/\\\/www.michelbonnargent.fr\\\/wp-includes\\\/images\\\/media\\\/audio.png\",\"width\":48,\"height\":64},\"thumb\":{\"src\":\"https:\\\/\\\/www.michelbonnargent.fr\\\/wp-includes\\\/images\\\/media\\\/audio.png\",\"width\":48,\"height\":64}},{\"src\":\"https:\\\/\\\/www.michelbonnargent.fr\\\/wp-content\\\/uploads\\\/2014\\\/07\\\/01-11_Gloire-au-Dieu-des-boulons.mp3\",\"type\":\"audio\\\/mpeg\",\"title\":\"Gloire au Dieu des boulons\",\"caption\":\"\",\"description\":\"<i>01-11_Gloire au Dieu des boulons<\\\/i>.\",\"meta\":{\"length_formatted\":\"2:11\"},\"image\":{\"src\":\"https:\\\/\\\/www.michelbonnargent.fr\\\/wp-includes\\\/images\\\/media\\\/audio.png\",\"width\":48,\"height\":64},\"thumb\":{\"src\":\"https:\\\/\\\/www.michelbonnargent.fr\\\/wp-includes\\\/images\\\/media\\\/audio.png\",\"width\":48,\"height\":64}},{\"src\":\"https:\\\/\\\/www.michelbonnargent.fr\\\/wp-content\\\/uploads\\\/2014\\\/07\\\/01-12_Monts\\u00e9gur.mp3\",\"type\":\"audio\\\/mpeg\",\"title\":\"Monts\\u00e9gur\",\"caption\":\"\",\"description\":\"<i>01-12_Monts\\u00e9gur<\\\/i>.\",\"meta\":{\"length_formatted\":\"3:00\"},\"image\":{\"src\":\"https:\\\/\\\/www.michelbonnargent.fr\\\/wp-includes\\\/images\\\/media\\\/audio.png\",\"width\":48,\"height\":64},\"thumb\":{\"src\":\"https:\\\/\\\/www.michelbonnargent.fr\\\/wp-includes\\\/images\\\/media\\\/audio.png\",\"width\":48,\"height\":64}},{\"src\":\"https:\\\/\\\/www.michelbonnargent.fr\\\/wp-content\\\/uploads\\\/2014\\\/07\\\/01-13_Je-croquerai-la-vie.mp3\",\"type\":\"audio\\\/mpeg\",\"title\":\"Je croquerai la vie\",\"caption\":\"\",\"description\":\"<i>01-13_Je croquerai la vie<\\\/i>.\",\"meta\":{\"length_formatted\":\"2:38\"},\"image\":{\"src\":\"https:\\\/\\\/www.michelbonnargent.fr\\\/wp-includes\\\/images\\\/media\\\/audio.png\",\"width\":48,\"height\":64},\"thumb\":{\"src\":\"https:\\\/\\\/www.michelbonnargent.fr\\\/wp-includes\\\/images\\\/media\\\/audio.png\",\"width\":48,\"height\":64}},{\"src\":\"https:\\\/\\\/www.michelbonnargent.fr\\\/wp-content\\\/uploads\\\/2014\\\/07\\\/01-14_Jai-50ans.mp3\",\"type\":\"audio\\\/mpeg\",\"title\":\"J'ai 50ans\",\"caption\":\"\",\"description\":\"<i>01-14_J'ai 50ans<\\\/i>.\",\"meta\":{\"length_formatted\":\"1:27\"},\"image\":{\"src\":\"https:\\\/\\\/www.michelbonnargent.fr\\\/wp-includes\\\/images\\\/media\\\/audio.png\",\"width\":48,\"height\":64},\"thumb\":{\"src\":\"https:\\\/\\\/www.michelbonnargent.fr\\\/wp-includes\\\/images\\\/media\\\/audio.png\",\"width\":48,\"height\":64}},{\"src\":\"https:\\\/\\\/www.michelbonnargent.fr\\\/wp-content\\\/uploads\\\/2014\\\/07\\\/01-15_Parfum-de-femme.mp3\",\"type\":\"audio\\\/mpeg\",\"title\":\"Parfum de femme\",\"caption\":\"\",\"description\":\"<i>01-15_Parfum de femme<\\\/i>.\",\"meta\":{\"length_formatted\":\"1:03\"},\"image\":{\"src\":\"https:\\\/\\\/www.michelbonnargent.fr\\\/wp-includes\\\/images\\\/media\\\/audio.png\",\"width\":48,\"height\":64},\"thumb\":{\"src\":\"https:\\\/\\\/www.michelbonnargent.fr\\\/wp-includes\\\/images\\\/media\\\/audio.png\",\"width\":48,\"height\":64}},{\"src\":\"https:\\\/\\\/www.michelbonnargent.fr\\\/wp-content\\\/uploads\\\/2014\\\/07\\\/01-16_Vivre-\\u00e0-chaque-instant.mp3\",\"type\":\"audio\\\/mpeg\",\"title\":\"Vivre \\u00e0 chaque instant\",\"caption\":\"\",\"description\":\"<i>01-16_Vivre \\u00e0 chaque instant<\\\/i>.\",\"meta\":{\"length_formatted\":\"2:28\"},\"image\":{\"src\":\"https:\\\/\\\/www.michelbonnargent.fr\\\/wp-includes\\\/images\\\/media\\\/audio.png\",\"width\":48,\"height\":64},\"thumb\":{\"src\":\"https:\\\/\\\/www.michelbonnargent.fr\\\/wp-includes\\\/images\\\/media\\\/audio.png\",\"width\":48,\"height\":64}}]}<\/script>\n<\/div>\n\t\n<p><span style=\"color: #999999;\"> <em>(*) Pour obtenir ce CD, contacter Michel sur michel.bonnargent @ free.fr<\/em><\/span><\/p>\n<div class=\"pvc_clear\"><\/div>\n<p id=\"pvc_stats_475\" class=\"pvc_stats all  \" data-element-id=\"475\" style=\"\"><i class=\"pvc-stats-icon medium\" aria-hidden=\"true\"><svg aria-hidden=\"true\" focusable=\"false\" data-prefix=\"far\" data-icon=\"chart-bar\" role=\"img\" xmlns=\"http:\/\/www.w3.org\/2000\/svg\" viewBox=\"0 0 512 512\" class=\"svg-inline--fa fa-chart-bar fa-w-16 fa-2x\"><path fill=\"currentColor\" d=\"M396.8 352h22.4c6.4 0 12.8-6.4 12.8-12.8V108.8c0-6.4-6.4-12.8-12.8-12.8h-22.4c-6.4 0-12.8 6.4-12.8 12.8v230.4c0 6.4 6.4 12.8 12.8 12.8zm-192 0h22.4c6.4 0 12.8-6.4 12.8-12.8V140.8c0-6.4-6.4-12.8-12.8-12.8h-22.4c-6.4 0-12.8 6.4-12.8 12.8v198.4c0 6.4 6.4 12.8 12.8 12.8zm96 0h22.4c6.4 0 12.8-6.4 12.8-12.8V204.8c0-6.4-6.4-12.8-12.8-12.8h-22.4c-6.4 0-12.8 6.4-12.8 12.8v134.4c0 6.4 6.4 12.8 12.8 12.8zM496 400H48V80c0-8.84-7.16-16-16-16H16C7.16 64 0 71.16 0 80v336c0 17.67 14.33 32 32 32h464c8.84 0 16-7.16 16-16v-16c0-8.84-7.16-16-16-16zm-387.2-48h22.4c6.4 0 12.8-6.4 12.8-12.8v-70.4c0-6.4-6.4-12.8-12.8-12.8h-22.4c-6.4 0-12.8 6.4-12.8 12.8v70.4c0 6.4 6.4 12.8 12.8 12.8z\" class=\"\"><\/path><\/svg><\/i> <img decoding=\"async\" loading=\"lazy\" width=\"16\" height=\"16\" alt=\"Loading\" src=\"https:\/\/www.michelbonnargent.fr\/wp-content\/plugins\/page-views-count\/ajax-loader-2x.gif\" border=0 \/><\/p>\n<div class=\"pvc_clear\"><\/div>\n","protected":false},"excerpt":{"rendered":"<p>Humeurs de vie (*) Le premier CD \u00ab\u00a0humeurs de vie\u00a0\u00bb contient seize chansons enregistr\u00e9s sans autre accompagnement que la guitare. Elles ont \u00e9t\u00e9 enregistr\u00e9es au studio New Dream \u00e0 Descartes en d\u00e9cembre 2004. Titres du CD \u00ab\u00a0Humeurs de vie\u00ab\u00a0 (*) Pour obtenir ce CD, contacter Michel sur michel.bonnargent @ free.fr<\/p>\n<div class=\"pvc_clear\"><\/div>\n<p id=\"pvc_stats_475\" class=\"pvc_stats all  \" data-element-id=\"475\" style=\"\"><i class=\"pvc-stats-icon medium\" aria-hidden=\"true\"><svg aria-hidden=\"true\" focusable=\"false\" data-prefix=\"far\" data-icon=\"chart-bar\" role=\"img\" xmlns=\"http:\/\/www.w3.org\/2000\/svg\" viewBox=\"0 0 512 512\" class=\"svg-inline--fa fa-chart-bar fa-w-16 fa-2x\"><path fill=\"currentColor\" d=\"M396.8 352h22.4c6.4 0 12.8-6.4 12.8-12.8V108.8c0-6.4-6.4-12.8-12.8-12.8h-22.4c-6.4 0-12.8 6.4-12.8 12.8v230.4c0 6.4 6.4 12.8 12.8 12.8zm-192 0h22.4c6.4 0 12.8-6.4 12.8-12.8V140.8c0-6.4-6.4-12.8-12.8-12.8h-22.4c-6.4 0-12.8 6.4-12.8 12.8v198.4c0 6.4 6.4 12.8 12.8 12.8zm96 0h22.4c6.4 0 12.8-6.4 12.8-12.8V204.8c0-6.4-6.4-12.8-12.8-12.8h-22.4c-6.4 0-12.8 6.4-12.8 12.8v134.4c0 6.4 6.4 12.8 12.8 12.8zM496 400H48V80c0-8.84-7.16-16-16-16H16C7.16 64 0 71.16 0 80v336c0 17.67 14.33 32 32 32h464c8.84 0 16-7.16 16-16v-16c0-8.84-7.16-16-16-16zm-387.2-48h22.4c6.4 0 12.8-6.4 12.8-12.8v-70.4c0-6.4-6.4-12.8-12.8-12.8h-22.4c-6.4 0-12.8 6.4-12.8 12.8v70.4c0 6.4 6.4 12.8 12.8 12.8z\" class=\"\"><\/path><\/svg><\/i> <img decoding=\"async\" loading=\"lazy\" width=\"16\" height=\"16\" alt=\"Loading\" src=\"https:\/\/www.michelbonnargent.fr\/wp-content\/plugins\/page-views-count\/ajax-loader-2x.gif\" border=0 \/><\/p>\n<div class=\"pvc_clear\"><\/div>\n","protected":false},"author":1,"featured_media":0,"parent":30,"menu_order":0,"comment_status":"open","ping_status":"open","template":"","meta":{"footnotes":""},"a3_pvc":{"activated":true,"total_views":391,"today_views":2},"_links":{"self":[{"href":"https:\/\/www.michelbonnargent.fr\/accueil\/wp-json\/wp\/v2\/pages\/475"}],"collection":[{"href":"https:\/\/www.michelbonnargent.fr\/accueil\/wp-json\/wp\/v2\/pages"}],"about":[{"href":"https:\/\/www.michelbonnargent.fr\/accueil\/wp-json\/wp\/v2\/types\/page"}],"author":[{"embeddable":true,"href":"https:\/\/www.michelbonnargent.fr\/accueil\/wp-json\/wp\/v2\/users\/1"}],"replies":[{"embeddable":true,"href":"https:\/\/www.michelbonnargent.fr\/accueil\/wp-json\/wp\/v2\/comments?post=475"}],"version-history":[{"count":5,"href":"https:\/\/www.michelbonnargent.fr\/accueil\/wp-json\/wp\/v2\/pages\/475\/revisions"}],"predecessor-version":[{"id":1788,"href":"https:\/\/www.michelbonnargent.fr\/accueil\/wp-json\/wp\/v2\/pages\/475\/revisions\/1788"}],"up":[{"embeddable":true,"href":"https:\/\/www.michelbonnargent.fr\/accueil\/wp-json\/wp\/v2\/pages\/30"}],"wp:attachment":[{"href":"https:\/\/www.michelbonnargent.fr\/accueil\/wp-json\/wp\/v2\/media?parent=475"}],"curies":[{"name":"wp","href":"https:\/\/api.w.org\/{rel}","templated":true}]}}