{"id":469,"date":"2014-07-14T11:47:39","date_gmt":"2014-07-14T10:47:39","guid":{"rendered":"http:\/\/michelbonnargent.fr\/?page_id=469"},"modified":"2023-04-26T16:02:25","modified_gmt":"2023-04-26T15:02:25","slug":"telethon","status":"publish","type":"page","link":"https:\/\/www.michelbonnargent.fr\/accueil\/telethon\/","title":{"rendered":"T\u00e9l\u00e9thon"},"content":{"rendered":"<p><span style=\"font-size: 16px; color: #999999;\"><strong>T\u00e9l\u00e9thon <span style=\"font-size: 16px;\"><strong>(*)<\/strong><\/span><br \/>\n<\/strong><\/span><\/p>\n<p><img decoding=\"async\" loading=\"lazy\" class=\"alignnone size-full wp-image-1785\" src=\"http:\/\/michelbonnargent.fr\/wp-content\/uploads\/2023\/04\/livretp4p1_480.jpg\" alt=\"\" width=\"480\" height=\"238\" srcset=\"https:\/\/www.michelbonnargent.fr\/wp-content\/uploads\/2023\/04\/livretp4p1_480.jpg 480w, https:\/\/www.michelbonnargent.fr\/wp-content\/uploads\/2023\/04\/livretp4p1_480-400x198.jpg 400w, https:\/\/www.michelbonnargent.fr\/wp-content\/uploads\/2023\/04\/livretp4p1_480-300x149.jpg 300w\" sizes=\"(max-width: 480px) 100vw, 480px\" \/><\/p>\n<p><span style=\"font-family: Arial,Helvetica,sans-serif; font-size: 12px; color: #999999;\">Contient neuf chansons extraites de volumes pr\u00e9c\u00e9dents et deux chansons compos\u00e9es \u00e0 partir de textes \u00e9crits par Willy, mon ami myopathe.<\/span><br \/>\n<span style=\"font-family: Arial,Helvetica,sans-serif; font-size: 12px; color: #999999;\"> Ce CD a \u00e9t\u00e9 grav\u00e9 \u00e0 1000 exemplaires pour \u00eatre vendu au profit du T\u00e9l\u00e9thon.<\/span><\/p>\n<p><span style=\"font-size: 16px; font-family: Arial,Helvetica,sans-serif; color: #999999;\">Quelques titres du CD \u00ab\u00a0T\u00e9l\u00e9thon\u00a0\u00bb<\/span><\/p>\n<!--[if lt IE 9]><script>document.createElement('audio');<\/script><![endif]-->\n\t<div class=\"wp-playlist wp-audio-playlist wp-playlist-light\">\n\t\t\t<div class=\"wp-playlist-current-item\"><\/div>\n\t\t<audio controls=\"controls\" preload=\"none\" width=\"608\"\n\t\t\t><\/audio>\n\t<div class=\"wp-playlist-next\"><\/div>\n\t<div class=\"wp-playlist-prev\"><\/div>\n\t<noscript>\n\t<ol>\n\t\t<li><a href='https:\/\/www.michelbonnargent.fr\/wp-content\/uploads\/2014\/07\/03-8_ivresse_des_sens.mp3'>Ivresse des sens - d'apr\u00e8s un texte de W.Besard<\/a><\/li><li><a href='https:\/\/www.michelbonnargent.fr\/wp-content\/uploads\/2014\/07\/03-9_handicap.mp3'>Handicap - d'apr\u00e8s un texte de W.Besard<\/a><\/li>\t<\/ol>\n\t<\/noscript>\n\t<script type=\"application\/json\" class=\"wp-playlist-script\">{\"type\":\"audio\",\"tracklist\":true,\"tracknumbers\":true,\"images\":true,\"artists\":true,\"tracks\":[{\"src\":\"https:\\\/\\\/www.michelbonnargent.fr\\\/wp-content\\\/uploads\\\/2014\\\/07\\\/03-8_ivresse_des_sens.mp3\",\"type\":\"audio\\\/mpeg\",\"title\":\"Ivresse des sens - d'apr\\u00e8s un texte de W.Besard\",\"caption\":\"\",\"description\":\"<i>03-8_ivresse_des_sens<\\\/i>.\",\"meta\":{\"length_formatted\":\"2:01\"},\"image\":{\"src\":\"https:\\\/\\\/www.michelbonnargent.fr\\\/wp-includes\\\/images\\\/media\\\/audio.png\",\"width\":48,\"height\":64},\"thumb\":{\"src\":\"https:\\\/\\\/www.michelbonnargent.fr\\\/wp-includes\\\/images\\\/media\\\/audio.png\",\"width\":48,\"height\":64}},{\"src\":\"https:\\\/\\\/www.michelbonnargent.fr\\\/wp-content\\\/uploads\\\/2014\\\/07\\\/03-9_handicap.mp3\",\"type\":\"audio\\\/mpeg\",\"title\":\"Handicap - d'apr\\u00e8s un texte de W.Besard\",\"caption\":\"\",\"description\":\"<i>03-9_handicap<\\\/i>.\",\"meta\":{\"length_formatted\":\"3:30\"},\"image\":{\"src\":\"https:\\\/\\\/www.michelbonnargent.fr\\\/wp-includes\\\/images\\\/media\\\/audio.png\",\"width\":48,\"height\":64},\"thumb\":{\"src\":\"https:\\\/\\\/www.michelbonnargent.fr\\\/wp-includes\\\/images\\\/media\\\/audio.png\",\"width\":48,\"height\":64}}]}<\/script>\n<\/div>\n\t\n<p><span style=\"color: #999999;\"> <em>(*) Pour obtenir ce CD, contacter Michel sur michel.bonnargent @ free.fr<\/em><\/span><\/p>\n<div class=\"pvc_clear\"><\/div>\n<p id=\"pvc_stats_469\" class=\"pvc_stats all  \" data-element-id=\"469\" style=\"\"><i class=\"pvc-stats-icon medium\" aria-hidden=\"true\"><svg aria-hidden=\"true\" focusable=\"false\" data-prefix=\"far\" data-icon=\"chart-bar\" role=\"img\" xmlns=\"http:\/\/www.w3.org\/2000\/svg\" viewBox=\"0 0 512 512\" class=\"svg-inline--fa fa-chart-bar fa-w-16 fa-2x\"><path fill=\"currentColor\" d=\"M396.8 352h22.4c6.4 0 12.8-6.4 12.8-12.8V108.8c0-6.4-6.4-12.8-12.8-12.8h-22.4c-6.4 0-12.8 6.4-12.8 12.8v230.4c0 6.4 6.4 12.8 12.8 12.8zm-192 0h22.4c6.4 0 12.8-6.4 12.8-12.8V140.8c0-6.4-6.4-12.8-12.8-12.8h-22.4c-6.4 0-12.8 6.4-12.8 12.8v198.4c0 6.4 6.4 12.8 12.8 12.8zm96 0h22.4c6.4 0 12.8-6.4 12.8-12.8V204.8c0-6.4-6.4-12.8-12.8-12.8h-22.4c-6.4 0-12.8 6.4-12.8 12.8v134.4c0 6.4 6.4 12.8 12.8 12.8zM496 400H48V80c0-8.84-7.16-16-16-16H16C7.16 64 0 71.16 0 80v336c0 17.67 14.33 32 32 32h464c8.84 0 16-7.16 16-16v-16c0-8.84-7.16-16-16-16zm-387.2-48h22.4c6.4 0 12.8-6.4 12.8-12.8v-70.4c0-6.4-6.4-12.8-12.8-12.8h-22.4c-6.4 0-12.8 6.4-12.8 12.8v70.4c0 6.4 6.4 12.8 12.8 12.8z\" class=\"\"><\/path><\/svg><\/i> <img decoding=\"async\" loading=\"lazy\" width=\"16\" height=\"16\" alt=\"Loading\" src=\"https:\/\/www.michelbonnargent.fr\/wp-content\/plugins\/page-views-count\/ajax-loader-2x.gif\" border=0 \/><\/p>\n<div class=\"pvc_clear\"><\/div>\n","protected":false},"excerpt":{"rendered":"<p>T\u00e9l\u00e9thon (*) Contient neuf chansons extraites de volumes pr\u00e9c\u00e9dents et deux chansons compos\u00e9es \u00e0 partir de textes \u00e9crits par Willy, mon ami myopathe. Ce CD a \u00e9t\u00e9 grav\u00e9 \u00e0 1000 exemplaires pour \u00eatre vendu au profit du T\u00e9l\u00e9thon. Quelques titres du CD \u00ab\u00a0T\u00e9l\u00e9thon\u00a0\u00bb (*) Pour obtenir ce CD, contacter Michel sur michel.bonnargent @ free.fr<\/p>\n<div class=\"pvc_clear\"><\/div>\n<p id=\"pvc_stats_469\" class=\"pvc_stats all  \" data-element-id=\"469\" style=\"\"><i class=\"pvc-stats-icon medium\" aria-hidden=\"true\"><svg aria-hidden=\"true\" focusable=\"false\" data-prefix=\"far\" data-icon=\"chart-bar\" role=\"img\" xmlns=\"http:\/\/www.w3.org\/2000\/svg\" viewBox=\"0 0 512 512\" class=\"svg-inline--fa fa-chart-bar fa-w-16 fa-2x\"><path fill=\"currentColor\" d=\"M396.8 352h22.4c6.4 0 12.8-6.4 12.8-12.8V108.8c0-6.4-6.4-12.8-12.8-12.8h-22.4c-6.4 0-12.8 6.4-12.8 12.8v230.4c0 6.4 6.4 12.8 12.8 12.8zm-192 0h22.4c6.4 0 12.8-6.4 12.8-12.8V140.8c0-6.4-6.4-12.8-12.8-12.8h-22.4c-6.4 0-12.8 6.4-12.8 12.8v198.4c0 6.4 6.4 12.8 12.8 12.8zm96 0h22.4c6.4 0 12.8-6.4 12.8-12.8V204.8c0-6.4-6.4-12.8-12.8-12.8h-22.4c-6.4 0-12.8 6.4-12.8 12.8v134.4c0 6.4 6.4 12.8 12.8 12.8zM496 400H48V80c0-8.84-7.16-16-16-16H16C7.16 64 0 71.16 0 80v336c0 17.67 14.33 32 32 32h464c8.84 0 16-7.16 16-16v-16c0-8.84-7.16-16-16-16zm-387.2-48h22.4c6.4 0 12.8-6.4 12.8-12.8v-70.4c0-6.4-6.4-12.8-12.8-12.8h-22.4c-6.4 0-12.8 6.4-12.8 12.8v70.4c0 6.4 6.4 12.8 12.8 12.8z\" class=\"\"><\/path><\/svg><\/i> <img decoding=\"async\" loading=\"lazy\" width=\"16\" height=\"16\" alt=\"Loading\" src=\"https:\/\/www.michelbonnargent.fr\/wp-content\/plugins\/page-views-count\/ajax-loader-2x.gif\" border=0 \/><\/p>\n<div class=\"pvc_clear\"><\/div>\n","protected":false},"author":1,"featured_media":0,"parent":0,"menu_order":0,"comment_status":"open","ping_status":"open","template":"","meta":{"footnotes":""},"a3_pvc":{"activated":true,"total_views":383,"today_views":0},"_links":{"self":[{"href":"https:\/\/www.michelbonnargent.fr\/accueil\/wp-json\/wp\/v2\/pages\/469"}],"collection":[{"href":"https:\/\/www.michelbonnargent.fr\/accueil\/wp-json\/wp\/v2\/pages"}],"about":[{"href":"https:\/\/www.michelbonnargent.fr\/accueil\/wp-json\/wp\/v2\/types\/page"}],"author":[{"embeddable":true,"href":"https:\/\/www.michelbonnargent.fr\/accueil\/wp-json\/wp\/v2\/users\/1"}],"replies":[{"embeddable":true,"href":"https:\/\/www.michelbonnargent.fr\/accueil\/wp-json\/wp\/v2\/comments?post=469"}],"version-history":[{"count":7,"href":"https:\/\/www.michelbonnargent.fr\/accueil\/wp-json\/wp\/v2\/pages\/469\/revisions"}],"predecessor-version":[{"id":1786,"href":"https:\/\/www.michelbonnargent.fr\/accueil\/wp-json\/wp\/v2\/pages\/469\/revisions\/1786"}],"wp:attachment":[{"href":"https:\/\/www.michelbonnargent.fr\/accueil\/wp-json\/wp\/v2\/media?parent=469"}],"curies":[{"name":"wp","href":"https:\/\/api.w.org\/{rel}","templated":true}]}}