{"id":463,"date":"2014-07-14T11:46:53","date_gmt":"2014-07-14T10:46:53","guid":{"rendered":"http:\/\/michelbonnargent.fr\/?page_id=463"},"modified":"2023-04-26T15:44:58","modified_gmt":"2023-04-26T14:44:58","slug":"variations","status":"publish","type":"page","link":"https:\/\/www.michelbonnargent.fr\/accueil\/mes-cd\/variations\/","title":{"rendered":"Variations"},"content":{"rendered":"<p><span style=\"font-size: 16px; color: #999999;\"><strong>Variations (*)<br \/>\n<\/strong><\/span><\/p>\n<p><img decoding=\"async\" loading=\"lazy\" class=\"alignnone size-full wp-image-1777\" src=\"http:\/\/michelbonnargent.fr\/wp-content\/uploads\/2023\/04\/livretp4p12copy_480.jpg\" alt=\"\" width=\"480\" height=\"243\" srcset=\"https:\/\/www.michelbonnargent.fr\/wp-content\/uploads\/2023\/04\/livretp4p12copy_480.jpg 480w, https:\/\/www.michelbonnargent.fr\/wp-content\/uploads\/2023\/04\/livretp4p12copy_480-400x203.jpg 400w, https:\/\/www.michelbonnargent.fr\/wp-content\/uploads\/2023\/04\/livretp4p12copy_480-300x152.jpg 300w\" sizes=\"(max-width: 480px) 100vw, 480px\" \/><\/p>\n<p><span style=\"font-family: Arial,Helvetica,sans-serif; font-size: 12px; color: #999999;\">le CD \u00ab\u00a0Variations\u00a0\u00bb contient 10 chansons dont deux sur des textes de Jean-Jacques DUPUY et une interpr\u00e9tation d&rsquo;Amsterdam de Jacques BREL.<\/span><\/p>\n<p><span style=\"font-size: 16px; font-family: Arial,Helvetica,sans-serif; color: #999999;\">Titres du CD \u00ab\u00a0Variations\u00a0\u00bb<\/span><\/p>\n<!--[if lt IE 9]><script>document.createElement('audio');<\/script><![endif]-->\n\t<div class=\"wp-playlist wp-audio-playlist wp-playlist-light\">\n\t\t\t<div class=\"wp-playlist-current-item\"><\/div>\n\t\t<audio controls=\"controls\" preload=\"none\" width=\"608\"\n\t\t\t><\/audio>\n\t<div class=\"wp-playlist-next\"><\/div>\n\t<div class=\"wp-playlist-prev\"><\/div>\n\t<noscript>\n\t<ol>\n\t\t<li><a href='https:\/\/www.michelbonnargent.fr\/wp-content\/uploads\/2014\/07\/05-1-bratislava.mp3'>La neige est tomb\u00e9e sur Bratislava<\/a><\/li><li><a href='https:\/\/www.michelbonnargent.fr\/wp-content\/uploads\/2014\/07\/05-2-\u00e0-Jacques.mp3'>A Jacques - \u00e0 un ami choriste disparu<\/a><\/li><li><a href='https:\/\/www.michelbonnargent.fr\/wp-content\/uploads\/2014\/07\/05-3-je-nai-peut-\u00eatre-pas.mp3'>Je n'ai peut-\u00eatre pas<\/a><\/li><li><a href='https:\/\/www.michelbonnargent.fr\/wp-content\/uploads\/2014\/07\/05-4-je-sans-toi.mp3'>Je ... sans toi - sur un texte de JJ.Dupuy<\/a><\/li><li><a href='https:\/\/www.michelbonnargent.fr\/wp-content\/uploads\/2014\/07\/05-5-renaissance.mp3'>Renaissance<\/a><\/li><li><a href='https:\/\/www.michelbonnargent.fr\/wp-content\/uploads\/2014\/07\/05-6-\u00e0-Sylvie.mp3'>A Sylvie - \u00e0 ma ni\u00e8ce, mon \u00e9toile, partie tellement trop t\u00f4t<\/a><\/li><li><a href='https:\/\/www.michelbonnargent.fr\/wp-content\/uploads\/2014\/07\/05-7-Jefface.mp3'>J'efface - sur un texte de JJ.Dupuy<\/a><\/li><li><a href='https:\/\/www.michelbonnargent.fr\/wp-content\/uploads\/2014\/07\/05-8-amour_sans_pass\u00e9.mp3'>Amour sans pass\u00e9<\/a><\/li><li><a href='https:\/\/www.michelbonnargent.fr\/wp-content\/uploads\/2014\/07\/05-9-le-printemps.mp3'>Le printemps<\/a><\/li><li><a href='https:\/\/www.michelbonnargent.fr\/wp-content\/uploads\/2014\/07\/05-10-amsterdam.mp3'>Amsterdam - en hommage \u00e0 Jacques Brel<\/a><\/li>\t<\/ol>\n\t<\/noscript>\n\t<script type=\"application\/json\" class=\"wp-playlist-script\">{\"type\":\"audio\",\"tracklist\":true,\"tracknumbers\":true,\"images\":true,\"artists\":true,\"tracks\":[{\"src\":\"https:\\\/\\\/www.michelbonnargent.fr\\\/wp-content\\\/uploads\\\/2014\\\/07\\\/05-1-bratislava.mp3\",\"type\":\"audio\\\/mpeg\",\"title\":\"La neige est tomb\\u00e9e sur Bratislava\",\"caption\":\"\",\"description\":\"<i>05-1-bratislava<\\\/i>.\",\"meta\":{\"length_formatted\":\"3:04\"},\"image\":{\"src\":\"https:\\\/\\\/www.michelbonnargent.fr\\\/wp-includes\\\/images\\\/media\\\/audio.png\",\"width\":48,\"height\":64},\"thumb\":{\"src\":\"https:\\\/\\\/www.michelbonnargent.fr\\\/wp-includes\\\/images\\\/media\\\/audio.png\",\"width\":48,\"height\":64}},{\"src\":\"https:\\\/\\\/www.michelbonnargent.fr\\\/wp-content\\\/uploads\\\/2014\\\/07\\\/05-2-\\u00e0-Jacques.mp3\",\"type\":\"audio\\\/mpeg\",\"title\":\"A Jacques - \\u00e0 un ami choriste disparu\",\"caption\":\"\",\"description\":\"<i>05-2-\\u00e0 Jacques<\\\/i>.\",\"meta\":{\"length_formatted\":\"2:56\"},\"image\":{\"src\":\"https:\\\/\\\/www.michelbonnargent.fr\\\/wp-includes\\\/images\\\/media\\\/audio.png\",\"width\":48,\"height\":64},\"thumb\":{\"src\":\"https:\\\/\\\/www.michelbonnargent.fr\\\/wp-includes\\\/images\\\/media\\\/audio.png\",\"width\":48,\"height\":64}},{\"src\":\"https:\\\/\\\/www.michelbonnargent.fr\\\/wp-content\\\/uploads\\\/2014\\\/07\\\/05-3-je-nai-peut-\\u00eatre-pas.mp3\",\"type\":\"audio\\\/mpeg\",\"title\":\"Je n'ai peut-\\u00eatre pas\",\"caption\":\"\",\"description\":\"<i>05-3-je n'ai peut-\\u00eatre pas<\\\/i>.\",\"meta\":{\"length_formatted\":\"2:44\"},\"image\":{\"src\":\"https:\\\/\\\/www.michelbonnargent.fr\\\/wp-includes\\\/images\\\/media\\\/audio.png\",\"width\":48,\"height\":64},\"thumb\":{\"src\":\"https:\\\/\\\/www.michelbonnargent.fr\\\/wp-includes\\\/images\\\/media\\\/audio.png\",\"width\":48,\"height\":64}},{\"src\":\"https:\\\/\\\/www.michelbonnargent.fr\\\/wp-content\\\/uploads\\\/2014\\\/07\\\/05-4-je-sans-toi.mp3\",\"type\":\"audio\\\/mpeg\",\"title\":\"Je ... sans toi - sur un texte de JJ.Dupuy\",\"caption\":\"\",\"description\":\"<i>05-4-je sans toi<\\\/i>.\",\"meta\":{\"length_formatted\":\"2:47\"},\"image\":{\"src\":\"https:\\\/\\\/www.michelbonnargent.fr\\\/wp-includes\\\/images\\\/media\\\/audio.png\",\"width\":48,\"height\":64},\"thumb\":{\"src\":\"https:\\\/\\\/www.michelbonnargent.fr\\\/wp-includes\\\/images\\\/media\\\/audio.png\",\"width\":48,\"height\":64}},{\"src\":\"https:\\\/\\\/www.michelbonnargent.fr\\\/wp-content\\\/uploads\\\/2014\\\/07\\\/05-5-renaissance.mp3\",\"type\":\"audio\\\/mpeg\",\"title\":\"Renaissance\",\"caption\":\"\",\"description\":\"<i>05-5-renaissance<\\\/i>.\",\"meta\":{\"length_formatted\":\"2:20\"},\"image\":{\"src\":\"https:\\\/\\\/www.michelbonnargent.fr\\\/wp-includes\\\/images\\\/media\\\/audio.png\",\"width\":48,\"height\":64},\"thumb\":{\"src\":\"https:\\\/\\\/www.michelbonnargent.fr\\\/wp-includes\\\/images\\\/media\\\/audio.png\",\"width\":48,\"height\":64}},{\"src\":\"https:\\\/\\\/www.michelbonnargent.fr\\\/wp-content\\\/uploads\\\/2014\\\/07\\\/05-6-\\u00e0-Sylvie.mp3\",\"type\":\"audio\\\/mpeg\",\"title\":\"A Sylvie - \\u00e0 ma ni\\u00e8ce, mon \\u00e9toile, partie tellement trop t\\u00f4t\",\"caption\":\"\",\"description\":\"<i>05-6-\\u00e0 Sylvie<\\\/i>.\",\"meta\":{\"length_formatted\":\"2:28\"},\"image\":{\"src\":\"https:\\\/\\\/www.michelbonnargent.fr\\\/wp-includes\\\/images\\\/media\\\/audio.png\",\"width\":48,\"height\":64},\"thumb\":{\"src\":\"https:\\\/\\\/www.michelbonnargent.fr\\\/wp-includes\\\/images\\\/media\\\/audio.png\",\"width\":48,\"height\":64}},{\"src\":\"https:\\\/\\\/www.michelbonnargent.fr\\\/wp-content\\\/uploads\\\/2014\\\/07\\\/05-7-Jefface.mp3\",\"type\":\"audio\\\/mpeg\",\"title\":\"J'efface - sur un texte de JJ.Dupuy\",\"caption\":\"\",\"description\":\"<i>05-7-J'efface<\\\/i>.\",\"meta\":{\"length_formatted\":\"3:34\"},\"image\":{\"src\":\"https:\\\/\\\/www.michelbonnargent.fr\\\/wp-includes\\\/images\\\/media\\\/audio.png\",\"width\":48,\"height\":64},\"thumb\":{\"src\":\"https:\\\/\\\/www.michelbonnargent.fr\\\/wp-includes\\\/images\\\/media\\\/audio.png\",\"width\":48,\"height\":64}},{\"src\":\"https:\\\/\\\/www.michelbonnargent.fr\\\/wp-content\\\/uploads\\\/2014\\\/07\\\/05-8-amour_sans_pass\\u00e9.mp3\",\"type\":\"audio\\\/mpeg\",\"title\":\"Amour sans pass\\u00e9\",\"caption\":\"\",\"description\":\"<i>05-8-amour_sans_pass\\u00e9<\\\/i>.\",\"meta\":{\"length_formatted\":\"2:20\"},\"image\":{\"src\":\"https:\\\/\\\/www.michelbonnargent.fr\\\/wp-includes\\\/images\\\/media\\\/audio.png\",\"width\":48,\"height\":64},\"thumb\":{\"src\":\"https:\\\/\\\/www.michelbonnargent.fr\\\/wp-includes\\\/images\\\/media\\\/audio.png\",\"width\":48,\"height\":64}},{\"src\":\"https:\\\/\\\/www.michelbonnargent.fr\\\/wp-content\\\/uploads\\\/2014\\\/07\\\/05-9-le-printemps.mp3\",\"type\":\"audio\\\/mpeg\",\"title\":\"Le printemps\",\"caption\":\"\",\"description\":\"<i>05-9-le printemps<\\\/i>.\",\"meta\":{\"length_formatted\":\"2:21\"},\"image\":{\"src\":\"https:\\\/\\\/www.michelbonnargent.fr\\\/wp-includes\\\/images\\\/media\\\/audio.png\",\"width\":48,\"height\":64},\"thumb\":{\"src\":\"https:\\\/\\\/www.michelbonnargent.fr\\\/wp-includes\\\/images\\\/media\\\/audio.png\",\"width\":48,\"height\":64}},{\"src\":\"https:\\\/\\\/www.michelbonnargent.fr\\\/wp-content\\\/uploads\\\/2014\\\/07\\\/05-10-amsterdam.mp3\",\"type\":\"audio\\\/mpeg\",\"title\":\"Amsterdam - en hommage \\u00e0 Jacques Brel\",\"caption\":\"\",\"description\":\"<i>05-10-amsterdam<\\\/i>.\",\"meta\":{\"length_formatted\":\"2:49\"},\"image\":{\"src\":\"https:\\\/\\\/www.michelbonnargent.fr\\\/wp-includes\\\/images\\\/media\\\/audio.png\",\"width\":48,\"height\":64},\"thumb\":{\"src\":\"https:\\\/\\\/www.michelbonnargent.fr\\\/wp-includes\\\/images\\\/media\\\/audio.png\",\"width\":48,\"height\":64}}]}<\/script>\n<\/div>\n\t\n<p><span style=\"color: #999999;\"><em>(*) Pour obtenir ce CD, contacter Michel sur michel.bonnargent @ free.fr<\/em><\/span><\/p>\n<div class=\"pvc_clear\"><\/div>\n<p id=\"pvc_stats_463\" class=\"pvc_stats all  \" data-element-id=\"463\" style=\"\"><i class=\"pvc-stats-icon medium\" aria-hidden=\"true\"><svg aria-hidden=\"true\" focusable=\"false\" data-prefix=\"far\" data-icon=\"chart-bar\" role=\"img\" xmlns=\"http:\/\/www.w3.org\/2000\/svg\" viewBox=\"0 0 512 512\" class=\"svg-inline--fa fa-chart-bar fa-w-16 fa-2x\"><path fill=\"currentColor\" d=\"M396.8 352h22.4c6.4 0 12.8-6.4 12.8-12.8V108.8c0-6.4-6.4-12.8-12.8-12.8h-22.4c-6.4 0-12.8 6.4-12.8 12.8v230.4c0 6.4 6.4 12.8 12.8 12.8zm-192 0h22.4c6.4 0 12.8-6.4 12.8-12.8V140.8c0-6.4-6.4-12.8-12.8-12.8h-22.4c-6.4 0-12.8 6.4-12.8 12.8v198.4c0 6.4 6.4 12.8 12.8 12.8zm96 0h22.4c6.4 0 12.8-6.4 12.8-12.8V204.8c0-6.4-6.4-12.8-12.8-12.8h-22.4c-6.4 0-12.8 6.4-12.8 12.8v134.4c0 6.4 6.4 12.8 12.8 12.8zM496 400H48V80c0-8.84-7.16-16-16-16H16C7.16 64 0 71.16 0 80v336c0 17.67 14.33 32 32 32h464c8.84 0 16-7.16 16-16v-16c0-8.84-7.16-16-16-16zm-387.2-48h22.4c6.4 0 12.8-6.4 12.8-12.8v-70.4c0-6.4-6.4-12.8-12.8-12.8h-22.4c-6.4 0-12.8 6.4-12.8 12.8v70.4c0 6.4 6.4 12.8 12.8 12.8z\" class=\"\"><\/path><\/svg><\/i> <img decoding=\"async\" loading=\"lazy\" width=\"16\" height=\"16\" alt=\"Loading\" src=\"https:\/\/www.michelbonnargent.fr\/wp-content\/plugins\/page-views-count\/ajax-loader-2x.gif\" border=0 \/><\/p>\n<div class=\"pvc_clear\"><\/div>\n","protected":false},"excerpt":{"rendered":"<p>Variations (*) le CD \u00ab\u00a0Variations\u00a0\u00bb contient 10 chansons dont deux sur des textes de Jean-Jacques DUPUY et une interpr\u00e9tation d&rsquo;Amsterdam de Jacques BREL. Titres du CD \u00ab\u00a0Variations\u00a0\u00bb (*) Pour obtenir ce CD, contacter Michel sur michel.bonnargent @ free.fr<\/p>\n<div class=\"pvc_clear\"><\/div>\n<p id=\"pvc_stats_463\" class=\"pvc_stats all  \" data-element-id=\"463\" style=\"\"><i class=\"pvc-stats-icon medium\" aria-hidden=\"true\"><svg aria-hidden=\"true\" focusable=\"false\" data-prefix=\"far\" data-icon=\"chart-bar\" role=\"img\" xmlns=\"http:\/\/www.w3.org\/2000\/svg\" viewBox=\"0 0 512 512\" class=\"svg-inline--fa fa-chart-bar fa-w-16 fa-2x\"><path fill=\"currentColor\" d=\"M396.8 352h22.4c6.4 0 12.8-6.4 12.8-12.8V108.8c0-6.4-6.4-12.8-12.8-12.8h-22.4c-6.4 0-12.8 6.4-12.8 12.8v230.4c0 6.4 6.4 12.8 12.8 12.8zm-192 0h22.4c6.4 0 12.8-6.4 12.8-12.8V140.8c0-6.4-6.4-12.8-12.8-12.8h-22.4c-6.4 0-12.8 6.4-12.8 12.8v198.4c0 6.4 6.4 12.8 12.8 12.8zm96 0h22.4c6.4 0 12.8-6.4 12.8-12.8V204.8c0-6.4-6.4-12.8-12.8-12.8h-22.4c-6.4 0-12.8 6.4-12.8 12.8v134.4c0 6.4 6.4 12.8 12.8 12.8zM496 400H48V80c0-8.84-7.16-16-16-16H16C7.16 64 0 71.16 0 80v336c0 17.67 14.33 32 32 32h464c8.84 0 16-7.16 16-16v-16c0-8.84-7.16-16-16-16zm-387.2-48h22.4c6.4 0 12.8-6.4 12.8-12.8v-70.4c0-6.4-6.4-12.8-12.8-12.8h-22.4c-6.4 0-12.8 6.4-12.8 12.8v70.4c0 6.4 6.4 12.8 12.8 12.8z\" class=\"\"><\/path><\/svg><\/i> <img decoding=\"async\" loading=\"lazy\" width=\"16\" height=\"16\" alt=\"Loading\" src=\"https:\/\/www.michelbonnargent.fr\/wp-content\/plugins\/page-views-count\/ajax-loader-2x.gif\" border=0 \/><\/p>\n<div class=\"pvc_clear\"><\/div>\n","protected":false},"author":1,"featured_media":0,"parent":30,"menu_order":0,"comment_status":"open","ping_status":"open","template":"","meta":{"footnotes":""},"_links":{"self":[{"href":"https:\/\/www.michelbonnargent.fr\/accueil\/wp-json\/wp\/v2\/pages\/463"}],"collection":[{"href":"https:\/\/www.michelbonnargent.fr\/accueil\/wp-json\/wp\/v2\/pages"}],"about":[{"href":"https:\/\/www.michelbonnargent.fr\/accueil\/wp-json\/wp\/v2\/types\/page"}],"author":[{"embeddable":true,"href":"https:\/\/www.michelbonnargent.fr\/accueil\/wp-json\/wp\/v2\/users\/1"}],"replies":[{"embeddable":true,"href":"https:\/\/www.michelbonnargent.fr\/accueil\/wp-json\/wp\/v2\/comments?post=463"}],"version-history":[{"count":7,"href":"https:\/\/www.michelbonnargent.fr\/accueil\/wp-json\/wp\/v2\/pages\/463\/revisions"}],"predecessor-version":[{"id":1778,"href":"https:\/\/www.michelbonnargent.fr\/accueil\/wp-json\/wp\/v2\/pages\/463\/revisions\/1778"}],"up":[{"embeddable":true,"href":"https:\/\/www.michelbonnargent.fr\/accueil\/wp-json\/wp\/v2\/pages\/30"}],"wp:attachment":[{"href":"https:\/\/www.michelbonnargent.fr\/accueil\/wp-json\/wp\/v2\/media?parent=463"}],"curies":[{"name":"wp","href":"https:\/\/api.w.org\/{rel}","templated":true}]}}