{"id":459,"date":"2014-07-14T11:46:19","date_gmt":"2014-07-14T10:46:19","guid":{"rendered":"http:\/\/michelbonnargent.fr\/?page_id=459"},"modified":"2023-04-26T15:41:57","modified_gmt":"2023-04-26T14:41:57","slug":"voyages","status":"publish","type":"page","link":"https:\/\/www.michelbonnargent.fr\/accueil\/mes-cd\/voyages\/","title":{"rendered":"Voyages"},"content":{"rendered":"<p><span style=\"color: #999999;\"><span style=\"font-size: 16px;\"><strong>Voyages<\/strong> <\/span>&#8211; voir la <a title=\"boutique\" href=\"http:\/\/michelbonnargent.fr\/?p=716\"><span style=\"color: #999999;\">boutique<\/span><\/a><\/span><\/p>\n<p><img decoding=\"async\" loading=\"lazy\" class=\"alignnone wp-image-1772 size-full\" src=\"http:\/\/michelbonnargent.fr\/wp-content\/uploads\/2023\/04\/vol7livretp4p1copy_480.jpg\" alt=\"\" width=\"480\" height=\"238\" srcset=\"https:\/\/www.michelbonnargent.fr\/wp-content\/uploads\/2023\/04\/vol7livretp4p1copy_480.jpg 480w, https:\/\/www.michelbonnargent.fr\/wp-content\/uploads\/2023\/04\/vol7livretp4p1copy_480-400x198.jpg 400w, https:\/\/www.michelbonnargent.fr\/wp-content\/uploads\/2023\/04\/vol7livretp4p1copy_480-300x149.jpg 300w\" sizes=\"(max-width: 480px) 100vw, 480px\" \/><\/p>\n<p><span style=\"font-family: Arial,Helvetica,sans-serif; font-size: 12px; color: #999999;\">Ce CD contient 11 titres dont \u00ab\u00a0roman fleuves\u00a0\u00bb remix\u00e9.<\/span><br \/>\n<span style=\"font-family: Arial,Helvetica,sans-serif; font-size: 12px; color: #999999;\"> \u00ab\u00a0Irlande\u00a0\u00bb et \u00ab\u00a0Une vie\u00a0\u00bb ont \u00e9t\u00e9 \u00e9crites par Georges Cardot et compos\u00e9es par Franck Courth\u00e9oux.<\/span><br \/>\n<span style=\"font-family: Arial,Helvetica,sans-serif; font-size: 12px; color: #999999;\"> \u00ab\u00a0ma plume\u00a0\u00bb a \u00e9t\u00e9 \u00e9crite par Gilles Simon.<\/span><\/p>\n<p><span style=\"font-size: 16px; font-family: Arial,Helvetica,sans-serif; color: #999999;\">Titres du CD \u00ab\u00a0Voyages\u00a0\u00bb<\/span><\/p>\n<!--[if lt IE 9]><script>document.createElement('audio');<\/script><![endif]-->\n\t<div class=\"wp-playlist wp-audio-playlist wp-playlist-light\">\n\t\t\t<div class=\"wp-playlist-current-item\"><\/div>\n\t\t<audio controls=\"controls\" preload=\"none\" width=\"608\"\n\t\t\t><\/audio>\n\t<div class=\"wp-playlist-next\"><\/div>\n\t<div class=\"wp-playlist-prev\"><\/div>\n\t<noscript>\n\t<ol>\n\t\t<li><a href='https:\/\/www.michelbonnargent.fr\/wp-content\/uploads\/2014\/07\/7-1-pourquoi-ailleurs-quen-France.mp3'>Pourquoi ailleurs qu'en France<\/a><\/li><li><a href='https:\/\/www.michelbonnargent.fr\/wp-content\/uploads\/2014\/07\/7-2-la-complainte-du-vagabond.mp3'>La complainte du vagabond<\/a><\/li><li><a href='https:\/\/www.michelbonnargent.fr\/wp-content\/uploads\/2014\/07\/7-3-\u00e0-ma-plan\u00e8te.mp3'>A ma plan\u00e8te<\/a><\/li><li><a href='https:\/\/www.michelbonnargent.fr\/wp-content\/uploads\/2014\/07\/7-4-touriste.mp3'>Touriste<\/a><\/li><li><a href='https:\/\/www.michelbonnargent.fr\/wp-content\/uploads\/2014\/07\/7-5-au-panth\u00e9on-de-nos-amours.mp3'>Au panth\u00e9on de nos amours<\/a><\/li><li><a href='https:\/\/www.michelbonnargent.fr\/wp-content\/uploads\/2014\/07\/7-6-la-grande-dame-brume.mp3'>La grande dame brume<\/a><\/li><li><a href='https:\/\/www.michelbonnargent.fr\/wp-content\/uploads\/2014\/07\/7-7-ma-plume.mp3'>Ma plume - sur un po\u00e8me de Gilles Simon<\/a><\/li><li><a href='https:\/\/www.michelbonnargent.fr\/wp-content\/uploads\/2014\/07\/7-8-irlande.mp3'>Irlande - po\u00e8me de G.Cardot, musique de F.Courth\u00e9oux<\/a><\/li><li><a href='https:\/\/www.michelbonnargent.fr\/wp-content\/uploads\/2014\/07\/7-9-une-vie.mp3'>Une vie - po\u00e8me de G.Cardot, musique de F.Courth\u00e9oux<\/a><\/li><li><a href='https:\/\/www.michelbonnargent.fr\/wp-content\/uploads\/2014\/07\/7-10-jai-peur.mp3'>J'ai peur<\/a><\/li><li><a href='https:\/\/www.michelbonnargent.fr\/wp-content\/uploads\/2014\/07\/7-11-roman-fleuves_new.mp3'>Roman fleuves - version remix\u00e9e<\/a><\/li>\t<\/ol>\n\t<\/noscript>\n\t<script type=\"application\/json\" class=\"wp-playlist-script\">{\"type\":\"audio\",\"tracklist\":true,\"tracknumbers\":true,\"images\":true,\"artists\":true,\"tracks\":[{\"src\":\"https:\\\/\\\/www.michelbonnargent.fr\\\/wp-content\\\/uploads\\\/2014\\\/07\\\/7-1-pourquoi-ailleurs-quen-France.mp3\",\"type\":\"audio\\\/mpeg\",\"title\":\"Pourquoi ailleurs qu'en France\",\"caption\":\"\",\"description\":\"<i>7-1-pourquoi ailleurs qu'en France<\\\/i>.\",\"meta\":{\"length_formatted\":\"3:22\"},\"image\":{\"src\":\"https:\\\/\\\/www.michelbonnargent.fr\\\/wp-includes\\\/images\\\/media\\\/audio.png\",\"width\":48,\"height\":64},\"thumb\":{\"src\":\"https:\\\/\\\/www.michelbonnargent.fr\\\/wp-includes\\\/images\\\/media\\\/audio.png\",\"width\":48,\"height\":64}},{\"src\":\"https:\\\/\\\/www.michelbonnargent.fr\\\/wp-content\\\/uploads\\\/2014\\\/07\\\/7-2-la-complainte-du-vagabond.mp3\",\"type\":\"audio\\\/mpeg\",\"title\":\"La complainte du vagabond\",\"caption\":\"\",\"description\":\"<i>7-2-la complainte du vagabond<\\\/i>.\",\"meta\":{\"length_formatted\":\"2:11\"},\"image\":{\"src\":\"https:\\\/\\\/www.michelbonnargent.fr\\\/wp-includes\\\/images\\\/media\\\/audio.png\",\"width\":48,\"height\":64},\"thumb\":{\"src\":\"https:\\\/\\\/www.michelbonnargent.fr\\\/wp-includes\\\/images\\\/media\\\/audio.png\",\"width\":48,\"height\":64}},{\"src\":\"https:\\\/\\\/www.michelbonnargent.fr\\\/wp-content\\\/uploads\\\/2014\\\/07\\\/7-3-\\u00e0-ma-plan\\u00e8te.mp3\",\"type\":\"audio\\\/mpeg\",\"title\":\"A ma plan\\u00e8te\",\"caption\":\"\",\"description\":\"<i>7-3-\\u00e0 ma plan\\u00e8te<\\\/i>.\",\"meta\":{\"length_formatted\":\"2:36\"},\"image\":{\"src\":\"https:\\\/\\\/www.michelbonnargent.fr\\\/wp-includes\\\/images\\\/media\\\/audio.png\",\"width\":48,\"height\":64},\"thumb\":{\"src\":\"https:\\\/\\\/www.michelbonnargent.fr\\\/wp-includes\\\/images\\\/media\\\/audio.png\",\"width\":48,\"height\":64}},{\"src\":\"https:\\\/\\\/www.michelbonnargent.fr\\\/wp-content\\\/uploads\\\/2014\\\/07\\\/7-4-touriste.mp3\",\"type\":\"audio\\\/mpeg\",\"title\":\"Touriste\",\"caption\":\"\",\"description\":\"<i>7-4-touriste<\\\/i>.\",\"meta\":{\"length_formatted\":\"3:27\"},\"image\":{\"src\":\"https:\\\/\\\/www.michelbonnargent.fr\\\/wp-includes\\\/images\\\/media\\\/audio.png\",\"width\":48,\"height\":64},\"thumb\":{\"src\":\"https:\\\/\\\/www.michelbonnargent.fr\\\/wp-includes\\\/images\\\/media\\\/audio.png\",\"width\":48,\"height\":64}},{\"src\":\"https:\\\/\\\/www.michelbonnargent.fr\\\/wp-content\\\/uploads\\\/2014\\\/07\\\/7-5-au-panth\\u00e9on-de-nos-amours.mp3\",\"type\":\"audio\\\/mpeg\",\"title\":\"Au panth\\u00e9on de nos amours\",\"caption\":\"\",\"description\":\"<i>7-5-au panth\\u00e9on de nos amours<\\\/i>.\",\"meta\":{\"length_formatted\":\"4:26\"},\"image\":{\"src\":\"https:\\\/\\\/www.michelbonnargent.fr\\\/wp-includes\\\/images\\\/media\\\/audio.png\",\"width\":48,\"height\":64},\"thumb\":{\"src\":\"https:\\\/\\\/www.michelbonnargent.fr\\\/wp-includes\\\/images\\\/media\\\/audio.png\",\"width\":48,\"height\":64}},{\"src\":\"https:\\\/\\\/www.michelbonnargent.fr\\\/wp-content\\\/uploads\\\/2014\\\/07\\\/7-6-la-grande-dame-brume.mp3\",\"type\":\"audio\\\/mpeg\",\"title\":\"La grande dame brume\",\"caption\":\"\",\"description\":\"<i>7-6-la grande dame brume<\\\/i>.\",\"meta\":{\"length_formatted\":\"4:03\"},\"image\":{\"src\":\"https:\\\/\\\/www.michelbonnargent.fr\\\/wp-includes\\\/images\\\/media\\\/audio.png\",\"width\":48,\"height\":64},\"thumb\":{\"src\":\"https:\\\/\\\/www.michelbonnargent.fr\\\/wp-includes\\\/images\\\/media\\\/audio.png\",\"width\":48,\"height\":64}},{\"src\":\"https:\\\/\\\/www.michelbonnargent.fr\\\/wp-content\\\/uploads\\\/2014\\\/07\\\/7-7-ma-plume.mp3\",\"type\":\"audio\\\/mpeg\",\"title\":\"Ma plume - sur un po\\u00e8me de Gilles Simon\",\"caption\":\"\",\"description\":\"<i>7-7-ma plume<\\\/i>.\",\"meta\":{\"length_formatted\":\"2:53\"},\"image\":{\"src\":\"https:\\\/\\\/www.michelbonnargent.fr\\\/wp-includes\\\/images\\\/media\\\/audio.png\",\"width\":48,\"height\":64},\"thumb\":{\"src\":\"https:\\\/\\\/www.michelbonnargent.fr\\\/wp-includes\\\/images\\\/media\\\/audio.png\",\"width\":48,\"height\":64}},{\"src\":\"https:\\\/\\\/www.michelbonnargent.fr\\\/wp-content\\\/uploads\\\/2014\\\/07\\\/7-8-irlande.mp3\",\"type\":\"audio\\\/mpeg\",\"title\":\"Irlande - po\\u00e8me de G.Cardot, musique de F.Courth\\u00e9oux\",\"caption\":\"\",\"description\":\"<i>7-8-irlande<\\\/i>.\",\"meta\":{\"length_formatted\":\"3:03\"},\"image\":{\"src\":\"https:\\\/\\\/www.michelbonnargent.fr\\\/wp-includes\\\/images\\\/media\\\/audio.png\",\"width\":48,\"height\":64},\"thumb\":{\"src\":\"https:\\\/\\\/www.michelbonnargent.fr\\\/wp-includes\\\/images\\\/media\\\/audio.png\",\"width\":48,\"height\":64}},{\"src\":\"https:\\\/\\\/www.michelbonnargent.fr\\\/wp-content\\\/uploads\\\/2014\\\/07\\\/7-9-une-vie.mp3\",\"type\":\"audio\\\/mpeg\",\"title\":\"Une vie - po\\u00e8me de G.Cardot, musique de F.Courth\\u00e9oux\",\"caption\":\"\",\"description\":\"<i>7-9-une vie<\\\/i>.\",\"meta\":{\"length_formatted\":\"3:16\"},\"image\":{\"src\":\"https:\\\/\\\/www.michelbonnargent.fr\\\/wp-includes\\\/images\\\/media\\\/audio.png\",\"width\":48,\"height\":64},\"thumb\":{\"src\":\"https:\\\/\\\/www.michelbonnargent.fr\\\/wp-includes\\\/images\\\/media\\\/audio.png\",\"width\":48,\"height\":64}},{\"src\":\"https:\\\/\\\/www.michelbonnargent.fr\\\/wp-content\\\/uploads\\\/2014\\\/07\\\/7-10-jai-peur.mp3\",\"type\":\"audio\\\/mpeg\",\"title\":\"J'ai peur\",\"caption\":\"\",\"description\":\"<i>7-10 - j'ai peur<\\\/i>.\",\"meta\":{\"length_formatted\":\"4:05\"},\"image\":{\"src\":\"https:\\\/\\\/www.michelbonnargent.fr\\\/wp-includes\\\/images\\\/media\\\/audio.png\",\"width\":48,\"height\":64},\"thumb\":{\"src\":\"https:\\\/\\\/www.michelbonnargent.fr\\\/wp-includes\\\/images\\\/media\\\/audio.png\",\"width\":48,\"height\":64}},{\"src\":\"https:\\\/\\\/www.michelbonnargent.fr\\\/wp-content\\\/uploads\\\/2014\\\/07\\\/7-11-roman-fleuves_new.mp3\",\"type\":\"audio\\\/mpeg\",\"title\":\"Roman fleuves - version remix\\u00e9e\",\"caption\":\"\",\"description\":\"<i>7-11 - roman fleuves_new<\\\/i>.\",\"meta\":{\"length_formatted\":\"2:36\"},\"image\":{\"src\":\"https:\\\/\\\/www.michelbonnargent.fr\\\/wp-includes\\\/images\\\/media\\\/audio.png\",\"width\":48,\"height\":64},\"thumb\":{\"src\":\"https:\\\/\\\/www.michelbonnargent.fr\\\/wp-includes\\\/images\\\/media\\\/audio.png\",\"width\":48,\"height\":64}}]}<\/script>\n<\/div>\n\t\n<div class=\"pvc_clear\"><\/div>\n<p id=\"pvc_stats_459\" class=\"pvc_stats all  \" data-element-id=\"459\" style=\"\"><i class=\"pvc-stats-icon medium\" aria-hidden=\"true\"><svg aria-hidden=\"true\" focusable=\"false\" data-prefix=\"far\" data-icon=\"chart-bar\" role=\"img\" xmlns=\"http:\/\/www.w3.org\/2000\/svg\" viewBox=\"0 0 512 512\" class=\"svg-inline--fa fa-chart-bar fa-w-16 fa-2x\"><path fill=\"currentColor\" d=\"M396.8 352h22.4c6.4 0 12.8-6.4 12.8-12.8V108.8c0-6.4-6.4-12.8-12.8-12.8h-22.4c-6.4 0-12.8 6.4-12.8 12.8v230.4c0 6.4 6.4 12.8 12.8 12.8zm-192 0h22.4c6.4 0 12.8-6.4 12.8-12.8V140.8c0-6.4-6.4-12.8-12.8-12.8h-22.4c-6.4 0-12.8 6.4-12.8 12.8v198.4c0 6.4 6.4 12.8 12.8 12.8zm96 0h22.4c6.4 0 12.8-6.4 12.8-12.8V204.8c0-6.4-6.4-12.8-12.8-12.8h-22.4c-6.4 0-12.8 6.4-12.8 12.8v134.4c0 6.4 6.4 12.8 12.8 12.8zM496 400H48V80c0-8.84-7.16-16-16-16H16C7.16 64 0 71.16 0 80v336c0 17.67 14.33 32 32 32h464c8.84 0 16-7.16 16-16v-16c0-8.84-7.16-16-16-16zm-387.2-48h22.4c6.4 0 12.8-6.4 12.8-12.8v-70.4c0-6.4-6.4-12.8-12.8-12.8h-22.4c-6.4 0-12.8 6.4-12.8 12.8v70.4c0 6.4 6.4 12.8 12.8 12.8z\" class=\"\"><\/path><\/svg><\/i> <img decoding=\"async\" loading=\"lazy\" width=\"16\" height=\"16\" alt=\"Loading\" src=\"https:\/\/www.michelbonnargent.fr\/wp-content\/plugins\/page-views-count\/ajax-loader-2x.gif\" border=0 \/><\/p>\n<div class=\"pvc_clear\"><\/div>\n","protected":false},"excerpt":{"rendered":"<p>Voyages &#8211; voir la boutique Ce CD contient 11 titres dont \u00ab\u00a0roman fleuves\u00a0\u00bb remix\u00e9. \u00ab\u00a0Irlande\u00a0\u00bb et \u00ab\u00a0Une vie\u00a0\u00bb ont \u00e9t\u00e9 \u00e9crites par Georges Cardot et compos\u00e9es par Franck Courth\u00e9oux. \u00ab\u00a0ma plume\u00a0\u00bb a \u00e9t\u00e9 \u00e9crite par Gilles Simon. Titres du CD \u00ab\u00a0Voyages\u00a0\u00bb<\/p>\n<div class=\"pvc_clear\"><\/div>\n<p id=\"pvc_stats_459\" class=\"pvc_stats all  \" data-element-id=\"459\" style=\"\"><i class=\"pvc-stats-icon medium\" aria-hidden=\"true\"><svg aria-hidden=\"true\" focusable=\"false\" data-prefix=\"far\" data-icon=\"chart-bar\" role=\"img\" xmlns=\"http:\/\/www.w3.org\/2000\/svg\" viewBox=\"0 0 512 512\" class=\"svg-inline--fa fa-chart-bar fa-w-16 fa-2x\"><path fill=\"currentColor\" d=\"M396.8 352h22.4c6.4 0 12.8-6.4 12.8-12.8V108.8c0-6.4-6.4-12.8-12.8-12.8h-22.4c-6.4 0-12.8 6.4-12.8 12.8v230.4c0 6.4 6.4 12.8 12.8 12.8zm-192 0h22.4c6.4 0 12.8-6.4 12.8-12.8V140.8c0-6.4-6.4-12.8-12.8-12.8h-22.4c-6.4 0-12.8 6.4-12.8 12.8v198.4c0 6.4 6.4 12.8 12.8 12.8zm96 0h22.4c6.4 0 12.8-6.4 12.8-12.8V204.8c0-6.4-6.4-12.8-12.8-12.8h-22.4c-6.4 0-12.8 6.4-12.8 12.8v134.4c0 6.4 6.4 12.8 12.8 12.8zM496 400H48V80c0-8.84-7.16-16-16-16H16C7.16 64 0 71.16 0 80v336c0 17.67 14.33 32 32 32h464c8.84 0 16-7.16 16-16v-16c0-8.84-7.16-16-16-16zm-387.2-48h22.4c6.4 0 12.8-6.4 12.8-12.8v-70.4c0-6.4-6.4-12.8-12.8-12.8h-22.4c-6.4 0-12.8 6.4-12.8 12.8v70.4c0 6.4 6.4 12.8 12.8 12.8z\" class=\"\"><\/path><\/svg><\/i> <img decoding=\"async\" loading=\"lazy\" width=\"16\" height=\"16\" alt=\"Loading\" src=\"https:\/\/www.michelbonnargent.fr\/wp-content\/plugins\/page-views-count\/ajax-loader-2x.gif\" border=0 \/><\/p>\n<div class=\"pvc_clear\"><\/div>\n","protected":false},"author":1,"featured_media":0,"parent":30,"menu_order":0,"comment_status":"open","ping_status":"open","template":"","meta":{"footnotes":""},"a3_pvc":{"activated":true,"total_views":471,"today_views":0},"_links":{"self":[{"href":"https:\/\/www.michelbonnargent.fr\/accueil\/wp-json\/wp\/v2\/pages\/459"}],"collection":[{"href":"https:\/\/www.michelbonnargent.fr\/accueil\/wp-json\/wp\/v2\/pages"}],"about":[{"href":"https:\/\/www.michelbonnargent.fr\/accueil\/wp-json\/wp\/v2\/types\/page"}],"author":[{"embeddable":true,"href":"https:\/\/www.michelbonnargent.fr\/accueil\/wp-json\/wp\/v2\/users\/1"}],"replies":[{"embeddable":true,"href":"https:\/\/www.michelbonnargent.fr\/accueil\/wp-json\/wp\/v2\/comments?post=459"}],"version-history":[{"count":7,"href":"https:\/\/www.michelbonnargent.fr\/accueil\/wp-json\/wp\/v2\/pages\/459\/revisions"}],"predecessor-version":[{"id":1774,"href":"https:\/\/www.michelbonnargent.fr\/accueil\/wp-json\/wp\/v2\/pages\/459\/revisions\/1774"}],"up":[{"embeddable":true,"href":"https:\/\/www.michelbonnargent.fr\/accueil\/wp-json\/wp\/v2\/pages\/30"}],"wp:attachment":[{"href":"https:\/\/www.michelbonnargent.fr\/accueil\/wp-json\/wp\/v2\/media?parent=459"}],"curies":[{"name":"wp","href":"https:\/\/api.w.org\/{rel}","templated":true}]}}