{"id":455,"date":"2014-07-14T11:45:32","date_gmt":"2014-07-14T10:45:32","guid":{"rendered":"http:\/\/michelbonnargent.fr\/?page_id=455"},"modified":"2023-04-26T15:36:53","modified_gmt":"2023-04-26T14:36:53","slug":"souviens-toi","status":"publish","type":"page","link":"https:\/\/www.michelbonnargent.fr\/accueil\/mes-cd\/souviens-toi\/","title":{"rendered":"Souviens-toi"},"content":{"rendered":"<p><span style=\"color: #999999;\"><span style=\"font-family: Arial,Helvetica,sans-serif; font-size: 16px;\"><strong>Souviens-toi<\/strong><\/span> &#8211; voir la <a title=\"boutique\" href=\"http:\/\/michelbonnargent.fr\/?page_id=50\"><span style=\"color: #999999;\">boutique<\/span><\/a><\/span><\/p>\n<p><img decoding=\"async\" loading=\"lazy\" class=\"alignnone wp-image-1768 size-full\" src=\"http:\/\/michelbonnargent.fr\/wp-content\/uploads\/2023\/04\/vol9_livret_p4-p1-copy_480.jpg\" alt=\"\" width=\"480\" height=\"238\" srcset=\"https:\/\/www.michelbonnargent.fr\/wp-content\/uploads\/2023\/04\/vol9_livret_p4-p1-copy_480.jpg 480w, https:\/\/www.michelbonnargent.fr\/wp-content\/uploads\/2023\/04\/vol9_livret_p4-p1-copy_480-400x198.jpg 400w, https:\/\/www.michelbonnargent.fr\/wp-content\/uploads\/2023\/04\/vol9_livret_p4-p1-copy_480-300x149.jpg 300w\" sizes=\"(max-width: 480px) 100vw, 480px\" \/><\/p>\n<p><span style=\"font-family: Arial,Helvetica,sans-serif; font-size: 12px; color: #999999;\">Ce CD contient douze morceaux compos\u00e9s entre 2012 et septembre 2013.<\/span><\/p>\n<p><span style=\"font-size: 16px; font-family: Arial,Helvetica,sans-serif; color: #999999;\">Titres du CD \u00ab\u00a0Souviens-toi\u00a0\u00bb<\/span><\/p>\n<!--[if lt IE 9]><script>document.createElement('audio');<\/script><![endif]-->\n\t<div class=\"wp-playlist wp-audio-playlist wp-playlist-light\">\n\t\t\t<div class=\"wp-playlist-current-item\"><\/div>\n\t\t<audio controls=\"controls\" preload=\"none\" width=\"608\"\n\t\t\t><\/audio>\n\t<div class=\"wp-playlist-next\"><\/div>\n\t<div class=\"wp-playlist-prev\"><\/div>\n\t<noscript>\n\t<ol>\n\t\t<li><a href='https:\/\/www.michelbonnargent.fr\/wp-content\/uploads\/2014\/07\/01-quand.mp3'>Quand<\/a><\/li><li><a href='https:\/\/www.michelbonnargent.fr\/wp-content\/uploads\/2014\/07\/02-souris-moi-ce-soir.mp3'>Souris-moi ce soir<\/a><\/li><li><a href='https:\/\/www.michelbonnargent.fr\/wp-content\/uploads\/2014\/07\/03-si-vous-passez-me-voir.mp3'>Si vous passez me voir<\/a><\/li><li><a href='https:\/\/www.michelbonnargent.fr\/wp-content\/uploads\/2014\/07\/04-souviens-toi.mp3'>Souviens-toi (extrait)<\/a><\/li><li><a href='https:\/\/www.michelbonnargent.fr\/wp-content\/uploads\/2014\/07\/05-je-tattendrai-ce-soir.mp3'>Je t'attendrai ce soir<\/a><\/li><li><a href='https:\/\/www.michelbonnargent.fr\/wp-content\/uploads\/2014\/07\/06-je-reviendrai-chez-moi.mp3'>Je reviendrai chez moi<\/a><\/li><li><a href='https:\/\/www.michelbonnargent.fr\/wp-content\/uploads\/2014\/07\/07-je-pense-toujours-\u00e0-toi.mp3'>Je pense toujours \u00e0 toi<\/a><\/li><li><a href='https:\/\/www.michelbonnargent.fr\/wp-content\/uploads\/2014\/07\/08-farandole.mp3'>Farandole<\/a><\/li><li><a href='https:\/\/www.michelbonnargent.fr\/wp-content\/uploads\/2014\/07\/09-rockambole.mp3'>Rockambole (extrait)<\/a><\/li><li><a href='https:\/\/www.michelbonnargent.fr\/wp-content\/uploads\/2014\/07\/11-crilence.mp3'>Crilence - bande annonce du recueil \u00e9ponyme d'Eve de Laudec<\/a><\/li><li><a href='https:\/\/www.michelbonnargent.fr\/wp-content\/uploads\/2014\/07\/10-lexil\u00e9.mp3'>L'exil\u00e9 (extrait) - en hommage \u00e0 Pascal Paoli<\/a><\/li>\t<\/ol>\n\t<\/noscript>\n\t<script type=\"application\/json\" class=\"wp-playlist-script\">{\"type\":\"audio\",\"tracklist\":true,\"tracknumbers\":true,\"images\":true,\"artists\":true,\"tracks\":[{\"src\":\"https:\\\/\\\/www.michelbonnargent.fr\\\/wp-content\\\/uploads\\\/2014\\\/07\\\/01-quand.mp3\",\"type\":\"audio\\\/mpeg\",\"title\":\"Quand\",\"caption\":\"\",\"description\":\"<i>01-quand<\\\/i>.\",\"meta\":{\"length_formatted\":\"3:49\"},\"image\":{\"src\":\"https:\\\/\\\/www.michelbonnargent.fr\\\/wp-includes\\\/images\\\/media\\\/audio.png\",\"width\":48,\"height\":64},\"thumb\":{\"src\":\"https:\\\/\\\/www.michelbonnargent.fr\\\/wp-includes\\\/images\\\/media\\\/audio.png\",\"width\":48,\"height\":64}},{\"src\":\"https:\\\/\\\/www.michelbonnargent.fr\\\/wp-content\\\/uploads\\\/2014\\\/07\\\/02-souris-moi-ce-soir.mp3\",\"type\":\"audio\\\/mpeg\",\"title\":\"Souris-moi ce soir\",\"caption\":\"\",\"description\":\"<i>02-souris-moi ce soir<\\\/i>.\",\"meta\":{\"length_formatted\":\"3:01\"},\"image\":{\"src\":\"https:\\\/\\\/www.michelbonnargent.fr\\\/wp-includes\\\/images\\\/media\\\/audio.png\",\"width\":48,\"height\":64},\"thumb\":{\"src\":\"https:\\\/\\\/www.michelbonnargent.fr\\\/wp-includes\\\/images\\\/media\\\/audio.png\",\"width\":48,\"height\":64}},{\"src\":\"https:\\\/\\\/www.michelbonnargent.fr\\\/wp-content\\\/uploads\\\/2014\\\/07\\\/03-si-vous-passez-me-voir.mp3\",\"type\":\"audio\\\/mpeg\",\"title\":\"Si vous passez me voir\",\"caption\":\"\",\"description\":\"<i>03-si vous passez me voir<\\\/i>.\",\"meta\":{\"length_formatted\":\"3:48\"},\"image\":{\"src\":\"https:\\\/\\\/www.michelbonnargent.fr\\\/wp-includes\\\/images\\\/media\\\/audio.png\",\"width\":48,\"height\":64},\"thumb\":{\"src\":\"https:\\\/\\\/www.michelbonnargent.fr\\\/wp-includes\\\/images\\\/media\\\/audio.png\",\"width\":48,\"height\":64}},{\"src\":\"https:\\\/\\\/www.michelbonnargent.fr\\\/wp-content\\\/uploads\\\/2014\\\/07\\\/04-souviens-toi.mp3\",\"type\":\"audio\\\/mpeg\",\"title\":\"Souviens-toi (extrait)\",\"caption\":\"\",\"description\":\"<i>04-souviens-toi<\\\/i>.\",\"meta\":{\"artist\":\"Michel Bonnargent\",\"length_formatted\":\"4:13\"},\"image\":{\"src\":\"https:\\\/\\\/www.michelbonnargent.fr\\\/wp-includes\\\/images\\\/media\\\/audio.png\",\"width\":48,\"height\":64},\"thumb\":{\"src\":\"https:\\\/\\\/www.michelbonnargent.fr\\\/wp-includes\\\/images\\\/media\\\/audio.png\",\"width\":48,\"height\":64}},{\"src\":\"https:\\\/\\\/www.michelbonnargent.fr\\\/wp-content\\\/uploads\\\/2014\\\/07\\\/05-je-tattendrai-ce-soir.mp3\",\"type\":\"audio\\\/mpeg\",\"title\":\"Je t'attendrai ce soir\",\"caption\":\"\",\"description\":\"<i>05-je t'attendrai ce soir<\\\/i>.\",\"meta\":{\"length_formatted\":\"3:04\"},\"image\":{\"src\":\"https:\\\/\\\/www.michelbonnargent.fr\\\/wp-includes\\\/images\\\/media\\\/audio.png\",\"width\":48,\"height\":64},\"thumb\":{\"src\":\"https:\\\/\\\/www.michelbonnargent.fr\\\/wp-includes\\\/images\\\/media\\\/audio.png\",\"width\":48,\"height\":64}},{\"src\":\"https:\\\/\\\/www.michelbonnargent.fr\\\/wp-content\\\/uploads\\\/2014\\\/07\\\/06-je-reviendrai-chez-moi.mp3\",\"type\":\"audio\\\/mpeg\",\"title\":\"Je reviendrai chez moi\",\"caption\":\"\",\"description\":\"<i>06-je reviendrai chez moi<\\\/i>.\",\"meta\":{\"length_formatted\":\"3:56\"},\"image\":{\"src\":\"https:\\\/\\\/www.michelbonnargent.fr\\\/wp-includes\\\/images\\\/media\\\/audio.png\",\"width\":48,\"height\":64},\"thumb\":{\"src\":\"https:\\\/\\\/www.michelbonnargent.fr\\\/wp-includes\\\/images\\\/media\\\/audio.png\",\"width\":48,\"height\":64}},{\"src\":\"https:\\\/\\\/www.michelbonnargent.fr\\\/wp-content\\\/uploads\\\/2014\\\/07\\\/07-je-pense-toujours-\\u00e0-toi.mp3\",\"type\":\"audio\\\/mpeg\",\"title\":\"Je pense toujours \\u00e0 toi\",\"caption\":\"\",\"description\":\"<i>07-je pense toujours \\u00e0 toi<\\\/i>.\",\"meta\":{\"length_formatted\":\"3:18\"},\"image\":{\"src\":\"https:\\\/\\\/www.michelbonnargent.fr\\\/wp-includes\\\/images\\\/media\\\/audio.png\",\"width\":48,\"height\":64},\"thumb\":{\"src\":\"https:\\\/\\\/www.michelbonnargent.fr\\\/wp-includes\\\/images\\\/media\\\/audio.png\",\"width\":48,\"height\":64}},{\"src\":\"https:\\\/\\\/www.michelbonnargent.fr\\\/wp-content\\\/uploads\\\/2014\\\/07\\\/08-farandole.mp3\",\"type\":\"audio\\\/mpeg\",\"title\":\"Farandole\",\"caption\":\"\",\"description\":\"<i>08-farandole<\\\/i>.\",\"meta\":{\"length_formatted\":\"3:18\"},\"image\":{\"src\":\"https:\\\/\\\/www.michelbonnargent.fr\\\/wp-includes\\\/images\\\/media\\\/audio.png\",\"width\":48,\"height\":64},\"thumb\":{\"src\":\"https:\\\/\\\/www.michelbonnargent.fr\\\/wp-includes\\\/images\\\/media\\\/audio.png\",\"width\":48,\"height\":64}},{\"src\":\"https:\\\/\\\/www.michelbonnargent.fr\\\/wp-content\\\/uploads\\\/2014\\\/07\\\/09-rockambole.mp3\",\"type\":\"audio\\\/mpeg\",\"title\":\"Rockambole (extrait)\",\"caption\":\"\",\"description\":\"<i>09-rockambole<\\\/i>.\",\"meta\":{\"length_formatted\":\"3:05\"},\"image\":{\"src\":\"https:\\\/\\\/www.michelbonnargent.fr\\\/wp-includes\\\/images\\\/media\\\/audio.png\",\"width\":48,\"height\":64},\"thumb\":{\"src\":\"https:\\\/\\\/www.michelbonnargent.fr\\\/wp-includes\\\/images\\\/media\\\/audio.png\",\"width\":48,\"height\":64}},{\"src\":\"https:\\\/\\\/www.michelbonnargent.fr\\\/wp-content\\\/uploads\\\/2014\\\/07\\\/11-crilence.mp3\",\"type\":\"audio\\\/mpeg\",\"title\":\"Crilence - bande annonce du recueil \\u00e9ponyme d'Eve de Laudec\",\"caption\":\"\",\"description\":\"<i>11-crilence<\\\/i>.\",\"meta\":{\"length_formatted\":\"1:51\"},\"image\":{\"src\":\"https:\\\/\\\/www.michelbonnargent.fr\\\/wp-includes\\\/images\\\/media\\\/audio.png\",\"width\":48,\"height\":64},\"thumb\":{\"src\":\"https:\\\/\\\/www.michelbonnargent.fr\\\/wp-includes\\\/images\\\/media\\\/audio.png\",\"width\":48,\"height\":64}},{\"src\":\"https:\\\/\\\/www.michelbonnargent.fr\\\/wp-content\\\/uploads\\\/2014\\\/07\\\/10-lexil\\u00e9.mp3\",\"type\":\"audio\\\/mpeg\",\"title\":\"L'exil\\u00e9 (extrait) - en hommage \\u00e0 Pascal Paoli\",\"caption\":\"\",\"description\":\"<i>10-l'exil\\u00e9<\\\/i>.\",\"meta\":{\"length_formatted\":\"4:20\"},\"image\":{\"src\":\"https:\\\/\\\/www.michelbonnargent.fr\\\/wp-includes\\\/images\\\/media\\\/audio.png\",\"width\":48,\"height\":64},\"thumb\":{\"src\":\"https:\\\/\\\/www.michelbonnargent.fr\\\/wp-includes\\\/images\\\/media\\\/audio.png\",\"width\":48,\"height\":64}}]}<\/script>\n<\/div>\n\t\n<div class=\"pvc_clear\"><\/div>\n<p id=\"pvc_stats_455\" class=\"pvc_stats all  \" data-element-id=\"455\" style=\"\"><i class=\"pvc-stats-icon medium\" aria-hidden=\"true\"><svg aria-hidden=\"true\" focusable=\"false\" data-prefix=\"far\" data-icon=\"chart-bar\" role=\"img\" xmlns=\"http:\/\/www.w3.org\/2000\/svg\" viewBox=\"0 0 512 512\" class=\"svg-inline--fa fa-chart-bar fa-w-16 fa-2x\"><path fill=\"currentColor\" d=\"M396.8 352h22.4c6.4 0 12.8-6.4 12.8-12.8V108.8c0-6.4-6.4-12.8-12.8-12.8h-22.4c-6.4 0-12.8 6.4-12.8 12.8v230.4c0 6.4 6.4 12.8 12.8 12.8zm-192 0h22.4c6.4 0 12.8-6.4 12.8-12.8V140.8c0-6.4-6.4-12.8-12.8-12.8h-22.4c-6.4 0-12.8 6.4-12.8 12.8v198.4c0 6.4 6.4 12.8 12.8 12.8zm96 0h22.4c6.4 0 12.8-6.4 12.8-12.8V204.8c0-6.4-6.4-12.8-12.8-12.8h-22.4c-6.4 0-12.8 6.4-12.8 12.8v134.4c0 6.4 6.4 12.8 12.8 12.8zM496 400H48V80c0-8.84-7.16-16-16-16H16C7.16 64 0 71.16 0 80v336c0 17.67 14.33 32 32 32h464c8.84 0 16-7.16 16-16v-16c0-8.84-7.16-16-16-16zm-387.2-48h22.4c6.4 0 12.8-6.4 12.8-12.8v-70.4c0-6.4-6.4-12.8-12.8-12.8h-22.4c-6.4 0-12.8 6.4-12.8 12.8v70.4c0 6.4 6.4 12.8 12.8 12.8z\" class=\"\"><\/path><\/svg><\/i> <img decoding=\"async\" loading=\"lazy\" width=\"16\" height=\"16\" alt=\"Loading\" src=\"https:\/\/www.michelbonnargent.fr\/wp-content\/plugins\/page-views-count\/ajax-loader-2x.gif\" border=0 \/><\/p>\n<div class=\"pvc_clear\"><\/div>\n","protected":false},"excerpt":{"rendered":"<p>Souviens-toi &#8211; voir la boutique Ce CD contient douze morceaux compos\u00e9s entre 2012 et septembre 2013. Titres du CD \u00ab\u00a0Souviens-toi\u00a0\u00bb<\/p>\n<div class=\"pvc_clear\"><\/div>\n<p id=\"pvc_stats_455\" class=\"pvc_stats all  \" data-element-id=\"455\" style=\"\"><i class=\"pvc-stats-icon medium\" aria-hidden=\"true\"><svg aria-hidden=\"true\" focusable=\"false\" data-prefix=\"far\" data-icon=\"chart-bar\" role=\"img\" xmlns=\"http:\/\/www.w3.org\/2000\/svg\" viewBox=\"0 0 512 512\" class=\"svg-inline--fa fa-chart-bar fa-w-16 fa-2x\"><path fill=\"currentColor\" d=\"M396.8 352h22.4c6.4 0 12.8-6.4 12.8-12.8V108.8c0-6.4-6.4-12.8-12.8-12.8h-22.4c-6.4 0-12.8 6.4-12.8 12.8v230.4c0 6.4 6.4 12.8 12.8 12.8zm-192 0h22.4c6.4 0 12.8-6.4 12.8-12.8V140.8c0-6.4-6.4-12.8-12.8-12.8h-22.4c-6.4 0-12.8 6.4-12.8 12.8v198.4c0 6.4 6.4 12.8 12.8 12.8zm96 0h22.4c6.4 0 12.8-6.4 12.8-12.8V204.8c0-6.4-6.4-12.8-12.8-12.8h-22.4c-6.4 0-12.8 6.4-12.8 12.8v134.4c0 6.4 6.4 12.8 12.8 12.8zM496 400H48V80c0-8.84-7.16-16-16-16H16C7.16 64 0 71.16 0 80v336c0 17.67 14.33 32 32 32h464c8.84 0 16-7.16 16-16v-16c0-8.84-7.16-16-16-16zm-387.2-48h22.4c6.4 0 12.8-6.4 12.8-12.8v-70.4c0-6.4-6.4-12.8-12.8-12.8h-22.4c-6.4 0-12.8 6.4-12.8 12.8v70.4c0 6.4 6.4 12.8 12.8 12.8z\" class=\"\"><\/path><\/svg><\/i> <img decoding=\"async\" loading=\"lazy\" width=\"16\" height=\"16\" alt=\"Loading\" src=\"https:\/\/www.michelbonnargent.fr\/wp-content\/plugins\/page-views-count\/ajax-loader-2x.gif\" border=0 \/><\/p>\n<div class=\"pvc_clear\"><\/div>\n","protected":false},"author":1,"featured_media":0,"parent":30,"menu_order":0,"comment_status":"open","ping_status":"open","template":"","meta":{"footnotes":""},"a3_pvc":{"activated":true,"total_views":1211,"today_views":0},"_links":{"self":[{"href":"https:\/\/www.michelbonnargent.fr\/accueil\/wp-json\/wp\/v2\/pages\/455"}],"collection":[{"href":"https:\/\/www.michelbonnargent.fr\/accueil\/wp-json\/wp\/v2\/pages"}],"about":[{"href":"https:\/\/www.michelbonnargent.fr\/accueil\/wp-json\/wp\/v2\/types\/page"}],"author":[{"embeddable":true,"href":"https:\/\/www.michelbonnargent.fr\/accueil\/wp-json\/wp\/v2\/users\/1"}],"replies":[{"embeddable":true,"href":"https:\/\/www.michelbonnargent.fr\/accueil\/wp-json\/wp\/v2\/comments?post=455"}],"version-history":[{"count":8,"href":"https:\/\/www.michelbonnargent.fr\/accueil\/wp-json\/wp\/v2\/pages\/455\/revisions"}],"predecessor-version":[{"id":1769,"href":"https:\/\/www.michelbonnargent.fr\/accueil\/wp-json\/wp\/v2\/pages\/455\/revisions\/1769"}],"up":[{"embeddable":true,"href":"https:\/\/www.michelbonnargent.fr\/accueil\/wp-json\/wp\/v2\/pages\/30"}],"wp:attachment":[{"href":"https:\/\/www.michelbonnargent.fr\/accueil\/wp-json\/wp\/v2\/media?parent=455"}],"curies":[{"name":"wp","href":"https:\/\/api.w.org\/{rel}","templated":true}]}}