{"id":437,"date":"2014-07-14T11:24:22","date_gmt":"2014-07-14T10:24:22","guid":{"rendered":"http:\/\/michelbonnargent.fr\/?page_id=437"},"modified":"2023-08-17T18:44:09","modified_gmt":"2023-08-17T17:44:09","slug":"en-live","status":"publish","type":"page","link":"https:\/\/www.michelbonnargent.fr\/accueil\/videos\/en-live\/","title":{"rendered":"en live"},"content":{"rendered":"<p>March\u00e9 de la po\u00e9sie de Bordeaux &#8211; sc\u00e8ne ouverte du 6 mars 2017<br \/>\nJ&rsquo;\u00e9crirai &#8211; sur un po\u00e8me de Salah Al Hamdani<\/p>\n<p><span style=\"color: #999999;\"><iframe loading=\"lazy\" src=\"\/\/www.youtube.com\/embed\/kYyCwf-B2Pk\" width=\"280\" height=\"158\" frameborder=\"0\" allowfullscreen=\"allowfullscreen\"><\/iframe><\/span><\/p>\n<p>Interview dans les locaux de Buzz Land suite \u00e0 la victoire r\u00e9v\u00e9lation 6 (f\u00e9vrier 2015)<\/p>\n<div style=\"width: 630px;\" class=\"wp-video\"><!--[if lt IE 9]><script>document.createElement('video');<\/script><![endif]-->\n<video class=\"wp-video-shortcode\" id=\"video-437-1\" width=\"630\" height=\"354\" preload=\"metadata\" controls=\"controls\"><source type=\"video\/mp4\" src=\"https:\/\/www.michelbonnargent.fr\/wp-content\/uploads\/2023\/08\/Interview-Michel-Bonnargent.mp4?_=1\" \/><a href=\"https:\/\/www.michelbonnargent.fr\/wp-content\/uploads\/2023\/08\/Interview-Michel-Bonnargent.mp4\">https:\/\/www.michelbonnargent.fr\/wp-content\/uploads\/2023\/08\/Interview-Michel-Bonnargent.mp4<\/a><\/video><\/div>\n<p>\u00ab\u00a0j&rsquo;\u00e9crirai en mots bleus\u00a0\u00bb en session acoustique dans les locaux de Buzz Land suite \u00e0 la victoire r\u00e9v\u00e9lation 6 (f\u00e9vrier 2015)<\/p>\n<div style=\"width: 630px;\" class=\"wp-video\"><video class=\"wp-video-shortcode\" id=\"video-437-2\" width=\"630\" height=\"354\" preload=\"metadata\" controls=\"controls\"><source type=\"video\/mp4\" src=\"https:\/\/www.michelbonnargent.fr\/wp-content\/uploads\/2023\/08\/Jecrirai-en-mots-bleus-buzzland.mp4?_=2\" \/><a href=\"https:\/\/www.michelbonnargent.fr\/wp-content\/uploads\/2023\/08\/Jecrirai-en-mots-bleus-buzzland.mp4\">https:\/\/www.michelbonnargent.fr\/wp-content\/uploads\/2023\/08\/Jecrirai-en-mots-bleus-buzzland.mp4<\/a><\/video><\/div>\n<p><span style=\"color: #999999;\">Live au Rythm and Co 2015 (LTV Limousin)<\/span><\/p>\n<div style=\"width: 630px;\" class=\"wp-video\"><video class=\"wp-video-shortcode\" id=\"video-437-3\" width=\"630\" height=\"354\" preload=\"metadata\" controls=\"controls\"><source type=\"video\/mp4\" src=\"https:\/\/www.michelbonnargent.fr\/wp-content\/uploads\/2023\/08\/Rythm-And-Co-BONNARGENT-LTV-Limousin-votre-web-TV-.mp4?_=3\" \/><a href=\"https:\/\/www.michelbonnargent.fr\/wp-content\/uploads\/2023\/08\/Rythm-And-Co-BONNARGENT-LTV-Limousin-votre-web-TV-.mp4\">https:\/\/www.michelbonnargent.fr\/wp-content\/uploads\/2023\/08\/Rythm-And-Co-BONNARGENT-LTV-Limousin-votre-web-TV-.mp4<\/a><\/video><\/div>\n<p><span style=\"color: #999999;\">Live au Rythm and Co 2014 (LTV Limousin)<\/span><\/p>\n<div style=\"width: 480px;\" class=\"wp-video\"><video class=\"wp-video-shortcode\" id=\"video-437-4\" width=\"480\" height=\"360\" preload=\"metadata\" controls=\"controls\"><source type=\"video\/mp4\" src=\"https:\/\/www.michelbonnargent.fr\/wp-content\/uploads\/2023\/08\/ambazac-2014.mp4?_=4\" \/><a href=\"https:\/\/www.michelbonnargent.fr\/wp-content\/uploads\/2023\/08\/ambazac-2014.mp4\">https:\/\/www.michelbonnargent.fr\/wp-content\/uploads\/2023\/08\/ambazac-2014.mp4<\/a><\/video><\/div>\n<p><span style=\"color: #999999;\"><iframe loading=\"lazy\" src=\"\/\/www.youtube.com\/embed\/GhiJ89iRHVs\" width=\"280\" height=\"158\" frameborder=\"0\" allowfullscreen=\"allowfullscreen\"><\/iframe><\/span><br \/>\n<span style=\"color: #999999;\"> <iframe loading=\"lazy\" src=\"\/\/www.youtube.com\/embed\/xRl123D3gBo\" width=\"280\" height=\"158\" frameborder=\"0\" allowfullscreen=\"allowfullscreen\"><\/iframe><\/span><br \/>\n<span style=\"color: #999999;\"> <iframe loading=\"lazy\" src=\"\/\/www.youtube.com\/embed\/F6y_iE2Yvyc\" width=\"280\" height=\"158\" frameborder=\"0\" allowfullscreen=\"allowfullscreen\"><\/iframe><\/span><br \/>\n<span style=\"color: #999999;\"> <iframe loading=\"lazy\" src=\"\/\/www.youtube.com\/embed\/Sjmwvajp45g\" width=\"280\" height=\"158\" frameborder=\"0\" allowfullscreen=\"allowfullscreen\"><\/iframe><\/span><br \/>\n<span style=\"color: #999999;\"> <iframe loading=\"lazy\" src=\"\/\/www.youtube.com\/embed\/EBptB4wGde8\" width=\"280\" height=\"158\" frameborder=\"0\" allowfullscreen=\"allowfullscreen\"><\/iframe><\/span><br \/>\n<span style=\"color: #999999;\"> <iframe loading=\"lazy\" src=\"\/\/www.youtube.com\/embed\/DagZ6EC-kFI\" width=\"280\" height=\"158\" frameborder=\"0\" allowfullscreen=\"allowfullscreen\"><\/iframe><\/span><br \/>\n<span style=\"color: #999999;\"> <iframe loading=\"lazy\" src=\"\/\/www.youtube.com\/embed\/v0xXyYCLBhU\" width=\"280\" height=\"158\" frameborder=\"0\" allowfullscreen=\"allowfullscreen\"><\/iframe><\/span><br \/>\n<span style=\"color: #999999;\"> <iframe loading=\"lazy\" src=\"\/\/www.youtube.com\/embed\/BEhheLWVS2U\" width=\"280\" height=\"158\" frameborder=\"0\" allowfullscreen=\"allowfullscreen\"><\/iframe><\/span><br \/>\n<span style=\"color: #999999;\"> <iframe loading=\"lazy\" src=\"\/\/www.youtube.com\/embed\/13qwmdzor90\" width=\"280\" height=\"158\" frameborder=\"0\" allowfullscreen=\"allowfullscreen\"><\/iframe><\/span><br \/>\n<span style=\"color: #999999;\"> <iframe loading=\"lazy\" src=\"\/\/www.youtube.com\/embed\/Bdd8k92wfLU\" width=\"280\" height=\"158\" frameborder=\"0\" allowfullscreen=\"allowfullscreen\"><\/iframe><\/span><br \/>\n<span style=\"color: #999999;\"> <iframe loading=\"lazy\" src=\"\/\/www.youtube.com\/embed\/hrTACAQSyeg\" width=\"280\" height=\"158\" frameborder=\"0\" allowfullscreen=\"allowfullscreen\"><\/iframe><\/span><br \/>\n<span style=\"color: #999999;\"> <iframe loading=\"lazy\" src=\"\/\/www.youtube.com\/embed\/lVnXqPoAXcI\" width=\"280\" height=\"158\" frameborder=\"0\" allowfullscreen=\"allowfullscreen\"><\/iframe><\/span><br \/>\n<span style=\"color: #999999;\"> <iframe loading=\"lazy\" src=\"\/\/www.youtube.com\/embed\/bCQZ8iGMC1g\" width=\"280\" height=\"158\" frameborder=\"0\" allowfullscreen=\"allowfullscreen\"><\/iframe><\/span><br \/>\n<span style=\"color: #999999;\"> <iframe loading=\"lazy\" src=\"\/\/www.youtube.com\/embed\/Zlv5hN2HiDM\" width=\"280\" height=\"158\" frameborder=\"0\" allowfullscreen=\"allowfullscreen\"><\/iframe><\/span><br \/>\n<span style=\"color: #999999;\"> <iframe loading=\"lazy\" src=\"\/\/www.youtube.com\/embed\/B0kDPtdHTfk\" width=\"280\" height=\"158\" frameborder=\"0\" allowfullscreen=\"allowfullscreen\"><\/iframe><\/span><br \/>\n<span style=\"color: #999999;\"> <iframe loading=\"lazy\" src=\"\/\/www.youtube.com\/embed\/8NiZvInio0A\" width=\"280\" height=\"158\" frameborder=\"0\" allowfullscreen=\"allowfullscreen\"><\/iframe><\/span><br \/>\n<span style=\"color: #999999;\"> <iframe loading=\"lazy\" src=\"\/\/www.youtube.com\/embed\/JENB2b0JS-U\" width=\"280\" height=\"158\" frameborder=\"0\" allowfullscreen=\"allowfullscreen\"><\/iframe><\/span><br \/>\n<span style=\"color: #999999;\"> <iframe loading=\"lazy\" src=\"\/\/www.youtube.com\/embed\/efqYY1Rp_y0\" width=\"280\" height=\"158\" frameborder=\"0\" allowfullscreen=\"allowfullscreen\"><\/iframe><\/span><br \/>\n<span style=\"color: #999999;\"> <iframe loading=\"lazy\" src=\"\/\/www.youtube.com\/embed\/um25UNupheo\" width=\"280\" height=\"158\" frameborder=\"0\" allowfullscreen=\"allowfullscreen\"><\/iframe><\/span><br \/>\n<span style=\"color: #999999;\"> <iframe loading=\"lazy\" src=\"\/\/www.youtube.com\/embed\/TrOlxXnxMb4\" width=\"280\" height=\"158\" frameborder=\"0\" allowfullscreen=\"allowfullscreen\"><\/iframe><\/span><br \/>\n<span style=\"color: #999999;\"> <iframe loading=\"lazy\" src=\"\/\/www.youtube.com\/embed\/FIeVNc1PF5s\" width=\"280\" height=\"158\" frameborder=\"0\" allowfullscreen=\"allowfullscreen\"><\/iframe><\/span><br \/>\n<span style=\"color: #999999;\"> <iframe loading=\"lazy\" src=\"\/\/www.youtube.com\/embed\/ZJ3ey9vPMpk\" width=\"280\" height=\"158\" frameborder=\"0\" allowfullscreen=\"allowfullscreen\"><\/iframe><\/span><br \/>\n<span style=\"color: #999999;\"> <iframe loading=\"lazy\" src=\"\/\/www.youtube.com\/embed\/Vb13zoi715o\" width=\"280\" height=\"158\" frameborder=\"0\" allowfullscreen=\"allowfullscreen\"><\/iframe><\/span><br \/>\n<span style=\"color: #999999;\"> <iframe loading=\"lazy\" src=\"\/\/www.youtube.com\/embed\/qM0efM5zGuA\" width=\"280\" height=\"158\" frameborder=\"0\" allowfullscreen=\"allowfullscreen\"><\/iframe><\/span><br \/>\n<span style=\"color: #999999;\"> <iframe loading=\"lazy\" src=\"\/\/www.youtube.com\/embed\/EbLGE2P-R4E\" width=\"280\" height=\"158\" frameborder=\"0\" allowfullscreen=\"allowfullscreen\"><\/iframe><\/span><br \/>\n<span style=\"color: #999999;\"> <iframe loading=\"lazy\" src=\"\/\/www.youtube.com\/embed\/9MtgsB5PtM0\" width=\"280\" height=\"158\" frameborder=\"0\" allowfullscreen=\"allowfullscreen\"><\/iframe><\/span><br \/>\n<span style=\"color: #999999;\"> <iframe loading=\"lazy\" src=\"\/\/www.youtube.com\/embed\/t-wA1U14ZWk\" width=\"280\" height=\"158\" frameborder=\"0\" allowfullscreen=\"allowfullscreen\"><\/iframe><\/span><br \/>\n<span style=\"color: #999999;\"> <iframe loading=\"lazy\" src=\"\/\/www.youtube.com\/embed\/iVo6hTj1EwU\" width=\"280\" height=\"158\" frameborder=\"0\" allowfullscreen=\"allowfullscreen\"><\/iframe><\/span><br \/>\n<span style=\"color: #999999;\"> <iframe loading=\"lazy\" src=\"\/\/www.youtube.com\/embed\/SIrfHALZ_jQ\" width=\"280\" height=\"158\" frameborder=\"0\" allowfullscreen=\"allowfullscreen\"><\/iframe><\/span><\/p>\n<div class=\"pvc_clear\"><\/div>\n<p id=\"pvc_stats_437\" class=\"pvc_stats all  \" data-element-id=\"437\" style=\"\"><i class=\"pvc-stats-icon medium\" aria-hidden=\"true\"><svg aria-hidden=\"true\" focusable=\"false\" data-prefix=\"far\" data-icon=\"chart-bar\" role=\"img\" xmlns=\"http:\/\/www.w3.org\/2000\/svg\" viewBox=\"0 0 512 512\" class=\"svg-inline--fa fa-chart-bar fa-w-16 fa-2x\"><path fill=\"currentColor\" d=\"M396.8 352h22.4c6.4 0 12.8-6.4 12.8-12.8V108.8c0-6.4-6.4-12.8-12.8-12.8h-22.4c-6.4 0-12.8 6.4-12.8 12.8v230.4c0 6.4 6.4 12.8 12.8 12.8zm-192 0h22.4c6.4 0 12.8-6.4 12.8-12.8V140.8c0-6.4-6.4-12.8-12.8-12.8h-22.4c-6.4 0-12.8 6.4-12.8 12.8v198.4c0 6.4 6.4 12.8 12.8 12.8zm96 0h22.4c6.4 0 12.8-6.4 12.8-12.8V204.8c0-6.4-6.4-12.8-12.8-12.8h-22.4c-6.4 0-12.8 6.4-12.8 12.8v134.4c0 6.4 6.4 12.8 12.8 12.8zM496 400H48V80c0-8.84-7.16-16-16-16H16C7.16 64 0 71.16 0 80v336c0 17.67 14.33 32 32 32h464c8.84 0 16-7.16 16-16v-16c0-8.84-7.16-16-16-16zm-387.2-48h22.4c6.4 0 12.8-6.4 12.8-12.8v-70.4c0-6.4-6.4-12.8-12.8-12.8h-22.4c-6.4 0-12.8 6.4-12.8 12.8v70.4c0 6.4 6.4 12.8 12.8 12.8z\" class=\"\"><\/path><\/svg><\/i> <img decoding=\"async\" loading=\"lazy\" width=\"16\" height=\"16\" alt=\"Loading\" src=\"https:\/\/www.michelbonnargent.fr\/wp-content\/plugins\/page-views-count\/ajax-loader-2x.gif\" border=0 \/><\/p>\n<div class=\"pvc_clear\"><\/div>\n","protected":false},"excerpt":{"rendered":"<p>March\u00e9 de la po\u00e9sie de Bordeaux &#8211; sc\u00e8ne ouverte du 6 mars 2017 J&rsquo;\u00e9crirai &#8211; sur un po\u00e8me de Salah Al Hamdani Interview dans les locaux de Buzz Land suite \u00e0 la victoire r\u00e9v\u00e9lation 6 (f\u00e9vrier 2015) \u00ab\u00a0j&rsquo;\u00e9crirai en mots bleus\u00a0\u00bb en session acoustique dans les locaux de Buzz Land suite \u00e0 la victoire r\u00e9v\u00e9lation [&hellip;]<\/p>\n<div class=\"pvc_clear\"><\/div>\n<p id=\"pvc_stats_437\" class=\"pvc_stats all  \" data-element-id=\"437\" style=\"\"><i class=\"pvc-stats-icon medium\" aria-hidden=\"true\"><svg aria-hidden=\"true\" focusable=\"false\" data-prefix=\"far\" data-icon=\"chart-bar\" role=\"img\" xmlns=\"http:\/\/www.w3.org\/2000\/svg\" viewBox=\"0 0 512 512\" class=\"svg-inline--fa fa-chart-bar fa-w-16 fa-2x\"><path fill=\"currentColor\" d=\"M396.8 352h22.4c6.4 0 12.8-6.4 12.8-12.8V108.8c0-6.4-6.4-12.8-12.8-12.8h-22.4c-6.4 0-12.8 6.4-12.8 12.8v230.4c0 6.4 6.4 12.8 12.8 12.8zm-192 0h22.4c6.4 0 12.8-6.4 12.8-12.8V140.8c0-6.4-6.4-12.8-12.8-12.8h-22.4c-6.4 0-12.8 6.4-12.8 12.8v198.4c0 6.4 6.4 12.8 12.8 12.8zm96 0h22.4c6.4 0 12.8-6.4 12.8-12.8V204.8c0-6.4-6.4-12.8-12.8-12.8h-22.4c-6.4 0-12.8 6.4-12.8 12.8v134.4c0 6.4 6.4 12.8 12.8 12.8zM496 400H48V80c0-8.84-7.16-16-16-16H16C7.16 64 0 71.16 0 80v336c0 17.67 14.33 32 32 32h464c8.84 0 16-7.16 16-16v-16c0-8.84-7.16-16-16-16zm-387.2-48h22.4c6.4 0 12.8-6.4 12.8-12.8v-70.4c0-6.4-6.4-12.8-12.8-12.8h-22.4c-6.4 0-12.8 6.4-12.8 12.8v70.4c0 6.4 6.4 12.8 12.8 12.8z\" class=\"\"><\/path><\/svg><\/i> <img decoding=\"async\" loading=\"lazy\" width=\"16\" height=\"16\" alt=\"Loading\" src=\"https:\/\/www.michelbonnargent.fr\/wp-content\/plugins\/page-views-count\/ajax-loader-2x.gif\" border=0 \/><\/p>\n<div class=\"pvc_clear\"><\/div>\n","protected":false},"author":1,"featured_media":0,"parent":41,"menu_order":0,"comment_status":"open","ping_status":"open","template":"","meta":{"footnotes":""},"a3_pvc":{"activated":true,"total_views":536,"today_views":0},"_links":{"self":[{"href":"https:\/\/www.michelbonnargent.fr\/accueil\/wp-json\/wp\/v2\/pages\/437"}],"collection":[{"href":"https:\/\/www.michelbonnargent.fr\/accueil\/wp-json\/wp\/v2\/pages"}],"about":[{"href":"https:\/\/www.michelbonnargent.fr\/accueil\/wp-json\/wp\/v2\/types\/page"}],"author":[{"embeddable":true,"href":"https:\/\/www.michelbonnargent.fr\/accueil\/wp-json\/wp\/v2\/users\/1"}],"replies":[{"embeddable":true,"href":"https:\/\/www.michelbonnargent.fr\/accueil\/wp-json\/wp\/v2\/comments?post=437"}],"version-history":[{"count":35,"href":"https:\/\/www.michelbonnargent.fr\/accueil\/wp-json\/wp\/v2\/pages\/437\/revisions"}],"predecessor-version":[{"id":1843,"href":"https:\/\/www.michelbonnargent.fr\/accueil\/wp-json\/wp\/v2\/pages\/437\/revisions\/1843"}],"up":[{"embeddable":true,"href":"https:\/\/www.michelbonnargent.fr\/accueil\/wp-json\/wp\/v2\/pages\/41"}],"wp:attachment":[{"href":"https:\/\/www.michelbonnargent.fr\/accueil\/wp-json\/wp\/v2\/media?parent=437"}],"curies":[{"name":"wp","href":"https:\/\/api.w.org\/{rel}","templated":true}]}}