{"id":41,"date":"2014-07-05T16:04:38","date_gmt":"2014-07-05T15:04:38","guid":{"rendered":"http:\/\/michelbonnargent.fr\/?page_id=41"},"modified":"2018-01-10T02:00:14","modified_gmt":"2018-01-10T01:00:14","slug":"videos","status":"publish","type":"page","link":"https:\/\/www.michelbonnargent.fr\/accueil\/videos\/","title":{"rendered":"vid\u00e9os"},"content":{"rendered":"<p><a href=\"http:\/\/michelbonnargent.fr\/?page_id=1480\" target=\"_blank\">Mes derni\u00e8res vid\u00e9os<\/a><\/p>\n<p><a title=\"Chansons de Michel\" href=\"http:\/\/michelbonnargent.fr\/?page_id=435\"><span style=\"color: #999999;\"><span style=\"font-size: 16px; font-family: Arial,Helvetica,sans-serif; color: #999999;\">Chansons \u00e9crites et compos\u00e9es par Michel<\/span><\/span><\/a><\/p>\n<p><span style=\"color: #999999;\"><a title=\"en live\" href=\"http:\/\/michelbonnargent.fr\/?page_id=437\"><span style=\"font-size: 16px; font-family: Arial,Helvetica,sans-serif; color: #999999;\">En live<\/span><\/a><\/span><\/p>\n<p><span style=\"color: #999999;\"><a title=\"sur textes d\u2019auteurs\" href=\"http:\/\/michelbonnargent.fr\/?page_id=439\"><span style=\"font-size: 16px; font-family: Arial,Helvetica,sans-serif; color: #999999;\">Chansons compos\u00e9es sur textes d&rsquo;auteurs<\/span><\/a><\/span><\/p>\n<p><span style=\"color: #999999;\"><a title=\"Interpr\u00e9tations\" href=\"http:\/\/michelbonnargent.fr\/?page_id=441\"><span style=\"font-size: 16px; font-family: Arial,Helvetica,sans-serif; color: #999999;\">Interpr\u00e9tations<\/span><\/a><\/span><\/p>\n<p><span style=\"color: #999999;\"><a title=\"autres vid\u00e9os\" href=\"http:\/\/michelbonnargent.fr\/?page_id=443\"><span style=\"font-size: 16px; font-family: Arial,Helvetica,sans-serif; color: #999999;\">Autres vid\u00e9os<\/span><\/a><\/span><\/p>\n<div class=\"pvc_clear\"><\/div>\n<p id=\"pvc_stats_41\" class=\"pvc_stats all  \" data-element-id=\"41\" style=\"\"><i class=\"pvc-stats-icon medium\" aria-hidden=\"true\"><svg aria-hidden=\"true\" focusable=\"false\" data-prefix=\"far\" data-icon=\"chart-bar\" role=\"img\" xmlns=\"http:\/\/www.w3.org\/2000\/svg\" viewBox=\"0 0 512 512\" class=\"svg-inline--fa fa-chart-bar fa-w-16 fa-2x\"><path fill=\"currentColor\" d=\"M396.8 352h22.4c6.4 0 12.8-6.4 12.8-12.8V108.8c0-6.4-6.4-12.8-12.8-12.8h-22.4c-6.4 0-12.8 6.4-12.8 12.8v230.4c0 6.4 6.4 12.8 12.8 12.8zm-192 0h22.4c6.4 0 12.8-6.4 12.8-12.8V140.8c0-6.4-6.4-12.8-12.8-12.8h-22.4c-6.4 0-12.8 6.4-12.8 12.8v198.4c0 6.4 6.4 12.8 12.8 12.8zm96 0h22.4c6.4 0 12.8-6.4 12.8-12.8V204.8c0-6.4-6.4-12.8-12.8-12.8h-22.4c-6.4 0-12.8 6.4-12.8 12.8v134.4c0 6.4 6.4 12.8 12.8 12.8zM496 400H48V80c0-8.84-7.16-16-16-16H16C7.16 64 0 71.16 0 80v336c0 17.67 14.33 32 32 32h464c8.84 0 16-7.16 16-16v-16c0-8.84-7.16-16-16-16zm-387.2-48h22.4c6.4 0 12.8-6.4 12.8-12.8v-70.4c0-6.4-6.4-12.8-12.8-12.8h-22.4c-6.4 0-12.8 6.4-12.8 12.8v70.4c0 6.4 6.4 12.8 12.8 12.8z\" class=\"\"><\/path><\/svg><\/i> <img decoding=\"async\" loading=\"lazy\" width=\"16\" height=\"16\" alt=\"Loading\" src=\"https:\/\/www.michelbonnargent.fr\/wp-content\/plugins\/page-views-count\/ajax-loader-2x.gif\" border=0 \/><\/p>\n<div class=\"pvc_clear\"><\/div>\n","protected":false},"excerpt":{"rendered":"<p>Mes derni\u00e8res vid\u00e9os Chansons \u00e9crites et compos\u00e9es par Michel En live Chansons compos\u00e9es sur textes d&rsquo;auteurs Interpr\u00e9tations Autres vid\u00e9os<\/p>\n<div class=\"pvc_clear\"><\/div>\n<p id=\"pvc_stats_41\" class=\"pvc_stats all  \" data-element-id=\"41\" style=\"\"><i class=\"pvc-stats-icon medium\" aria-hidden=\"true\"><svg aria-hidden=\"true\" focusable=\"false\" data-prefix=\"far\" data-icon=\"chart-bar\" role=\"img\" xmlns=\"http:\/\/www.w3.org\/2000\/svg\" viewBox=\"0 0 512 512\" class=\"svg-inline--fa fa-chart-bar fa-w-16 fa-2x\"><path fill=\"currentColor\" d=\"M396.8 352h22.4c6.4 0 12.8-6.4 12.8-12.8V108.8c0-6.4-6.4-12.8-12.8-12.8h-22.4c-6.4 0-12.8 6.4-12.8 12.8v230.4c0 6.4 6.4 12.8 12.8 12.8zm-192 0h22.4c6.4 0 12.8-6.4 12.8-12.8V140.8c0-6.4-6.4-12.8-12.8-12.8h-22.4c-6.4 0-12.8 6.4-12.8 12.8v198.4c0 6.4 6.4 12.8 12.8 12.8zm96 0h22.4c6.4 0 12.8-6.4 12.8-12.8V204.8c0-6.4-6.4-12.8-12.8-12.8h-22.4c-6.4 0-12.8 6.4-12.8 12.8v134.4c0 6.4 6.4 12.8 12.8 12.8zM496 400H48V80c0-8.84-7.16-16-16-16H16C7.16 64 0 71.16 0 80v336c0 17.67 14.33 32 32 32h464c8.84 0 16-7.16 16-16v-16c0-8.84-7.16-16-16-16zm-387.2-48h22.4c6.4 0 12.8-6.4 12.8-12.8v-70.4c0-6.4-6.4-12.8-12.8-12.8h-22.4c-6.4 0-12.8 6.4-12.8 12.8v70.4c0 6.4 6.4 12.8 12.8 12.8z\" class=\"\"><\/path><\/svg><\/i> <img decoding=\"async\" loading=\"lazy\" width=\"16\" height=\"16\" alt=\"Loading\" src=\"https:\/\/www.michelbonnargent.fr\/wp-content\/plugins\/page-views-count\/ajax-loader-2x.gif\" border=0 \/><\/p>\n<div class=\"pvc_clear\"><\/div>\n","protected":false},"author":1,"featured_media":0,"parent":0,"menu_order":0,"comment_status":"open","ping_status":"open","template":"","meta":{"footnotes":""},"a3_pvc":{"activated":true,"total_views":18385,"today_views":0},"_links":{"self":[{"href":"https:\/\/www.michelbonnargent.fr\/accueil\/wp-json\/wp\/v2\/pages\/41"}],"collection":[{"href":"https:\/\/www.michelbonnargent.fr\/accueil\/wp-json\/wp\/v2\/pages"}],"about":[{"href":"https:\/\/www.michelbonnargent.fr\/accueil\/wp-json\/wp\/v2\/types\/page"}],"author":[{"embeddable":true,"href":"https:\/\/www.michelbonnargent.fr\/accueil\/wp-json\/wp\/v2\/users\/1"}],"replies":[{"embeddable":true,"href":"https:\/\/www.michelbonnargent.fr\/accueil\/wp-json\/wp\/v2\/comments?post=41"}],"version-history":[{"count":50,"href":"https:\/\/www.michelbonnargent.fr\/accueil\/wp-json\/wp\/v2\/pages\/41\/revisions"}],"predecessor-version":[{"id":1489,"href":"https:\/\/www.michelbonnargent.fr\/accueil\/wp-json\/wp\/v2\/pages\/41\/revisions\/1489"}],"wp:attachment":[{"href":"https:\/\/www.michelbonnargent.fr\/accueil\/wp-json\/wp\/v2\/media?parent=41"}],"curies":[{"name":"wp","href":"https:\/\/api.w.org\/{rel}","templated":true}]}}