{"id":22,"date":"2014-07-05T15:21:49","date_gmt":"2014-07-05T14:21:49","guid":{"rendered":"http:\/\/michelbonnargent.fr\/?page_id=22"},"modified":"2022-01-14T10:41:43","modified_gmt":"2022-01-14T09:41:43","slug":"qui-suis-je","status":"publish","type":"page","link":"https:\/\/www.michelbonnargent.fr\/accueil\/qui-suis-je\/","title":{"rendered":"pr\u00e9sentation"},"content":{"rendered":"\n<p><span style=\"color: #999999;\">Partag\u00e9 entre sa r\u00e9gion natale, le Bordelais, et la Touraine o\u00f9 il a v\u00e9cu pendant 30 ans, son c\u0153ur navigue entre Loire et Garonne.<\/span><br><span style=\"color: #999999;\"> Michel \u00e9crit des notes sur des mots et des mots sur des notes, qu&rsquo;ils soient de lui ou parfois d&rsquo;autres.<\/span><br><span style=\"color: #999999;\"> Il aime partager ses chansons pour le plaisir de donner du plaisir<\/span><br><span style=\"color: #999999;\"> Il aime \u00e9galement se produire sur sc\u00e8ne, moments qui sont pour lui l&rsquo;occasion de magnifiques partages mais d\u00e9sormais trop rares avec la pand\u00e9mie.<\/span><\/p>\n\n\n\n<p><span style=\"color: #999999;\">Certains auteurs et compositeurs amis lui ont offert le bonheur de mettre en musique leurs po\u00e8mes ou d&rsquo;\u00e9crire sur leurs compositions, vous d\u00e9couvrirez ces complicit\u00e9s sur ce site.<\/span><\/p>\n\n\n\n<p><span style=\"color: #999999;\">Michel, a \u00e9galement chant\u00e9 et chante encore en chorale dans le pupitre basse.<\/span><\/p>\n\n\n\n<p><span style=\"color: #999999;\">Ses autres passions sont la moto, l&rsquo;informatique, les ballades, la po\u00e9sie, le cin\u00e9ma, &#8230;<\/span><\/p>\n\n\n\n<p>Michel Bonnargent est auteur et\/ou compositeur de pr\u00e8s d&rsquo;une centaine de chansons et membre de la Sacem,<br>Il travaille en tant qu\u2019auteur, compositeur ou interpr\u00e8te pour d\u2019autres auteurs, compositeurs et artistes.<br>.avec Michel Miot qui a compos\u00e9 \u00ab\u00a0demain je pars\u00a0\u00bb, \u00ab\u00a0parfois\u00a0\u00bb, \u00ab\u00a0j&rsquo;en ai r\u00eav\u00e9\u00a0\u00bb, \u00ab\u00a0je reviendrai\u00a0\u00bb, etc &#8230;<br>.avec Antoinette Bouhourd pour l\u2019interpr\u00e9tation de <a title=\"INTERPRETES\" href=\"http:\/\/michelbonnargent.fr\/?page_id=1074\">\u00ab\u00a0A toi qui\u00a0\u00bb<\/a><br>.avec Eve de Laudec qui a \u00e9crit les textes de \u00ab\u00a0l&rsquo;amour \u00e7a ne s&rsquo;apprend pas\u00a0\u00bb, \u00ab a tempo \u00bb, \u00ab Femme au pass\u00e9 \u00bb et \u00ab Inspir\u2019passion \u00bb<br>.avec Anne Giddey qui a \u00e9crit \u00ab Une vie de lune noire \u00bb<br>.avec Mary Luce Pla qui a \u00e9crit \u00ab La nostalgie cabalerro \u00bb<br>.avec Jean-Jacques Dupuy (auteur et homme de th\u00e9\u00e2tre) qui a \u00e9crit les textes de \u00abAmours tr\u00e8s tr\u00e8s ine \u00bb, \u00ab J\u2019efface \u00bb, \u00ab Oui mais voil\u00e0 \u00bb, \u00ab Roman fleuves \u00bb , \u00ab Plus jamais \u00bb<br>.avec Yves Plamont (parolier professionnel belge) qui a \u00e9crit \u00ab La virgule \u00bb et \u00ab L\u2019ind\u00e9cision \u00bb<br>.avec Gilles Simon qui a \u00e9crit \u00ab Ma plume \u00bb , \u00ab Un coup de biniou \u00bb et \u00ab Prendre de la hauteur \u00bb<br>.avec S\u00e9bastien Cartier qui a compos\u00e9 \u00ab Rien ne sera plus comme avant \u00bb et \u00ab Ma pastorale d\u2019\u00e9t\u00e9 \u00bb (\u00e0 venir)<br>.avec Eden Blu qui a \u00e9crit \u00ab\u00a0pauvre vieux\u00a0\u00bb<br>.avec Didier Floch pour la composition de plusieurs chansons de son futur album<br>Il a interpr\u00e9t\u00e9 \u00ab Irlande \u00bb et \u00ab Une vie \u00bb sur des paroles de Georges Cardot et des compositions de Franck Courth\u00e9oux<br>Il s&rsquo;est produit occasionnellement sur sc\u00e8ne (Paul&rsquo;s Place de Bordeaux, T\u00e9l\u00e9thon, G\u00e9n\u00e9tique Actions, Rythm and Co, rencontres po\u00e9sie, f\u00eate de la musique, \u2026)<br>Il est \u00e9galement co-r\u00e9alisateur d\u2019un spectacle \u00ab la po\u00e9sie se joue des mots \u00bb avec Eve de Laudec, produit \u00e0 Tours en 2012 et \u00e0 Niort en 2013.<br>Il a autoproduit ses CD.<br>Ses chansons sont aussi pr\u00e9sentes sur le CD volume 1 de RadioOpenFM pour \u00ab a tempo \u00bb et sur le CD volume 7 de RadioOpenFM pour \u00ab l\u2019exil\u00e9 \u00bb.<br>Son titre \u00ab\u00a0j\u2019\u00e9crirai en mots bleus\u00a0\u00bb remporte <a title=\"\u00ab\u00a0j\u2019\u00e9crirai en mots bleus\u00a0\u00bb remporte la comp\u00e9tition Buzz Land r\u00e9v\u00e9lation musicale 6\" href=\"http:\/\/michelbonnargent.fr\/?p=1066\">la comp\u00e9tition Buzz Land r\u00e9v\u00e9lation 6<\/a> le 29 d\u00e9cembre 2014.<\/p>\n\n\n\n<p>Dans son petit studio personnel, il travaille \u00e9galement \u00e0 la prise son, au mixage et aux arrangements pour d&rsquo;autres auteurs, compositeurs et artistes.<\/p>\n\n\n\n<h2 class=\"wp-block-heading\"><span style=\"color: #999999;\">promotion<\/span><\/h2>\n\n\n\n<p><span style=\"color: #999999;\">Si vous \u00eates interpr\u00e8te, producteur ou \u00e9diteur de musique et que vous \u00eates int\u00e9ress\u00e9 par ses titres, le contacter.<\/span><br><span style=\"color: #999999;\">De nombreux mp3 sont en vente et en \u00e9coute partielle sur les plateformes musicales et sur la page \u00ab\u00a0<a title=\"boutique\" href=\"http:\/\/michelbonnargent.fr\/?page_id=50\"><span style=\"color: #999999;\">boutique<\/span><\/a>\u00ab\u00a0.<\/span><\/p>\n<div class=\"pvc_clear\"><\/div><p id=\"pvc_stats_22\" class=\"pvc_stats all  \" data-element-id=\"22\" style=\"\"><i class=\"pvc-stats-icon medium\" aria-hidden=\"true\"><svg aria-hidden=\"true\" focusable=\"false\" data-prefix=\"far\" data-icon=\"chart-bar\" role=\"img\" xmlns=\"http:\/\/www.w3.org\/2000\/svg\" viewBox=\"0 0 512 512\" class=\"svg-inline--fa fa-chart-bar fa-w-16 fa-2x\"><path fill=\"currentColor\" d=\"M396.8 352h22.4c6.4 0 12.8-6.4 12.8-12.8V108.8c0-6.4-6.4-12.8-12.8-12.8h-22.4c-6.4 0-12.8 6.4-12.8 12.8v230.4c0 6.4 6.4 12.8 12.8 12.8zm-192 0h22.4c6.4 0 12.8-6.4 12.8-12.8V140.8c0-6.4-6.4-12.8-12.8-12.8h-22.4c-6.4 0-12.8 6.4-12.8 12.8v198.4c0 6.4 6.4 12.8 12.8 12.8zm96 0h22.4c6.4 0 12.8-6.4 12.8-12.8V204.8c0-6.4-6.4-12.8-12.8-12.8h-22.4c-6.4 0-12.8 6.4-12.8 12.8v134.4c0 6.4 6.4 12.8 12.8 12.8zM496 400H48V80c0-8.84-7.16-16-16-16H16C7.16 64 0 71.16 0 80v336c0 17.67 14.33 32 32 32h464c8.84 0 16-7.16 16-16v-16c0-8.84-7.16-16-16-16zm-387.2-48h22.4c6.4 0 12.8-6.4 12.8-12.8v-70.4c0-6.4-6.4-12.8-12.8-12.8h-22.4c-6.4 0-12.8 6.4-12.8 12.8v70.4c0 6.4 6.4 12.8 12.8 12.8z\" class=\"\"><\/path><\/svg><\/i> <img decoding=\"async\" loading=\"lazy\" width=\"16\" height=\"16\" alt=\"Loading\" src=\"https:\/\/www.michelbonnargent.fr\/wp-content\/plugins\/page-views-count\/ajax-loader-2x.gif\" border=0 \/><\/p><div class=\"pvc_clear\"><\/div>","protected":false},"excerpt":{"rendered":"<p>Partag\u00e9 entre sa r\u00e9gion natale, le Bordelais, et la Touraine o\u00f9 il a v\u00e9cu pendant 30 ans, son c\u0153ur navigue entre Loire et Garonne. Michel \u00e9crit des notes sur des mots et des mots sur des notes, qu&rsquo;ils soient de lui ou parfois d&rsquo;autres. Il aime partager ses chansons pour le plaisir de donner du [&hellip;]<\/p>\n<div class=\"pvc_clear\"><\/div>\n<p id=\"pvc_stats_22\" class=\"pvc_stats all  \" data-element-id=\"22\" style=\"\"><i class=\"pvc-stats-icon medium\" aria-hidden=\"true\"><svg aria-hidden=\"true\" focusable=\"false\" data-prefix=\"far\" data-icon=\"chart-bar\" role=\"img\" xmlns=\"http:\/\/www.w3.org\/2000\/svg\" viewBox=\"0 0 512 512\" class=\"svg-inline--fa fa-chart-bar fa-w-16 fa-2x\"><path fill=\"currentColor\" d=\"M396.8 352h22.4c6.4 0 12.8-6.4 12.8-12.8V108.8c0-6.4-6.4-12.8-12.8-12.8h-22.4c-6.4 0-12.8 6.4-12.8 12.8v230.4c0 6.4 6.4 12.8 12.8 12.8zm-192 0h22.4c6.4 0 12.8-6.4 12.8-12.8V140.8c0-6.4-6.4-12.8-12.8-12.8h-22.4c-6.4 0-12.8 6.4-12.8 12.8v198.4c0 6.4 6.4 12.8 12.8 12.8zm96 0h22.4c6.4 0 12.8-6.4 12.8-12.8V204.8c0-6.4-6.4-12.8-12.8-12.8h-22.4c-6.4 0-12.8 6.4-12.8 12.8v134.4c0 6.4 6.4 12.8 12.8 12.8zM496 400H48V80c0-8.84-7.16-16-16-16H16C7.16 64 0 71.16 0 80v336c0 17.67 14.33 32 32 32h464c8.84 0 16-7.16 16-16v-16c0-8.84-7.16-16-16-16zm-387.2-48h22.4c6.4 0 12.8-6.4 12.8-12.8v-70.4c0-6.4-6.4-12.8-12.8-12.8h-22.4c-6.4 0-12.8 6.4-12.8 12.8v70.4c0 6.4 6.4 12.8 12.8 12.8z\" class=\"\"><\/path><\/svg><\/i> <img decoding=\"async\" loading=\"lazy\" width=\"16\" height=\"16\" alt=\"Loading\" src=\"https:\/\/www.michelbonnargent.fr\/wp-content\/plugins\/page-views-count\/ajax-loader-2x.gif\" border=0 \/><\/p>\n<div class=\"pvc_clear\"><\/div>\n","protected":false},"author":1,"featured_media":0,"parent":0,"menu_order":0,"comment_status":"open","ping_status":"open","template":"","meta":{"footnotes":""},"a3_pvc":{"activated":true,"total_views":671,"today_views":0},"_links":{"self":[{"href":"https:\/\/www.michelbonnargent.fr\/accueil\/wp-json\/wp\/v2\/pages\/22"}],"collection":[{"href":"https:\/\/www.michelbonnargent.fr\/accueil\/wp-json\/wp\/v2\/pages"}],"about":[{"href":"https:\/\/www.michelbonnargent.fr\/accueil\/wp-json\/wp\/v2\/types\/page"}],"author":[{"embeddable":true,"href":"https:\/\/www.michelbonnargent.fr\/accueil\/wp-json\/wp\/v2\/users\/1"}],"replies":[{"embeddable":true,"href":"https:\/\/www.michelbonnargent.fr\/accueil\/wp-json\/wp\/v2\/comments?post=22"}],"version-history":[{"count":11,"href":"https:\/\/www.michelbonnargent.fr\/accueil\/wp-json\/wp\/v2\/pages\/22\/revisions"}],"predecessor-version":[{"id":1696,"href":"https:\/\/www.michelbonnargent.fr\/accueil\/wp-json\/wp\/v2\/pages\/22\/revisions\/1696"}],"wp:attachment":[{"href":"https:\/\/www.michelbonnargent.fr\/accueil\/wp-json\/wp\/v2\/media?parent=22"}],"curies":[{"name":"wp","href":"https:\/\/api.w.org\/{rel}","templated":true}]}}