{"id":1480,"date":"2018-01-10T00:58:40","date_gmt":"2018-01-09T23:58:40","guid":{"rendered":"http:\/\/michelbonnargent.fr\/?page_id=1480"},"modified":"2026-02-11T16:16:34","modified_gmt":"2026-02-11T15:16:34","slug":"mes-derniers-titres-en-video","status":"publish","type":"page","link":"https:\/\/www.michelbonnargent.fr\/accueil\/mes-derniers-titres-en-video\/","title":{"rendered":"mes derniers titres en vid\u00e9o"},"content":{"rendered":"\n<h2 class=\"wp-block-heading\">Je ne sais pas<\/h2>\n\n\n\n<figure class=\"wp-block-embed is-type-video is-provider-youtube wp-block-embed-youtube wp-embed-aspect-16-9 wp-has-aspect-ratio\"><div class=\"wp-block-embed__wrapper\">\n<iframe loading=\"lazy\" title=\"Je n&#039;sais pas  - remix 2026\" width=\"630\" height=\"354\" src=\"https:\/\/www.youtube.com\/embed\/1qPXh7eKZLA?feature=oembed\" frameborder=\"0\" allow=\"accelerometer; autoplay; clipboard-write; encrypted-media; gyroscope; picture-in-picture; web-share\" referrerpolicy=\"strict-origin-when-cross-origin\" allowfullscreen><\/iframe>\n<\/div><\/figure>\n\n\n\n<h2 class=\"wp-block-heading\">La lettre &#8211; remix 2025<\/h2>\n\n\n\n<figure class=\"wp-block-embed is-type-video is-provider-youtube wp-block-embed-youtube wp-embed-aspect-4-3 wp-has-aspect-ratio\"><div class=\"wp-block-embed__wrapper\">\n<iframe loading=\"lazy\" title=\"La Lettre (remix 2025)\" width=\"630\" height=\"473\" src=\"https:\/\/www.youtube.com\/embed\/gZeUhosxT0A?feature=oembed\" frameborder=\"0\" allow=\"accelerometer; autoplay; clipboard-write; encrypted-media; gyroscope; picture-in-picture; web-share\" referrerpolicy=\"strict-origin-when-cross-origin\" allowfullscreen><\/iframe>\n<\/div><\/figure>\n\n\n\n<p>Mes autrefois<\/p>\n\n\n\n<figure class=\"wp-block-embed is-type-video is-provider-youtube wp-block-embed-youtube wp-embed-aspect-4-3 wp-has-aspect-ratio\"><div class=\"wp-block-embed__wrapper\">\n<iframe loading=\"lazy\" title=\"Mes autrefois\" width=\"630\" height=\"473\" src=\"https:\/\/www.youtube.com\/embed\/Lhw0CQQia6s?feature=oembed\" frameborder=\"0\" allow=\"accelerometer; autoplay; clipboard-write; encrypted-media; gyroscope; picture-in-picture; web-share\" referrerpolicy=\"strict-origin-when-cross-origin\" allowfullscreen><\/iframe>\n<\/div><\/figure>\n\n\n\n<p>d&rsquo;autres horizons (album)<\/p>\n\n\n<p><iframe loading=\"lazy\" title=\"&quot;d&#039;autres horizons&quot; - bande annonce\" width=\"630\" height=\"473\" src=\"https:\/\/www.youtube.com\/embed\/2WS0_-x9EqY?feature=oembed\" frameborder=\"0\" allow=\"accelerometer; autoplay; clipboard-write; encrypted-media; gyroscope; picture-in-picture; web-share\" referrerpolicy=\"strict-origin-when-cross-origin\" allowfullscreen><\/iframe><\/p>\n\n\n\n<p>La lettre (Eve de Laudec\/Michel Bonnargent)<\/p>\n\n\n<p><iframe loading=\"lazy\" title=\"La lettre\" width=\"630\" height=\"473\" src=\"https:\/\/www.youtube.com\/embed\/ZppJZ0A-2Rc?feature=oembed\" frameborder=\"0\" allow=\"accelerometer; autoplay; clipboard-write; encrypted-media; gyroscope; picture-in-picture; web-share\" referrerpolicy=\"strict-origin-when-cross-origin\" allowfullscreen><\/iframe><\/p>\n\n\n\n<p>L&rsquo;\u00e9crin (Michel Bonnargent)<br>Une chanson, c&rsquo;est un m\u00e9lange de mots et de notes pour essayer d&rsquo;\u00e9crire ce que l&rsquo;on ne sait pas dire.<\/p>\n\n\n<p><iframe loading=\"lazy\" title=\"l&#039;\u00e9crin\" width=\"630\" height=\"473\" src=\"https:\/\/www.youtube.com\/embed\/mIKxpOtN4Rk?feature=oembed\" frameborder=\"0\" allow=\"accelerometer; autoplay; clipboard-write; encrypted-media; gyroscope; picture-in-picture; web-share\" referrerpolicy=\"strict-origin-when-cross-origin\" allowfullscreen><\/iframe><\/p>\n\n\n\n<p>S&rsquo;il me restait des choses \u00e0 faire (Michel Bonnargent)<\/p>\n\n\n<p><iframe loading=\"lazy\" title=\"S&#039;il me restait des choses \u00e0 faire\" width=\"630\" height=\"473\" src=\"https:\/\/www.youtube.com\/embed\/mndtP9uSrrc?feature=oembed\" frameborder=\"0\" allow=\"accelerometer; autoplay; clipboard-write; encrypted-media; gyroscope; picture-in-picture; web-share\" referrerpolicy=\"strict-origin-when-cross-origin\" allowfullscreen><\/iframe><\/p>\n\n\n\n<p>La traversale (Eve de Laudec\/Michel Bonnargent)<\/p>\n\n\n<p><iframe loading=\"lazy\" title=\"La traversale\" width=\"630\" height=\"473\" src=\"https:\/\/www.youtube.com\/embed\/qMYRyq_l654?feature=oembed\" frameborder=\"0\" allow=\"accelerometer; autoplay; clipboard-write; encrypted-media; gyroscope; picture-in-picture; web-share\" referrerpolicy=\"strict-origin-when-cross-origin\" allowfullscreen><\/iframe><\/p>\n\n\n\n<p>A tempo (Eve de Laudec\/Michel Bonnargent)<\/p>\n\n\n<p><iframe loading=\"lazy\" title=\"A tempo\" width=\"630\" height=\"354\" src=\"https:\/\/www.youtube.com\/embed\/T84Heq2VwKE?feature=oembed\" frameborder=\"0\" allow=\"accelerometer; autoplay; clipboard-write; encrypted-media; gyroscope; picture-in-picture; web-share\" referrerpolicy=\"strict-origin-when-cross-origin\" allowfullscreen><\/iframe><\/p>\n\n\n\n<p>le Masque (Eve de Laudec\/Michel Bonnargent)<\/p>\n\n\n<p><iframe loading=\"lazy\" title=\"Le masque\" width=\"630\" height=\"354\" src=\"https:\/\/www.youtube.com\/embed\/fJqnRvjdmao?feature=oembed\" frameborder=\"0\" allow=\"accelerometer; autoplay; clipboard-write; encrypted-media; gyroscope; picture-in-picture; web-share\" referrerpolicy=\"strict-origin-when-cross-origin\" allowfullscreen><\/iframe><\/p>\n\n\n\n<p>Grand bazar (Eve de Laudec\/Michel Bonnargent)<\/p>\n\n\n<p><iframe loading=\"lazy\" title=\"Grand bazar\" width=\"630\" height=\"354\" src=\"https:\/\/www.youtube.com\/embed\/KPpBI1yP_-s?feature=oembed\" frameborder=\"0\" allow=\"accelerometer; autoplay; clipboard-write; encrypted-media; gyroscope; picture-in-picture; web-share\" referrerpolicy=\"strict-origin-when-cross-origin\" allowfullscreen><\/iframe><\/p>\n\n\n\n<p>Ce n&rsquo;est qu&rsquo;une histoire (Michel Bonnargent)<\/p>\n\n\n<p><iframe loading=\"lazy\" title=\"Ce n&#039;est qu&#039;une histoire\" width=\"630\" height=\"473\" src=\"https:\/\/www.youtube.com\/embed\/9RZSCprPdAM?feature=oembed\" frameborder=\"0\" allow=\"accelerometer; autoplay; clipboard-write; encrypted-media; gyroscope; picture-in-picture; web-share\" referrerpolicy=\"strict-origin-when-cross-origin\" allowfullscreen><\/iframe><\/p>\n\n\n\n<p>Les s\u00e9maphores (Michel Bonnargent)<\/p>\n\n\n<p><iframe loading=\"lazy\" title=\"Les s\u00e9maphores\" width=\"630\" height=\"473\" src=\"https:\/\/www.youtube.com\/embed\/Fzhj-oJLXL0?feature=oembed\" frameborder=\"0\" allow=\"accelerometer; autoplay; clipboard-write; encrypted-media; gyroscope; picture-in-picture; web-share\" referrerpolicy=\"strict-origin-when-cross-origin\" allowfullscreen><\/iframe><\/p>\n<div class=\"pvc_clear\"><\/div><p id=\"pvc_stats_1480\" class=\"pvc_stats all  \" data-element-id=\"1480\" style=\"\"><i class=\"pvc-stats-icon medium\" aria-hidden=\"true\"><svg aria-hidden=\"true\" focusable=\"false\" data-prefix=\"far\" data-icon=\"chart-bar\" role=\"img\" xmlns=\"http:\/\/www.w3.org\/2000\/svg\" viewBox=\"0 0 512 512\" class=\"svg-inline--fa fa-chart-bar fa-w-16 fa-2x\"><path fill=\"currentColor\" d=\"M396.8 352h22.4c6.4 0 12.8-6.4 12.8-12.8V108.8c0-6.4-6.4-12.8-12.8-12.8h-22.4c-6.4 0-12.8 6.4-12.8 12.8v230.4c0 6.4 6.4 12.8 12.8 12.8zm-192 0h22.4c6.4 0 12.8-6.4 12.8-12.8V140.8c0-6.4-6.4-12.8-12.8-12.8h-22.4c-6.4 0-12.8 6.4-12.8 12.8v198.4c0 6.4 6.4 12.8 12.8 12.8zm96 0h22.4c6.4 0 12.8-6.4 12.8-12.8V204.8c0-6.4-6.4-12.8-12.8-12.8h-22.4c-6.4 0-12.8 6.4-12.8 12.8v134.4c0 6.4 6.4 12.8 12.8 12.8zM496 400H48V80c0-8.84-7.16-16-16-16H16C7.16 64 0 71.16 0 80v336c0 17.67 14.33 32 32 32h464c8.84 0 16-7.16 16-16v-16c0-8.84-7.16-16-16-16zm-387.2-48h22.4c6.4 0 12.8-6.4 12.8-12.8v-70.4c0-6.4-6.4-12.8-12.8-12.8h-22.4c-6.4 0-12.8 6.4-12.8 12.8v70.4c0 6.4 6.4 12.8 12.8 12.8z\" class=\"\"><\/path><\/svg><\/i> <img decoding=\"async\" loading=\"lazy\" width=\"16\" height=\"16\" alt=\"Loading\" src=\"https:\/\/www.michelbonnargent.fr\/wp-content\/plugins\/page-views-count\/ajax-loader-2x.gif\" border=0 \/><\/p><div class=\"pvc_clear\"><\/div>","protected":false},"excerpt":{"rendered":"<p>Je ne sais pas La lettre &#8211; remix 2025 Mes autrefois d&rsquo;autres horizons (album) La lettre (Eve de Laudec\/Michel Bonnargent) L&rsquo;\u00e9crin (Michel Bonnargent)Une chanson, c&rsquo;est un m\u00e9lange de mots et de notes pour essayer d&rsquo;\u00e9crire ce que l&rsquo;on ne sait pas dire. S&rsquo;il me restait des choses \u00e0 faire (Michel Bonnargent) La traversale (Eve de [&hellip;]<\/p>\n<div class=\"pvc_clear\"><\/div>\n<p id=\"pvc_stats_1480\" class=\"pvc_stats all  \" data-element-id=\"1480\" style=\"\"><i class=\"pvc-stats-icon medium\" aria-hidden=\"true\"><svg aria-hidden=\"true\" focusable=\"false\" data-prefix=\"far\" data-icon=\"chart-bar\" role=\"img\" xmlns=\"http:\/\/www.w3.org\/2000\/svg\" viewBox=\"0 0 512 512\" class=\"svg-inline--fa fa-chart-bar fa-w-16 fa-2x\"><path fill=\"currentColor\" d=\"M396.8 352h22.4c6.4 0 12.8-6.4 12.8-12.8V108.8c0-6.4-6.4-12.8-12.8-12.8h-22.4c-6.4 0-12.8 6.4-12.8 12.8v230.4c0 6.4 6.4 12.8 12.8 12.8zm-192 0h22.4c6.4 0 12.8-6.4 12.8-12.8V140.8c0-6.4-6.4-12.8-12.8-12.8h-22.4c-6.4 0-12.8 6.4-12.8 12.8v198.4c0 6.4 6.4 12.8 12.8 12.8zm96 0h22.4c6.4 0 12.8-6.4 12.8-12.8V204.8c0-6.4-6.4-12.8-12.8-12.8h-22.4c-6.4 0-12.8 6.4-12.8 12.8v134.4c0 6.4 6.4 12.8 12.8 12.8zM496 400H48V80c0-8.84-7.16-16-16-16H16C7.16 64 0 71.16 0 80v336c0 17.67 14.33 32 32 32h464c8.84 0 16-7.16 16-16v-16c0-8.84-7.16-16-16-16zm-387.2-48h22.4c6.4 0 12.8-6.4 12.8-12.8v-70.4c0-6.4-6.4-12.8-12.8-12.8h-22.4c-6.4 0-12.8 6.4-12.8 12.8v70.4c0 6.4 6.4 12.8 12.8 12.8z\" class=\"\"><\/path><\/svg><\/i> <img decoding=\"async\" loading=\"lazy\" width=\"16\" height=\"16\" alt=\"Loading\" src=\"https:\/\/www.michelbonnargent.fr\/wp-content\/plugins\/page-views-count\/ajax-loader-2x.gif\" border=0 \/><\/p>\n<div class=\"pvc_clear\"><\/div>\n","protected":false},"author":1,"featured_media":0,"parent":0,"menu_order":0,"comment_status":"open","ping_status":"open","template":"","meta":{"footnotes":""},"a3_pvc":{"activated":true,"total_views":508,"today_views":0},"_links":{"self":[{"href":"https:\/\/www.michelbonnargent.fr\/accueil\/wp-json\/wp\/v2\/pages\/1480"}],"collection":[{"href":"https:\/\/www.michelbonnargent.fr\/accueil\/wp-json\/wp\/v2\/pages"}],"about":[{"href":"https:\/\/www.michelbonnargent.fr\/accueil\/wp-json\/wp\/v2\/types\/page"}],"author":[{"embeddable":true,"href":"https:\/\/www.michelbonnargent.fr\/accueil\/wp-json\/wp\/v2\/users\/1"}],"replies":[{"embeddable":true,"href":"https:\/\/www.michelbonnargent.fr\/accueil\/wp-json\/wp\/v2\/comments?post=1480"}],"version-history":[{"count":32,"href":"https:\/\/www.michelbonnargent.fr\/accueil\/wp-json\/wp\/v2\/pages\/1480\/revisions"}],"predecessor-version":[{"id":1916,"href":"https:\/\/www.michelbonnargent.fr\/accueil\/wp-json\/wp\/v2\/pages\/1480\/revisions\/1916"}],"wp:attachment":[{"href":"https:\/\/www.michelbonnargent.fr\/accueil\/wp-json\/wp\/v2\/media?parent=1480"}],"curies":[{"name":"wp","href":"https:\/\/api.w.org\/{rel}","templated":true}]}}